{"id":7688,"date":"2025-06-20T10:05:17","date_gmt":"2025-06-20T13:05:17","guid":{"rendered":"https:\/\/hospitalariars.com.br\/?post_type=product&#038;p=7688"},"modified":"2026-03-27T16:03:40","modified_gmt":"2026-03-27T19:03:40","slug":"polihexam-plus-liquido-solucao-de-phmb-02-helianto","status":"publish","type":"product","link":"https:\/\/hospitalariars.com.br\/index.php\/produto\/polihexam-plus-liquido-solucao-de-phmb-02-helianto\/","title":{"rendered":"Polihexam Plus L\u00edquido Solu\u00e7\u00e3o de PHMB 0,2% 100ml &#8211; Helianto"},"content":{"rendered":"<div class=\"elementor-element elementor-element-abe0499 elementor-widget elementor-widget-text-editor\" data-id=\"abe0499\" data-element_type=\"widget\" data-widget_type=\"text-editor.default\">\n<div class=\"elementor-widget-container\">\n<p>Solu\u00e7\u00e3o de limpeza e descontamina\u00e7\u00e3o de feridas, composto com 0,2% de PHMB (Polihexanida) e Beta\u00edna (surfactante). Controla a carga microbiana e o biofilme das feridas agudas ou cr\u00f4nicas. Indicado para limpeza, descontamina\u00e7\u00e3o e umidifica\u00e7\u00e3o do leito da ferida. Prepara o leito da ferida para receber curativo.<\/p>\n<ul>\n<li>Previne e remove biofilme;<\/li>\n<li>Promove limpeza e descontamina\u00e7\u00e3o dos tecidos;<\/li>\n<li>Simples e f\u00e1cil de usar;<\/li>\n<li>N\u00e3o citot\u00f3xico e n\u00e3o irritante;<\/li>\n<li>Baixo potencial alerg\u00eanico;<\/li>\n<li>Diminui odores desagrad\u00e1veis;<\/li>\n<li>Simples e f\u00e1cil de usar;<\/li>\n<li>Compat\u00edvel com outros tipos de curativos;<\/li>\n<li>Pode permanecer aberto at\u00e9 a data de vencimento.<\/li>\n<\/ul>\n<\/div>\n<\/div>\n<div class=\"elementor-element elementor-element-4f29e51 elementor-widget elementor-widget-text-editor\" data-id=\"4f29e51\" data-element_type=\"widget\" data-widget_type=\"text-editor.default\">\n<div class=\"elementor-widget-container\">\n<p>\u00a0Anvisa: Classe IV 80225200023<\/p>\n<p>Apresenta\u00e7\u00e3o: 100 ml<\/p>\n<\/div>\n<\/div>\n","protected":false},"excerpt":{"rendered":"Solu\u00e7\u00e3o de limpeza e descontamina\u00e7\u00e3o de feridas, composto com 0,2% de PHMB (Polihexanida) e Beta\u00edna (surfactante). Controla a&hellip;","protected":false},"featured_media":7775,"comment_status":"open","ping_status":"closed","template":"","meta":{"slim_seo":{"title":"Polihexam Plus L\u00edquido Solu\u00e7\u00e3o de PHMB 0,2% 100ml - Helianto - Hospitalaria RS","description":"Solu\u00e7\u00e3o de limpeza e descontamina\u00e7\u00e3o de feridas, composto com 0,2% de PHMB (Polihexanida) e Beta\u00edna (surfactante). Controla a carga microbiana e o biofilme das"}},"product_brand":[103],"product_cat":[102],"product_tag":[190,191,192,107,189],"class_list":{"0":"post-7688","1":"product","2":"type-product","3":"status-publish","4":"has-post-thumbnail","6":"product_brand-helianto","7":"product_cat-feridas-e-pele","8":"product_tag-descontaminacao-de-feridas","9":"product_tag-diminui-odores-desagradaveis","10":"product_tag-gel-para-limpeza","11":"product_tag-hidratacao","12":"product_tag-solucao-de-limpeza","13":"mbf-entry","15":"first","16":"outofstock","17":"shipping-taxable","18":"purchasable","19":"product-type-simple"},"_links":{"self":[{"href":"https:\/\/hospitalariars.com.br\/index.php\/wp-json\/wp\/v2\/product\/7688","targetHints":{"allow":["GET"]}}],"collection":[{"href":"https:\/\/hospitalariars.com.br\/index.php\/wp-json\/wp\/v2\/product"}],"about":[{"href":"https:\/\/hospitalariars.com.br\/index.php\/wp-json\/wp\/v2\/types\/product"}],"replies":[{"embeddable":true,"href":"https:\/\/hospitalariars.com.br\/index.php\/wp-json\/wp\/v2\/comments?post=7688"}],"wp:featuredmedia":[{"embeddable":true,"href":"https:\/\/hospitalariars.com.br\/index.php\/wp-json\/wp\/v2\/media\/7775"}],"wp:attachment":[{"href":"https:\/\/hospitalariars.com.br\/index.php\/wp-json\/wp\/v2\/media?parent=7688"}],"wp:term":[{"taxonomy":"product_brand","embeddable":true,"href":"https:\/\/hospitalariars.com.br\/index.php\/wp-json\/wp\/v2\/product_brand?post=7688"},{"taxonomy":"product_cat","embeddable":true,"href":"https:\/\/hospitalariars.com.br\/index.php\/wp-json\/wp\/v2\/product_cat?post=7688"},{"taxonomy":"product_tag","embeddable":true,"href":"https:\/\/hospitalariars.com.br\/index.php\/wp-json\/wp\/v2\/product_tag?post=7688"}],"curies":[{"name":"wp","href":"https:\/\/api.w.org\/{rel}","templated":true}]}}