{"id":7691,"date":"2025-06-20T10:13:05","date_gmt":"2025-06-20T13:13:05","guid":{"rendered":"https:\/\/hospitalariars.com.br\/?post_type=product&#038;p=7691"},"modified":"2026-03-27T16:03:40","modified_gmt":"2026-03-27T19:03:40","slug":"polihexam-plus-gel-gel-de-phmb-02-helianto","status":"publish","type":"product","link":"https:\/\/hospitalariars.com.br\/index.php\/produto\/polihexam-plus-gel-gel-de-phmb-02-helianto\/","title":{"rendered":"Polihexam Plus Gel &#8211; Gel de PHMB 0,2% &#8211; 30g | 100g Helianto"},"content":{"rendered":"<div class=\"elementor-element elementor-element-1a7a7d2 elementor-widget elementor-widget-text-editor\" data-id=\"1a7a7d2\" data-element_type=\"widget\" data-widget_type=\"text-editor.default\">\n<div class=\"elementor-widget-container\">\n<p>Gel para limpeza, hidrata\u00e7\u00e3o e descontamina\u00e7\u00e3o de feridas, composto com 0,2% de PHMB (Polihexanida) e Beta\u00edna (surfactante). Controla a carga microbiana e o biofilme das feridas agudas ou cr\u00f4nicas, promove umidade e auxilia no desbridamento autol\u00edtico.<\/p>\n<ul>\n<li>Hidrata o leito da ferida;<\/li>\n<li>Previne e remove biofilme;<\/li>\n<li>Diminui odores desagrad\u00e1veis;<\/li>\n<li>Potente a\u00e7\u00e3o antimicrobiana por at\u00e9 72h<\/li>\n<li>Auxilia e promove o desbridamento seletivo;<\/li>\n<li>Acelera o processo de cicatriza\u00e7\u00e3o;<\/li>\n<li>N\u00e3o citot\u00f3xico e n\u00e3o irritante;<\/li>\n<li>Compat\u00edvel com outros tipos de curativos;<\/li>\n<li>Baixo potencial alerg\u00eanico;<\/li>\n<li>Pode permanecer aberto at\u00e9 a data de vencimento.<\/li>\n<\/ul>\n<\/div>\n<\/div>\n<div class=\"elementor-element elementor-element-1662638 elementor-widget elementor-widget-text-editor\" data-id=\"1662638\" data-element_type=\"widget\" data-widget_type=\"text-editor.default\">\n<div class=\"elementor-widget-container\">\n<p>Anvisa: Classe IV 80225200024<\/p>\n<\/div>\n<\/div>\n","protected":false},"excerpt":{"rendered":"Gel para limpeza, hidrata\u00e7\u00e3o e descontamina\u00e7\u00e3o de feridas, composto com 0,2% de PHMB (Polihexanida) e Beta\u00edna (surfactante). Controla&hellip;","protected":false},"featured_media":7824,"comment_status":"open","ping_status":"closed","template":"","meta":{"slim_seo":{"title":"Polihexam Plus Gel - Gel de PHMB 0,2% - 30g | 100g Helianto - Hospitalaria RS","description":"Gel para limpeza, hidrata\u00e7\u00e3o e descontamina\u00e7\u00e3o de feridas, composto com 0,2% de PHMB (Polihexanida) e Beta\u00edna (surfactante). Controla a carga microbiana e o bio"}},"product_brand":[103],"product_cat":[102],"product_tag":[580,581,524,579,107,583,582],"class_list":{"0":"post-7691","1":"product","2":"type-product","3":"status-publish","4":"has-post-thumbnail","6":"product_brand-helianto","7":"product_cat-feridas-e-pele","8":"product_tag-580","9":"product_tag-acao-antimicrobiana-72h","10":"product_tag-desbridamento-autolitico","11":"product_tag-gel-com-phmb-0","12":"product_tag-hidratacao","13":"product_tag-hidratacao-e-cicatrizacao","14":"product_tag-remocao-de-biofilme","15":"mbf-entry","17":"first","18":"outofstock","19":"shipping-taxable","20":"purchasable","21":"product-type-variable"},"_links":{"self":[{"href":"https:\/\/hospitalariars.com.br\/index.php\/wp-json\/wp\/v2\/product\/7691","targetHints":{"allow":["GET"]}}],"collection":[{"href":"https:\/\/hospitalariars.com.br\/index.php\/wp-json\/wp\/v2\/product"}],"about":[{"href":"https:\/\/hospitalariars.com.br\/index.php\/wp-json\/wp\/v2\/types\/product"}],"replies":[{"embeddable":true,"href":"https:\/\/hospitalariars.com.br\/index.php\/wp-json\/wp\/v2\/comments?post=7691"}],"wp:featuredmedia":[{"embeddable":true,"href":"https:\/\/hospitalariars.com.br\/index.php\/wp-json\/wp\/v2\/media\/7824"}],"wp:attachment":[{"href":"https:\/\/hospitalariars.com.br\/index.php\/wp-json\/wp\/v2\/media?parent=7691"}],"wp:term":[{"taxonomy":"product_brand","embeddable":true,"href":"https:\/\/hospitalariars.com.br\/index.php\/wp-json\/wp\/v2\/product_brand?post=7691"},{"taxonomy":"product_cat","embeddable":true,"href":"https:\/\/hospitalariars.com.br\/index.php\/wp-json\/wp\/v2\/product_cat?post=7691"},{"taxonomy":"product_tag","embeddable":true,"href":"https:\/\/hospitalariars.com.br\/index.php\/wp-json\/wp\/v2\/product_tag?post=7691"}],"curies":[{"name":"wp","href":"https:\/\/api.w.org\/{rel}","templated":true}]}}