{"id":7693,"date":"2025-06-20T10:26:01","date_gmt":"2025-06-20T13:26:01","guid":{"rendered":"https:\/\/hospitalariars.com.br\/?post_type=product&#038;p=7693"},"modified":"2026-03-27T16:03:40","modified_gmt":"2026-03-27T19:03:40","slug":"limpcoll-spray-removedor-de-adesivos-helianto","status":"publish","type":"product","link":"https:\/\/hospitalariars.com.br\/index.php\/produto\/limpcoll-spray-removedor-de-adesivos-helianto\/","title":{"rendered":"Limpcoll Spray Removedor de Adesivos 50ml &#8211; Helianto"},"content":{"rendered":"<div class=\"elementor-element elementor-element-e19faf9 elementor-widget elementor-widget-text-editor\" data-id=\"e19faf9\" data-element_type=\"widget\" data-widget_type=\"text-editor.default\">\n<div class=\"elementor-widget-container\">\n<p>Spray removedor de adesivos com silicone e \u00e1cidos graxos. Forma\u00e7\u00e3o de um filme protetor sob a pele. Indicado na libera\u00e7\u00e3o de adesivos e remo\u00e7\u00e3o de res\u00edduos de cola da pele.<\/p>\n<ul>\n<li>Reduz a dor na troca dos curativos;<\/li>\n<li>Minimiza complica\u00e7\u00f5es e riscos de les\u00f5es;<\/li>\n<li>Secagem r\u00e1pida;<\/li>\n<li>Forma\u00e7\u00e3o de filme protetor;<\/li>\n<li>Livre de \u00e1lcool, \u00e9ter, corantes e fragr\u00e2ncias.<\/li>\n<\/ul>\n<\/div>\n<\/div>\n<div class=\"elementor-element elementor-element-f63e986 elementor-widget elementor-widget-text-editor\" data-id=\"f63e986\" data-element_type=\"widget\" data-widget_type=\"text-editor.default\">\n<div class=\"elementor-widget-container\">\n<p>Apresenta\u00e7\u00e3o: 50ml<\/p>\n<p>&nbsp;<\/p>\n<p>Anvisa: Classe II 80225209004<\/p>\n<\/div>\n<\/div>\n","protected":false},"excerpt":{"rendered":"Spray removedor de adesivos com silicone e \u00e1cidos graxos. Forma\u00e7\u00e3o de um filme protetor sob a pele. Indicado&hellip;","protected":false},"featured_media":7694,"comment_status":"open","ping_status":"closed","template":"","meta":{"slim_seo":{"title":"Limpcoll Spray Removedor de Adesivos 50ml - Helianto - Hospitalaria RS","description":"Spray removedor de adesivos com silicone e \u00e1cidos graxos. Forma\u00e7\u00e3o de um filme protetor sob a pele. Indicado na libera\u00e7\u00e3o de adesivos e remo\u00e7\u00e3o de res\u00edduos de c"}},"product_brand":[103],"product_cat":[102],"product_tag":[184,187,186],"class_list":{"0":"post-7693","1":"product","2":"type-product","3":"status-publish","4":"has-post-thumbnail","6":"product_brand-helianto","7":"product_cat-feridas-e-pele","8":"product_tag-protecao-a-pele","9":"product_tag-reduz-a-dor","10":"product_tag-spray-protetor","11":"mbf-entry","13":"first","14":"outofstock","15":"shipping-taxable","16":"purchasable","17":"product-type-simple"},"_links":{"self":[{"href":"https:\/\/hospitalariars.com.br\/index.php\/wp-json\/wp\/v2\/product\/7693","targetHints":{"allow":["GET"]}}],"collection":[{"href":"https:\/\/hospitalariars.com.br\/index.php\/wp-json\/wp\/v2\/product"}],"about":[{"href":"https:\/\/hospitalariars.com.br\/index.php\/wp-json\/wp\/v2\/types\/product"}],"replies":[{"embeddable":true,"href":"https:\/\/hospitalariars.com.br\/index.php\/wp-json\/wp\/v2\/comments?post=7693"}],"wp:featuredmedia":[{"embeddable":true,"href":"https:\/\/hospitalariars.com.br\/index.php\/wp-json\/wp\/v2\/media\/7694"}],"wp:attachment":[{"href":"https:\/\/hospitalariars.com.br\/index.php\/wp-json\/wp\/v2\/media?parent=7693"}],"wp:term":[{"taxonomy":"product_brand","embeddable":true,"href":"https:\/\/hospitalariars.com.br\/index.php\/wp-json\/wp\/v2\/product_brand?post=7693"},{"taxonomy":"product_cat","embeddable":true,"href":"https:\/\/hospitalariars.com.br\/index.php\/wp-json\/wp\/v2\/product_cat?post=7693"},{"taxonomy":"product_tag","embeddable":true,"href":"https:\/\/hospitalariars.com.br\/index.php\/wp-json\/wp\/v2\/product_tag?post=7693"}],"curies":[{"name":"wp","href":"https:\/\/api.w.org\/{rel}","templated":true}]}}