{"id":7698,"date":"2025-06-20T10:29:43","date_gmt":"2025-06-20T13:29:43","guid":{"rendered":"https:\/\/hospitalariars.com.br\/?post_type=product&#038;p=7698"},"modified":"2026-03-27T16:03:40","modified_gmt":"2026-03-27T19:03:40","slug":"prevderm-spray-protetor-barreira-helianto","status":"publish","type":"product","link":"https:\/\/hospitalariars.com.br\/index.php\/produto\/prevderm-spray-protetor-barreira-helianto\/","title":{"rendered":"Prevderm Spray Protetor Barreira 50ml &#8211; Helianto"},"content":{"rendered":"<div class=\"elementor-element elementor-element-ddf976d elementor-widget elementor-widget-text-editor\" data-id=\"ddf976d\" data-element_type=\"widget\" data-widget_type=\"text-editor.default\">\n<div class=\"elementor-widget-container\">\n<p>Spray protetor barreira composto de 100% silicone. Indicado para a prote\u00e7\u00e3o da pele \u00edntegra ou lesionada. Forma uma pel\u00edcula protetora sobre a pele e promove sua recupera\u00e7\u00e3o.<\/p>\n<ul>\n<li>Previne assaduras;<\/li>\n<li>Protege a pele contra danos agressivos de dejetos e flu\u00eddos corporais, fric\u00e7\u00e3o e do uso de adesivos, como placas e bolsas de ostomia;<\/li>\n<li>Livre de \u00e1lcool;<\/li>\n<li>Totalmente compat\u00edvel com adesivos.<\/li>\n<\/ul>\n<\/div>\n<\/div>\n<div class=\"elementor-element elementor-element-05998fe elementor-widget elementor-widget-text-editor\" data-id=\"05998fe\" data-element_type=\"widget\" data-widget_type=\"text-editor.default\">\n<div class=\"elementor-widget-container\">\n<p>\u00a0Apresenta\u00e7\u00e3o: 50ml<\/p>\n<p>Anvisa: Classe II 80225209007<\/p>\n<\/div>\n<\/div>\n","protected":false},"excerpt":{"rendered":"Spray protetor barreira composto de 100% silicone. Indicado para a prote\u00e7\u00e3o da pele \u00edntegra ou lesionada. Forma uma&hellip;","protected":false},"featured_media":7699,"comment_status":"open","ping_status":"closed","template":"","meta":{"slim_seo":{"title":"Prevderm Spray Protetor Barreira 50ml - Helianto - Hospitalaria RS","description":"Spray protetor barreira composto de 100% silicone. Indicado para a prote\u00e7\u00e3o da pele \u00edntegra ou lesionada. Forma uma pel\u00edcula protetora sobre a pele e promove su"}},"product_brand":[103],"product_cat":[102],"product_tag":[185,184,186],"class_list":{"0":"post-7698","1":"product","2":"type-product","3":"status-publish","4":"has-post-thumbnail","6":"product_brand-helianto","7":"product_cat-feridas-e-pele","8":"product_tag-previne-assaduras","9":"product_tag-protecao-a-pele","10":"product_tag-spray-protetor","11":"mbf-entry","13":"first","14":"outofstock","15":"shipping-taxable","16":"purchasable","17":"product-type-simple"},"_links":{"self":[{"href":"https:\/\/hospitalariars.com.br\/index.php\/wp-json\/wp\/v2\/product\/7698","targetHints":{"allow":["GET"]}}],"collection":[{"href":"https:\/\/hospitalariars.com.br\/index.php\/wp-json\/wp\/v2\/product"}],"about":[{"href":"https:\/\/hospitalariars.com.br\/index.php\/wp-json\/wp\/v2\/types\/product"}],"replies":[{"embeddable":true,"href":"https:\/\/hospitalariars.com.br\/index.php\/wp-json\/wp\/v2\/comments?post=7698"}],"wp:featuredmedia":[{"embeddable":true,"href":"https:\/\/hospitalariars.com.br\/index.php\/wp-json\/wp\/v2\/media\/7699"}],"wp:attachment":[{"href":"https:\/\/hospitalariars.com.br\/index.php\/wp-json\/wp\/v2\/media?parent=7698"}],"wp:term":[{"taxonomy":"product_brand","embeddable":true,"href":"https:\/\/hospitalariars.com.br\/index.php\/wp-json\/wp\/v2\/product_brand?post=7698"},{"taxonomy":"product_cat","embeddable":true,"href":"https:\/\/hospitalariars.com.br\/index.php\/wp-json\/wp\/v2\/product_cat?post=7698"},{"taxonomy":"product_tag","embeddable":true,"href":"https:\/\/hospitalariars.com.br\/index.php\/wp-json\/wp\/v2\/product_tag?post=7698"}],"curies":[{"name":"wp","href":"https:\/\/api.w.org\/{rel}","templated":true}]}}