{"id":7700,"date":"2025-06-20T10:36:53","date_gmt":"2025-06-20T13:36:53","guid":{"rendered":"https:\/\/hospitalariars.com.br\/?post_type=product&#038;p=7700"},"modified":"2026-03-27T16:03:40","modified_gmt":"2026-03-27T19:03:40","slug":"age-derm-compress-malha-nao-aderente-com-age-helianto","status":"publish","type":"product","link":"https:\/\/hospitalariars.com.br\/index.php\/produto\/age-derm-compress-malha-nao-aderente-com-age-helianto\/","title":{"rendered":"Age Derm Compress Malha n\u00e3o aderente com AGE 01 un &#8211; Helianto"},"content":{"rendered":"<div class=\"elementor-element elementor-element-f9d7c6b elementor-widget elementor-widget-text-editor\" data-id=\"f9d7c6b\" data-element_type=\"widget\" data-widget_type=\"text-editor.default\">\n<div class=\"elementor-widget-container\">\n<p>Curativo de Malha N\u00e3o Aderente que protege e previne a ader\u00eancia da cobertura ao leito da ferida, minimizando a dor e o trauma na sua remo\u00e7\u00e3o. Impregnado com \u00e1cidos graxos essenciais e enriquecido com vitaminas A e E. Indicado na prote\u00e7\u00e3o, hidrata\u00e7\u00e3o de feridas e curativos atraum\u00e1ticos.<\/p>\n<ul>\n<li>Malha de algod\u00e3o e poli\u00e9ster;<\/li>\n<li>Recort\u00e1vel no tamanho da ferida sem desfiar ou rasgar;<\/li>\n<li>Estimula e acelera a cicatriza\u00e7\u00e3o;<\/li>\n<li>Cont\u00e9m \u00e1cidos graxos essenciais (AGE);<\/li>\n<li>Cobertura prim\u00e1ria ou secund\u00e1ria.<\/li>\n<\/ul>\n<\/div>\n<\/div>\n<div class=\"elementor-element elementor-element-3fed38f elementor-widget elementor-widget-text-editor\" data-id=\"3fed38f\" data-element_type=\"widget\" data-widget_type=\"text-editor.default\">\n<div class=\"elementor-widget-container\">\n<p>\u00a0Anvisa: Classe III 80225200005<\/p>\n<p>Dimens\u00f5es: 7,5 cm x 7,5 cm (4 dobras) ou\u00a0 7,5 cm x 30 cm (tamanho m\u00e1ximo)<\/p>\n<\/div>\n<\/div>\n","protected":false},"excerpt":{"rendered":"Curativo de Malha N\u00e3o Aderente que protege e previne a ader\u00eancia da cobertura ao leito da ferida, minimizando&hellip;","protected":false},"featured_media":7701,"comment_status":"open","ping_status":"closed","template":"","meta":{"slim_seo":{"title":"Age Derm Compress Malha n\u00e3o aderente com AGE 01 un - Helianto - Hospitalaria RS","description":"Curativo de Malha N\u00e3o Aderente que protege e previne a ader\u00eancia da cobertura ao leito da ferida, minimizando a dor e o trauma na sua remo\u00e7\u00e3o. Impregnado com \u00e1c"}},"product_brand":[103],"product_cat":[102],"product_tag":[500,499,498,181,107,501],"class_list":{"0":"post-7700","1":"product","2":"type-product","3":"status-publish","4":"has-post-thumbnail","6":"product_brand-helianto","7":"product_cat-feridas-e-pele","8":"product_tag-acidos-graxos-essenciais","9":"product_tag-curativo-atraumatico","10":"product_tag-curativo-malha-nao-aderente","11":"product_tag-gaze","12":"product_tag-hidratacao","13":"product_tag-protecao-e-hidratacao-de-feridas","14":"mbf-entry","16":"first","17":"outofstock","18":"shipping-taxable","19":"purchasable","20":"product-type-simple"},"_links":{"self":[{"href":"https:\/\/hospitalariars.com.br\/index.php\/wp-json\/wp\/v2\/product\/7700","targetHints":{"allow":["GET"]}}],"collection":[{"href":"https:\/\/hospitalariars.com.br\/index.php\/wp-json\/wp\/v2\/product"}],"about":[{"href":"https:\/\/hospitalariars.com.br\/index.php\/wp-json\/wp\/v2\/types\/product"}],"replies":[{"embeddable":true,"href":"https:\/\/hospitalariars.com.br\/index.php\/wp-json\/wp\/v2\/comments?post=7700"}],"wp:featuredmedia":[{"embeddable":true,"href":"https:\/\/hospitalariars.com.br\/index.php\/wp-json\/wp\/v2\/media\/7701"}],"wp:attachment":[{"href":"https:\/\/hospitalariars.com.br\/index.php\/wp-json\/wp\/v2\/media?parent=7700"}],"wp:term":[{"taxonomy":"product_brand","embeddable":true,"href":"https:\/\/hospitalariars.com.br\/index.php\/wp-json\/wp\/v2\/product_brand?post=7700"},{"taxonomy":"product_cat","embeddable":true,"href":"https:\/\/hospitalariars.com.br\/index.php\/wp-json\/wp\/v2\/product_cat?post=7700"},{"taxonomy":"product_tag","embeddable":true,"href":"https:\/\/hospitalariars.com.br\/index.php\/wp-json\/wp\/v2\/product_tag?post=7700"}],"curies":[{"name":"wp","href":"https:\/\/api.w.org\/{rel}","templated":true}]}}