{"id":7702,"date":"2025-06-20T10:38:45","date_gmt":"2025-06-20T13:38:45","guid":{"rendered":"https:\/\/hospitalariars.com.br\/?post_type=product&#038;p=7702"},"modified":"2026-03-27T16:03:40","modified_gmt":"2026-03-27T19:03:40","slug":"petrolatum-compress-malha-nao-aderente-com-petrolatum-helianto","status":"publish","type":"product","link":"https:\/\/hospitalariars.com.br\/index.php\/produto\/petrolatum-compress-malha-nao-aderente-com-petrolatum-helianto\/","title":{"rendered":"Petrolatum Compress Malha n\u00e3o aderente com Petrolatum 01 un &#8211; Helianto"},"content":{"rendered":"<div class=\"elementor-element elementor-element-7a9fc00 elementor-widget elementor-widget-text-editor\" data-id=\"7a9fc00\" data-element_type=\"widget\" data-widget_type=\"text-editor.default\">\n<div class=\"elementor-widget-container\">\n<p>Curativo de Malha N\u00e3o Aderente que protege e previne a ader\u00eancia da cobertura ao leito da ferida, minimizando dor e trauma na sua remo\u00e7\u00e3o. Impregnado com emuls\u00e3o umectante \u00e0 base de Petrolato e Lanolina. Indicado na prote\u00e7\u00e3o, hidrata\u00e7\u00e3o de feridas e curativos atraum\u00e1ticos.<\/p>\n<ul>\n<li>Recort\u00e1vel no tamanho da ferida sem desfiar ou rasgar;<\/li>\n<li>Cobertura prim\u00e1ria ou secund\u00e1ria;<\/li>\n<li>Estimula e acelera a cicatriza\u00e7\u00e3o;<\/li>\n<li>Cont\u00e9m Petrolato e Lanolina.<\/li>\n<\/ul>\n<\/div>\n<\/div>\n<div class=\"elementor-element elementor-element-505b2ee elementor-widget elementor-widget-text-editor\" data-id=\"505b2ee\" data-element_type=\"widget\" data-widget_type=\"text-editor.default\">\n<div class=\"elementor-widget-container\">\n<p>Anvisa: Classe III 80225200016<\/p>\n<p>Dimens\u00e3o: 7,5 cm x 7,5 cm (4 dobras) e 7,6 cm x 20,3 cm<\/p>\n<\/div>\n<\/div>\n","protected":false},"excerpt":{"rendered":"Curativo de Malha N\u00e3o Aderente que protege e previne a ader\u00eancia da cobertura ao leito da ferida, minimizando&hellip;","protected":false},"featured_media":7703,"comment_status":"open","ping_status":"closed","template":"","meta":{"slim_seo":{"title":"Petrolatum Compress Malha n\u00e3o aderente com Petrolatum 01 un - Helianto - Hospitalaria RS","description":"Curativo de Malha N\u00e3o Aderente que protege e previne a ader\u00eancia da cobertura ao leito da ferida, minimizando dor e trauma na sua remo\u00e7\u00e3o. Impregnado com emuls\u00e3"}},"product_brand":[103],"product_cat":[102],"product_tag":[499,573,572,107,570,571],"class_list":{"0":"post-7702","1":"product","2":"type-product","3":"status-publish","4":"has-post-thumbnail","6":"product_brand-helianto","7":"product_cat-feridas-e-pele","8":"product_tag-curativo-atraumatico","9":"product_tag-curativo-nao-aderente","10":"product_tag-curativo-recortavel","11":"product_tag-hidratacao","12":"product_tag-malha-com-petrolato-e-lanolina","13":"product_tag-protecao-para-feridas","14":"mbf-entry","16":"first","17":"outofstock","18":"shipping-taxable","19":"purchasable","20":"product-type-simple"},"_links":{"self":[{"href":"https:\/\/hospitalariars.com.br\/index.php\/wp-json\/wp\/v2\/product\/7702","targetHints":{"allow":["GET"]}}],"collection":[{"href":"https:\/\/hospitalariars.com.br\/index.php\/wp-json\/wp\/v2\/product"}],"about":[{"href":"https:\/\/hospitalariars.com.br\/index.php\/wp-json\/wp\/v2\/types\/product"}],"replies":[{"embeddable":true,"href":"https:\/\/hospitalariars.com.br\/index.php\/wp-json\/wp\/v2\/comments?post=7702"}],"wp:featuredmedia":[{"embeddable":true,"href":"https:\/\/hospitalariars.com.br\/index.php\/wp-json\/wp\/v2\/media\/7703"}],"wp:attachment":[{"href":"https:\/\/hospitalariars.com.br\/index.php\/wp-json\/wp\/v2\/media?parent=7702"}],"wp:term":[{"taxonomy":"product_brand","embeddable":true,"href":"https:\/\/hospitalariars.com.br\/index.php\/wp-json\/wp\/v2\/product_brand?post=7702"},{"taxonomy":"product_cat","embeddable":true,"href":"https:\/\/hospitalariars.com.br\/index.php\/wp-json\/wp\/v2\/product_cat?post=7702"},{"taxonomy":"product_tag","embeddable":true,"href":"https:\/\/hospitalariars.com.br\/index.php\/wp-json\/wp\/v2\/product_tag?post=7702"}],"curies":[{"name":"wp","href":"https:\/\/api.w.org\/{rel}","templated":true}]}}