{"id":7704,"date":"2025-06-20T10:42:49","date_gmt":"2025-06-20T13:42:49","guid":{"rendered":"https:\/\/hospitalariars.com.br\/?post_type=product&#038;p=7704"},"modified":"2026-03-27T16:03:40","modified_gmt":"2026-03-27T19:03:40","slug":"polyumecta-compress-malha-nao-aderente-com-phmb-e-age-helianto","status":"publish","type":"product","link":"https:\/\/hospitalariars.com.br\/index.php\/produto\/polyumecta-compress-malha-nao-aderente-com-phmb-e-age-helianto\/","title":{"rendered":"Polyumecta Compress Malha n\u00e3o aderente com PHMB e AGE 01 un &#8211; Helianto"},"content":{"rendered":"<div class=\"elementor-element elementor-element-6877169 elementor-widget elementor-widget-text-editor\" data-id=\"6877169\" data-element_type=\"widget\" data-widget_type=\"text-editor.default\">\n<div class=\"elementor-widget-container\">\n<p>Curativo de Malha N\u00e3o Aderente que protege e previne a ader\u00eancia da cobertura ao leito da ferida, minimizando dor e trauma na sua remo\u00e7\u00e3o. Impregnado com creme de PHMB 0,1% e AGE. Indicado na prote\u00e7\u00e3o, hidrata\u00e7\u00e3o e descontamina\u00e7\u00e3o em todos os tipos de feridas.<\/p>\n<ul>\n<li>Malha de algod\u00e3o e poli\u00e9ster, recort\u00e1vel no tamanho da ferida sem desfiar ou rasgar;<\/li>\n<li>Potente a\u00e7\u00e3o antimicrobiana por at\u00e9 72 horas;<\/li>\n<li>Acelera o processo de cicatriza\u00e7\u00e3o e auxilia no desbridamento seletivo;<\/li>\n<li>Estimula a cria\u00e7\u00e3o de novos vasos sangu\u00edneos e prolifera\u00e7\u00e3o celular.<\/li>\n<\/ul>\n<\/div>\n<\/div>\n<div class=\"elementor-element elementor-element-c08846b elementor-widget elementor-widget-text-editor\" data-id=\"c08846b\" data-element_type=\"widget\" data-widget_type=\"text-editor.default\">\n<div class=\"elementor-widget-container\">\n<p>Anvisa: Classe IV 80225200030<\/p>\n<p>Dimens\u00f5es: 10,2 cm x 6 m e 7,5 cm x 20,3 cm<\/p>\n<\/div>\n<\/div>\n","protected":false},"excerpt":{"rendered":"Curativo de Malha N\u00e3o Aderente que protege e previne a ader\u00eancia da cobertura ao leito da ferida, minimizando&hellip;","protected":false},"featured_media":7705,"comment_status":"open","ping_status":"closed","template":"","meta":{"slim_seo":{"title":"Polyumecta Compress Malha n\u00e3o aderente com PHMB e AGE 01 un - Helianto - Hospitalaria RS","description":"Curativo de Malha N\u00e3o Aderente que protege e previne a ader\u00eancia da cobertura ao leito da ferida, minimizando dor e trauma na sua remo\u00e7\u00e3o. Impregnado com creme"}},"product_brand":[103],"product_cat":[102],"product_tag":[591,592,107,590,589],"class_list":{"0":"post-7704","1":"product","2":"type-product","3":"status-publish","4":"has-post-thumbnail","6":"product_brand-helianto","7":"product_cat-feridas-e-pele","8":"product_tag-auxilia-no-desbridamento","9":"product_tag-estimula-cicatrizacao-e-angiogenese","10":"product_tag-hidratacao","11":"product_tag-hidratacao-com-acidos-graxos-essenciais","12":"product_tag-malha-nao-aderente-antimicrobiana","13":"mbf-entry","15":"first","16":"outofstock","17":"shipping-taxable","18":"purchasable","19":"product-type-simple"},"_links":{"self":[{"href":"https:\/\/hospitalariars.com.br\/index.php\/wp-json\/wp\/v2\/product\/7704","targetHints":{"allow":["GET"]}}],"collection":[{"href":"https:\/\/hospitalariars.com.br\/index.php\/wp-json\/wp\/v2\/product"}],"about":[{"href":"https:\/\/hospitalariars.com.br\/index.php\/wp-json\/wp\/v2\/types\/product"}],"replies":[{"embeddable":true,"href":"https:\/\/hospitalariars.com.br\/index.php\/wp-json\/wp\/v2\/comments?post=7704"}],"wp:featuredmedia":[{"embeddable":true,"href":"https:\/\/hospitalariars.com.br\/index.php\/wp-json\/wp\/v2\/media\/7705"}],"wp:attachment":[{"href":"https:\/\/hospitalariars.com.br\/index.php\/wp-json\/wp\/v2\/media?parent=7704"}],"wp:term":[{"taxonomy":"product_brand","embeddable":true,"href":"https:\/\/hospitalariars.com.br\/index.php\/wp-json\/wp\/v2\/product_brand?post=7704"},{"taxonomy":"product_cat","embeddable":true,"href":"https:\/\/hospitalariars.com.br\/index.php\/wp-json\/wp\/v2\/product_cat?post=7704"},{"taxonomy":"product_tag","embeddable":true,"href":"https:\/\/hospitalariars.com.br\/index.php\/wp-json\/wp\/v2\/product_tag?post=7704"}],"curies":[{"name":"wp","href":"https:\/\/api.w.org\/{rel}","templated":true}]}}