{"id":7706,"date":"2025-06-20T10:46:17","date_gmt":"2025-06-20T13:46:17","guid":{"rendered":"https:\/\/hospitalariars.com.br\/?post_type=product&#038;p=7706"},"modified":"2026-03-27T16:03:40","modified_gmt":"2026-03-27T19:03:40","slug":"unnaflex-bandagem-com-oxido-de-zinco-helianto","status":"publish","type":"product","link":"https:\/\/hospitalariars.com.br\/index.php\/produto\/unnaflex-bandagem-com-oxido-de-zinco-helianto\/","title":{"rendered":"Unnaflex Bandagem com \u00d3xido de Zinco 01 un &#8211; Helianto"},"content":{"rendered":"<div class=\"elementor-element elementor-element-be78318 elementor-widget elementor-widget-text-editor\" data-id=\"be78318\" data-element_type=\"widget\" data-widget_type=\"text-editor.default\">\n<div class=\"elementor-widget-container\">\n<p>Bota de Unna para terapia de conten\u00e7\u00e3o, composta por malha de poli\u00e9ster e algod\u00e3o, impregnada com \u00f3xido de zinco, glicerina, petrolato branco, \u00f3leo de castor e gomas. Indicado no tratamento de \u00falceras venosas e linfedemas.<\/p>\n<ul>\n<li>Bandagem de algod\u00e3o e poli\u00e9ster;<\/li>\n<li>Impregna\u00e7\u00e3o uniforme, mantendo-se \u00famida por 7 dias;<\/li>\n<li>Favorece a drenagem e o retorno venoso;<\/li>\n<li>Molda-se facilmente aos contornos da perna;<\/li>\n<li>Acelera e beneficia a cicatriza\u00e7\u00e3o;<\/li>\n<\/ul>\n<\/div>\n<\/div>\n<div class=\"elementor-element elementor-element-d2e1175 elementor-widget elementor-widget-text-editor\" data-id=\"d2e1175\" data-element_type=\"widget\" data-widget_type=\"text-editor.default\">\n<div class=\"elementor-widget-container\">\n<p>\u00a0Anvisa: Classe IV 80225200004<\/p>\n<p>Dimens\u00f5es: 10,2 cm x 9,14 m<\/p>\n<\/div>\n<\/div>\n","protected":false},"excerpt":{"rendered":"Bota de Unna para terapia de conten\u00e7\u00e3o, composta por malha de poli\u00e9ster e algod\u00e3o, impregnada com \u00f3xido de&hellip;","protected":false},"featured_media":7707,"comment_status":"open","ping_status":"closed","template":"","meta":{"slim_seo":{"title":"Unnaflex Bandagem com \u00d3xido de Zinco 01 un - Helianto - Hospitalaria RS","description":"Bota de Unna para terapia de conten\u00e7\u00e3o, composta por malha de poli\u00e9ster e algod\u00e3o, impregnada com \u00f3xido de zinco, glicerina, petrolato branco, \u00f3leo de castor e"}},"product_brand":[103],"product_cat":[102],"product_tag":[183,182,181],"class_list":{"0":"post-7706","1":"product","2":"type-product","3":"status-publish","4":"has-post-thumbnail","6":"product_brand-helianto","7":"product_cat-feridas-e-pele","8":"product_tag-cicatrizacao","9":"product_tag-curativo","10":"product_tag-gaze","11":"mbf-entry","13":"first","14":"outofstock","15":"shipping-taxable","16":"purchasable","17":"product-type-simple"},"_links":{"self":[{"href":"https:\/\/hospitalariars.com.br\/index.php\/wp-json\/wp\/v2\/product\/7706","targetHints":{"allow":["GET"]}}],"collection":[{"href":"https:\/\/hospitalariars.com.br\/index.php\/wp-json\/wp\/v2\/product"}],"about":[{"href":"https:\/\/hospitalariars.com.br\/index.php\/wp-json\/wp\/v2\/types\/product"}],"replies":[{"embeddable":true,"href":"https:\/\/hospitalariars.com.br\/index.php\/wp-json\/wp\/v2\/comments?post=7706"}],"wp:featuredmedia":[{"embeddable":true,"href":"https:\/\/hospitalariars.com.br\/index.php\/wp-json\/wp\/v2\/media\/7707"}],"wp:attachment":[{"href":"https:\/\/hospitalariars.com.br\/index.php\/wp-json\/wp\/v2\/media?parent=7706"}],"wp:term":[{"taxonomy":"product_brand","embeddable":true,"href":"https:\/\/hospitalariars.com.br\/index.php\/wp-json\/wp\/v2\/product_brand?post=7706"},{"taxonomy":"product_cat","embeddable":true,"href":"https:\/\/hospitalariars.com.br\/index.php\/wp-json\/wp\/v2\/product_cat?post=7706"},{"taxonomy":"product_tag","embeddable":true,"href":"https:\/\/hospitalariars.com.br\/index.php\/wp-json\/wp\/v2\/product_tag?post=7706"}],"curies":[{"name":"wp","href":"https:\/\/api.w.org\/{rel}","templated":true}]}}