{"id":7708,"date":"2025-06-20T10:47:57","date_gmt":"2025-06-20T13:47:57","guid":{"rendered":"https:\/\/hospitalariars.com.br\/?post_type=product&#038;p=7708"},"modified":"2026-03-27T16:03:40","modified_gmt":"2026-03-27T19:03:40","slug":"polihexam-umecta-bandagem-com-phmb-e-age-helianto","status":"publish","type":"product","link":"https:\/\/hospitalariars.com.br\/index.php\/produto\/polihexam-umecta-bandagem-com-phmb-e-age-helianto\/","title":{"rendered":"Polihexam Umecta Bandagem com PHMB e AGE 01 un &#8211; Helianto"},"content":{"rendered":"<div class=\"elementor-element elementor-element-e38d181 elementor-widget elementor-widget-text-editor\" data-id=\"e38d181\" data-element_type=\"widget\" data-widget_type=\"text-editor.default\">\n<div class=\"elementor-widget-container\">\n<p>Bandagem impregnada com creme hidratante n\u00e3o i\u00f4nico \u00e0 base de \u00e1cidos graxos poliinsaturados (\u00f3leo de girassol) e PHMB 0,1% (polihexanida). Indicado no tratamento de \u00falceras venosas e linfedemas.<\/p>\n<ul>\n<li>Bandagem de algod\u00e3o e poli\u00e9ster;<\/li>\n<li>Molda-se facilmente aos contornos da perna;<\/li>\n<li>N\u00e3o aderente, dispensando cobertura prim\u00e1ria na ferida;<\/li>\n<li>Hidrata e estimula a cria\u00e7\u00e3o de novos vasos sangu\u00edneos e prolifera\u00e7\u00e3o celular;<\/li>\n<li>Potente a\u00e7\u00e3o antimicrobiana;<\/li>\n<li>Acelera e beneficia a cicatriza\u00e7\u00e3o.<\/li>\n<\/ul>\n<\/div>\n<\/div>\n<div class=\"elementor-element elementor-element-d5b9931 elementor-widget elementor-widget-text-editor\" data-id=\"d5b9931\" data-element_type=\"widget\" data-widget_type=\"text-editor.default\">\n<div class=\"elementor-widget-container\">\n<p>\u00a0Anvisa: Classe IV 80225200018<\/p>\n<p>Dimens\u00f5es: 10,2 cm x 9,14 m<\/p>\n<\/div>\n<\/div>\n","protected":false},"excerpt":{"rendered":"Bandagem impregnada com creme hidratante n\u00e3o i\u00f4nico \u00e0 base de \u00e1cidos graxos poliinsaturados (\u00f3leo de girassol) e PHMB&hellip;","protected":false},"featured_media":7710,"comment_status":"open","ping_status":"closed","template":"","meta":{"slim_seo":{"title":"Polihexam Umecta Bandagem com PHMB e AGE 01 un - Helianto - Hospitalaria RS","description":"Bandagem impregnada com creme hidratante n\u00e3o i\u00f4nico \u00e0 base de \u00e1cidos graxos poliinsaturados (\u00f3leo de girassol) e PHMB 0,1% (polihexanida). Indicado no tratament"}},"product_brand":[103],"product_cat":[102],"product_tag":[586,584,588,107,587,585],"class_list":{"0":"post-7708","1":"product","2":"type-product","3":"status-publish","4":"has-post-thumbnail","6":"product_brand-helianto","7":"product_cat-feridas-e-pele","8":"product_tag-acao-antimicrobiana","9":"product_tag-bandagem-com-phmb-0","10":"product_tag-cicatrizacao-acelerada","11":"product_tag-hidratacao","12":"product_tag-hidratacao-com-oleo-de-girassol","13":"product_tag-tratamento-de-ulcera-venosa","14":"mbf-entry","16":"first","17":"outofstock","18":"shipping-taxable","19":"purchasable","20":"product-type-simple"},"_links":{"self":[{"href":"https:\/\/hospitalariars.com.br\/index.php\/wp-json\/wp\/v2\/product\/7708","targetHints":{"allow":["GET"]}}],"collection":[{"href":"https:\/\/hospitalariars.com.br\/index.php\/wp-json\/wp\/v2\/product"}],"about":[{"href":"https:\/\/hospitalariars.com.br\/index.php\/wp-json\/wp\/v2\/types\/product"}],"replies":[{"embeddable":true,"href":"https:\/\/hospitalariars.com.br\/index.php\/wp-json\/wp\/v2\/comments?post=7708"}],"wp:featuredmedia":[{"embeddable":true,"href":"https:\/\/hospitalariars.com.br\/index.php\/wp-json\/wp\/v2\/media\/7710"}],"wp:attachment":[{"href":"https:\/\/hospitalariars.com.br\/index.php\/wp-json\/wp\/v2\/media?parent=7708"}],"wp:term":[{"taxonomy":"product_brand","embeddable":true,"href":"https:\/\/hospitalariars.com.br\/index.php\/wp-json\/wp\/v2\/product_brand?post=7708"},{"taxonomy":"product_cat","embeddable":true,"href":"https:\/\/hospitalariars.com.br\/index.php\/wp-json\/wp\/v2\/product_cat?post=7708"},{"taxonomy":"product_tag","embeddable":true,"href":"https:\/\/hospitalariars.com.br\/index.php\/wp-json\/wp\/v2\/product_tag?post=7708"}],"curies":[{"name":"wp","href":"https:\/\/api.w.org\/{rel}","templated":true}]}}