{"id":7866,"date":"2025-06-24T17:50:02","date_gmt":"2025-06-24T20:50:02","guid":{"rendered":"https:\/\/hospitalariars.com.br\/?post_type=product&#038;p=7866"},"modified":"2026-03-27T16:03:39","modified_gmt":"2026-03-27T19:03:39","slug":"luva-cirurgica-esteril-de-latex-com-po-medix","status":"publish","type":"product","link":"https:\/\/hospitalariars.com.br\/index.php\/produto\/luva-cirurgica-esteril-de-latex-com-po-medix\/","title":{"rendered":"Luva Cir\u00fargica Est\u00e9ril de L\u00e1tex Com P\u00f3 &#8211; Medix"},"content":{"rendered":"<div class=\"card__header\">\n<h2 class=\"card__title heading h3\">Descri\u00e7\u00e3o<\/h2>\n<\/div>\n<div class=\"card__section\">\n<div class=\"rte text--pull\">\n<h2><b>Apresenta\u00e7\u00e3o<\/b><\/h2>\n<p>A Luva Cir\u00fargica Est\u00e9ril \u00e9 feita\u00a0com l\u00e1tex de borracha 100% natural*.<\/p>\n<p>Texturizada na palma da m\u00e3o, anat\u00f4mica, contendo p\u00f3 de amido de milho bioabsorv\u00edvel em seu interior e punho com acabamento enrolado no seu fim, \u00e9 de\u00a0f\u00e1cil coloca\u00e7\u00e3o e retirada.<\/p>\n<p>Esterilizada por GAMA, \u00e9 indicada para procedimentos cir\u00fargicos e proporciona uma barreira contra contamina\u00e7\u00e3o.<\/p>\n<p>Produto descart\u00e1vel e de uso \u00fanico. Proibido reprocessar e necess\u00e1rio descartar em local para materiais contaminados ap\u00f3s o uso.<\/p>\n<h2><b>Benef\u00edcios<\/b><\/h2>\n<ul>\n<li>Esterilizada por GAMA;<\/li>\n<li>Anat\u00f4mica;<\/li>\n<li>Com p\u00f3.<\/li>\n<\/ul>\n<h2><b>Modo de Uso<\/b><\/h2>\n<ol>\n<li>Verifique o tamanho adequado para suas m\u00e3os;<\/li>\n<li>Verifique a integridade da embalagem;<\/li>\n<li>Realize a higiene das m\u00e3os, assegure que as m\u00e3os estejam limpas e secas para o passo seguinte;<\/li>\n<li>Retire a luva da embalagem o mais pr\u00f3ximo poss\u00edvel do momento do uso;<\/li>\n<li>Calce a luva cuidadosamente, sem an\u00e9is, pulseiras, rel\u00f3gios ou outros acess\u00f3rios que possam perfurar o produto;<\/li>\n<li>Ap\u00f3s o uso, retire a luva e descarte-a imediatamente em local em local para materiais contaminados;<\/li>\n<li>Realize a higiene das m\u00e3os.<\/li>\n<\/ol>\n<p>*Cont\u00e9m l\u00e1tex natural. Pode causar alergia.<br \/>\nN\u00e3o reutilizar ou esterilizar ap\u00f3s o uso. PROIBIDO REPROCESSAR.<\/p>\n<h2><b>Indica\u00e7\u00f5es de Uso<\/b><\/h2>\n<p>Destinada aos procedimentos cir\u00fargicos e aos que oferecem risco de contamina\u00e7\u00e3o por pat\u00f3genos. Utilizada para a prote\u00e7\u00e3o contra agentes biol\u00f3gicos.<\/p>\n<h2><b>Especifica\u00e7\u00e3o T\u00e9cnica<\/b><\/h2>\n<ul>\n<li>Cont\u00e9m p\u00f3 de amido de milho bioabsorv\u00edvel em seu interior;<\/li>\n<li>Possui punho com acabamento enrolado;<\/li>\n<li>Embalada em papel grau cir\u00fargico;<\/li>\n<li>Texturizada na palma da m\u00e3o;<\/li>\n<li>Esterilizada por GAMA;<\/li>\n<li>De uso \u00fanico;<\/li>\n<li>Descart\u00e1vel;<\/li>\n<li>Anat\u00f4mica.<\/li>\n<li>Material: l\u00e1tex de borracha 100% natural.<\/li>\n<li>Cor: natural.<\/li>\n<li>Tamanhos: 7.0 , 8.0<\/li>\n<li>Validade: v\u00e1lida por 3 anos caso a embalagem n\u00e3o seja danificada. Esteriliza\u00e7\u00e3o v\u00e1lida por tr\u00eas anos caso a embalagem n\u00e3o seja danificada.<\/li>\n<li>Embalagem:\u00a0envelope contendo um par de luvas esterilizadas.<\/li>\n<li>Dimens\u00f5es embalagem: 25cm(c) x 13,5cm(l) x 5mm(a).<\/li>\n<li>Peso embalagem: 7.0, 8.0 (30g)<\/li>\n<li>Possui selo Inmetro<\/li>\n<li>Possui Registro Anvisa<\/li>\n<li>Possui CA de prote\u00e7\u00e3o contra riscos biol\u00f3gicos<\/li>\n<\/ul>\n<\/div>\n<\/div>\n","protected":false},"excerpt":{"rendered":"Descri\u00e7\u00e3o Apresenta\u00e7\u00e3o A Luva Cir\u00fargica Est\u00e9ril \u00e9 feita\u00a0com l\u00e1tex de borracha 100% natural*. Texturizada na palma da m\u00e3o,&hellip;","protected":false},"featured_media":7869,"comment_status":"open","ping_status":"closed","template":"","meta":{"slim_seo":{"title":"Luva Cir\u00fargica Est\u00e9ril de L\u00e1tex Com P\u00f3 - Medix - Hospitalaria RS","description":"Descri\u00e7\u00e3o Apresenta\u00e7\u00e3o A Luva Cir\u00fargica Est\u00e9ril \u00e9 feita\u00a0com l\u00e1tex de borracha 100% natural*. Texturizada na palma da m\u00e3o, anat\u00f4mica, contendo p\u00f3 de amido de mil"}},"product_brand":[77],"product_cat":[36],"product_tag":[609,613,612,610,611],"class_list":{"0":"post-7866","1":"product","2":"type-product","3":"status-publish","4":"has-post-thumbnail","6":"product_brand-medix","7":"product_cat-materiais-de-consumo","8":"product_tag-luva-cirurgica-com-po","9":"product_tag-luva-com-protecao-biologica","10":"product_tag-luva-com-registro-anvisa","11":"product_tag-luva-de-latex-esteril","12":"product_tag-luva-descartavel-anatomica","13":"mbf-entry","15":"first","16":"outofstock","17":"shipping-taxable","18":"purchasable","19":"product-type-variable"},"_links":{"self":[{"href":"https:\/\/hospitalariars.com.br\/index.php\/wp-json\/wp\/v2\/product\/7866","targetHints":{"allow":["GET"]}}],"collection":[{"href":"https:\/\/hospitalariars.com.br\/index.php\/wp-json\/wp\/v2\/product"}],"about":[{"href":"https:\/\/hospitalariars.com.br\/index.php\/wp-json\/wp\/v2\/types\/product"}],"replies":[{"embeddable":true,"href":"https:\/\/hospitalariars.com.br\/index.php\/wp-json\/wp\/v2\/comments?post=7866"}],"wp:featuredmedia":[{"embeddable":true,"href":"https:\/\/hospitalariars.com.br\/index.php\/wp-json\/wp\/v2\/media\/7869"}],"wp:attachment":[{"href":"https:\/\/hospitalariars.com.br\/index.php\/wp-json\/wp\/v2\/media?parent=7866"}],"wp:term":[{"taxonomy":"product_brand","embeddable":true,"href":"https:\/\/hospitalariars.com.br\/index.php\/wp-json\/wp\/v2\/product_brand?post=7866"},{"taxonomy":"product_cat","embeddable":true,"href":"https:\/\/hospitalariars.com.br\/index.php\/wp-json\/wp\/v2\/product_cat?post=7866"},{"taxonomy":"product_tag","embeddable":true,"href":"https:\/\/hospitalariars.com.br\/index.php\/wp-json\/wp\/v2\/product_tag?post=7866"}],"curies":[{"name":"wp","href":"https:\/\/api.w.org\/{rel}","templated":true}]}}