{"id":7887,"date":"2025-06-25T15:34:30","date_gmt":"2025-06-25T18:34:30","guid":{"rendered":"https:\/\/hospitalariars.com.br\/?post_type=product&#038;p=7887"},"modified":"2026-03-27T16:03:39","modified_gmt":"2026-03-27T19:03:39","slug":"pa-adesiva-descartavel-infantil-instramed","status":"publish","type":"product","link":"https:\/\/hospitalariars.com.br\/index.php\/produto\/pa-adesiva-descartavel-infantil-instramed\/","title":{"rendered":"P\u00e1 adesiva descart\u00e1vel Infantil &#8211; Instramed"},"content":{"rendered":"<p>1 Par Do Eletrodo Adesivo Desfibrilador Instramed Infantil<br \/>\nConjunto de dois eletrodos multi fun\u00e7\u00f5es pr\u00e9 conectados.<\/p>\n<p>Eletrodo compat\u00edvel com os modelos:<br \/>\n&#8211; Cardiomax<br \/>\n&#8211; DualMax<br \/>\n&#8211; Dea Isis<br \/>\n&#8211; Dea Isis Pr\u00f3<br \/>\n&#8211; Dea Ion<br \/>\n&#8211; Dea Ion Pr\u00f3<\/p>\n<p>Descri\u00e7\u00e3o do produto<br \/>\nEletrodo P\u00e1s Descart\u00e1veis para Desfibrilador DEA Infantil Instramed<\/p>\n<p>Caracter\u00edsticas do produto<br \/>\nIndica\u00e7\u00f5es<br \/>\nP\u00e1s eletrodo descart\u00e1veis tamanho Infantil menor que 25 Kg, para o desfibrilador Instramed.<\/p>\n<p>Diferenciais e benef\u00edcios<br \/>\n&#8211; R\u00e1pida conex\u00e3o ao DEA<br \/>\n&#8211; Excelente condutividade<br \/>\n&#8211; Sem risco de queimaduras acidentais<br \/>\n&#8211; Livre de l\u00e1tex<\/p>\n<p>Modo de Usar<br \/>\nLimpe e seque o local de aplica\u00e7\u00e3o.<br \/>\nEvitar o contato com \u00e1lcool ou outros desinfetantes<br \/>\nApare ou raspe os pelos, se necess\u00e1rio<br \/>\nAbra a embalagem e retire os eletrodos<br \/>\nRetire a pel\u00edcula protetora dos eletrodos<br \/>\nColoque os eletrodos no paciente no local clinicamente indicado, assegurando-se de que toda a \u00e1rea adesiva fica colada \u00e0 pele.<br \/>\nTenha o cuidado de n\u00e3o deixar bolhas de ar entre o hidro gel e a pele do doente<br \/>\nLigue os eletrodos ao desfibrilador ou cabo multifun\u00e7\u00f5es<br \/>\nSiga as instru\u00e7\u00f5es do desfibrilador em rela\u00e7\u00e3o \u00e0 fun\u00e7\u00e3o requerida.<\/p>\n<p>Itens inclusos<br \/>\n01 conjunto de 2 eletrodos pr\u00e9-conectados para serem utilizados no Desfibrilador Instramed.<\/p>\n<p>Higiene e Conserva\u00e7\u00e3o<br \/>\nManter em temperatura entre 5 e 35C, em ambiente limpo e seco.<\/p>\n","protected":false},"excerpt":{"rendered":"1 Par Do Eletrodo Adesivo Desfibrilador Instramed Infantil Conjunto de dois eletrodos multi fun\u00e7\u00f5es pr\u00e9 conectados. Eletrodo compat\u00edvel&hellip;","protected":false},"featured_media":7888,"comment_status":"open","ping_status":"closed","template":"","meta":{"slim_seo":{"title":"P\u00e1 adesiva descart\u00e1vel Infantil - Instramed - Hospitalaria RS","description":"1 Par Do Eletrodo Adesivo Desfibrilador Instramed Infantil Conjunto de dois eletrodos multi fun\u00e7\u00f5es pr\u00e9 conectados. Eletrodo compat\u00edvel com os modelos: - Cardio"}},"product_brand":[220],"product_cat":[36],"product_tag":[620,619,622,623,621],"class_list":{"0":"post-7887","1":"product","2":"type-product","3":"status-publish","4":"has-post-thumbnail","6":"product_brand-instramed","7":"product_cat-materiais-de-consumo","8":"product_tag-compativel-com-dea","9":"product_tag-eletrodo-infantil-instramed","10":"product_tag-par-pre-conectado","11":"product_tag-sem-latex","12":"product_tag-tamanho-ate-25kg","13":"mbf-entry","15":"first","16":"outofstock","17":"shipping-taxable","18":"purchasable","19":"product-type-simple"},"_links":{"self":[{"href":"https:\/\/hospitalariars.com.br\/index.php\/wp-json\/wp\/v2\/product\/7887","targetHints":{"allow":["GET"]}}],"collection":[{"href":"https:\/\/hospitalariars.com.br\/index.php\/wp-json\/wp\/v2\/product"}],"about":[{"href":"https:\/\/hospitalariars.com.br\/index.php\/wp-json\/wp\/v2\/types\/product"}],"replies":[{"embeddable":true,"href":"https:\/\/hospitalariars.com.br\/index.php\/wp-json\/wp\/v2\/comments?post=7887"}],"wp:featuredmedia":[{"embeddable":true,"href":"https:\/\/hospitalariars.com.br\/index.php\/wp-json\/wp\/v2\/media\/7888"}],"wp:attachment":[{"href":"https:\/\/hospitalariars.com.br\/index.php\/wp-json\/wp\/v2\/media?parent=7887"}],"wp:term":[{"taxonomy":"product_brand","embeddable":true,"href":"https:\/\/hospitalariars.com.br\/index.php\/wp-json\/wp\/v2\/product_brand?post=7887"},{"taxonomy":"product_cat","embeddable":true,"href":"https:\/\/hospitalariars.com.br\/index.php\/wp-json\/wp\/v2\/product_cat?post=7887"},{"taxonomy":"product_tag","embeddable":true,"href":"https:\/\/hospitalariars.com.br\/index.php\/wp-json\/wp\/v2\/product_tag?post=7887"}],"curies":[{"name":"wp","href":"https:\/\/api.w.org\/{rel}","templated":true}]}}