{"id":7890,"date":"2025-06-25T16:50:58","date_gmt":"2025-06-25T19:50:58","guid":{"rendered":"https:\/\/hospitalariars.com.br\/?post_type=product&#038;p=7890"},"modified":"2026-03-27T16:03:39","modified_gmt":"2026-03-27T19:03:39","slug":"poltrona-do-papai-retratil-e-reclinavel-florenca-cor-preto-luapa","status":"publish","type":"product","link":"https:\/\/hospitalariars.com.br\/index.php\/produto\/poltrona-do-papai-retratil-e-reclinavel-florenca-cor-preto-luapa\/","title":{"rendered":"Poltrona do papai retratil e reclinavel &#8211; Floren\u00e7a Cor Preto &#8211; Luapa"},"content":{"rendered":"<p><span class=\"sc-dcJsrY jZKEso\" data-testid=\"product-detail-title\">Poltrona do papai retratil e reclinavel floren\u00e7a Preto A44<\/span><\/p>\n<div class=\"sc-iGgWBj jEOEJZ sc-cibtfC iMtDxl\" data-testid=\"product-detail-description\">\n<div class=\"sc-iGgWBj eWtIHQ sc-jfLtok jZiINr\" data-testid=\"rich-content-container\">\n<p>Caracter\u00edsticas<\/p>\n<p>Dimens\u00f5es da Poltrona: Largura 0,80M; Profundidade 0,84M; Altura 1,08M.<\/p>\n<p>Dimens\u00f5es da Poltrona aberta: Largura 0,80M; Profundidade 1,42M; Altura 1,08M.<\/p>\n<p>Itens Inclusos:<\/p>\n<p>1 Poltrona do papai<\/p>\n<p>Descri\u00e7\u00e3o T\u00e9cnica<\/p>\n<p>Poltrona com sistema two wall Manual(retr\u00e1til e reclin\u00e1vel)<\/p>\n<p>Porta Revista embutido na parte lateral<\/p>\n<p>Estrutura do material:<\/p>\n<p>Material em Material Sint\u00e9tico<\/p>\n<p>Apoio dos Bra\u00e7os, assento e encosto Almofadados<\/p>\n<p>Recomenda\u00e7\u00f5es de uso, manuten\u00e7\u00e3o e limpeza: Limpar com flanela ou pano macio seco, n\u00e3o utilizar produtos abrasivos, desengordurantes, \u00e1lcool ou solvente. N\u00e3o expor o produto diretamente \u00e0 luz solar e \u00e0 umidade<\/p>\n<\/div>\n<table class=\"sc-iGgWBj iCEidV sc-ggqIjW dKKsGr\">\n<tbody>\n<tr>\n<td class=\"sc-djVXDX ddDhAF\">Acompanha Bra\u00e7o<\/td>\n<td class=\"sc-epRvzc fKvYez\">\n<table class=\"sc-gFnajm eAtfZb\">\n<tbody>\n<tr>\n<td>Sim<\/td>\n<\/tr>\n<\/tbody>\n<\/table>\n<\/td>\n<\/tr>\n<tr>\n<td class=\"sc-djVXDX ddDhAF\">Acompanha Almofada<\/td>\n<td class=\"sc-epRvzc fKvYez\">\n<table class=\"sc-gFnajm eAtfZb\">\n<tbody>\n<tr>\n<td>N\u00e3o<\/td>\n<\/tr>\n<\/tbody>\n<\/table>\n<\/td>\n<\/tr>\n<tr>\n<td class=\"sc-djVXDX ddDhAF\">Informa\u00e7\u00f5es complementares<\/td>\n<td class=\"sc-epRvzc fKvYez\">\n<table class=\"sc-gFnajm eAtfZb\">\n<tbody>\n<tr>\n<td class=\"sc-btwKTd gIXGOI\">Bra\u00e7o<\/td>\n<td>Sim<\/td>\n<\/tr>\n<tr>\n<td class=\"sc-btwKTd gIXGOI\">Caracter\u00edsticas do Assento<\/td>\n<td>Almofadados<\/td>\n<\/tr>\n<tr>\n<td class=\"sc-btwKTd gIXGOI\">Composi\u00e7\u00e3o do M\u00f3vel<\/td>\n<td>Material Sint\u00e9tico<\/td>\n<\/tr>\n<tr>\n<td class=\"sc-btwKTd gIXGOI\">Conte\u00fado da Embalagem<\/td>\n<td>1 Poltrona do papai<\/td>\n<\/tr>\n<tr>\n<td class=\"sc-btwKTd gIXGOI\">Cor<\/td>\n<td>Preto<\/td>\n<\/tr>\n<tr>\n<td class=\"sc-btwKTd gIXGOI\">Dimens\u00f5es do Produto<\/td>\n<td>Largura 0,80M; Profundidade 0,84M; Altura 1,08M<\/td>\n<\/tr>\n<tr>\n<td class=\"sc-btwKTd gIXGOI\">Encosto<\/td>\n<td>Almofadados<\/td>\n<\/tr>\n<tr>\n<td class=\"sc-btwKTd gIXGOI\">Material da Estrutura<\/td>\n<td>Material Sint\u00e9tico<\/td>\n<\/tr>\n<tr>\n<td class=\"sc-btwKTd gIXGOI\">Mecanismo<\/td>\n<td>retr\u00e1til e reclin\u00e1vel<\/td>\n<\/tr>\n<tr>\n<td class=\"sc-btwKTd gIXGOI\">Modelo<\/td>\n<td>Floren\u00e7a<\/td>\n<\/tr>\n<tr>\n<td class=\"sc-btwKTd gIXGOI\">Prazo de Garantia<\/td>\n<td>3 meses<\/td>\n<\/tr>\n<tr>\n<td class=\"sc-btwKTd gIXGOI\">Quantidade<\/td>\n<td>1<\/td>\n<\/tr>\n<tr>\n<td class=\"sc-btwKTd gIXGOI\">Recomenda\u00e7\u00f5es de Uso<\/td>\n<td>Limpar com flanela ou pano macio seco, n\u00e3o utilizar produtos abrasivos, desengordurantes, \u00e1lcool ou solvente. N\u00e3o expor o produto diretamente \u00e0 luz solar e \u00e0 umidade<\/td>\n<\/tr>\n<tr>\n<td class=\"sc-btwKTd gIXGOI\">Refer\u00eancia<\/td>\n<td>A44<\/td>\n<\/tr>\n<tr>\n<td class=\"sc-btwKTd gIXGOI\">Revestimento<\/td>\n<td>Material Sint\u00e9tico<\/td>\n<\/tr>\n<tr>\n<td class=\"sc-btwKTd gIXGOI\">Tipo de Poltrona<\/td>\n<td>Poltrona do papai<\/td>\n<\/tr>\n<\/tbody>\n<\/table>\n<\/td>\n<\/tr>\n<\/tbody>\n<\/table>\n<\/div>\n","protected":false},"excerpt":{"rendered":"Poltrona do papai retratil e reclinavel floren\u00e7a Preto A44 Caracter\u00edsticas Dimens\u00f5es da Poltrona: Largura 0,80M; Profundidade 0,84M; Altura&hellip;","protected":false},"featured_media":7893,"comment_status":"open","ping_status":"closed","template":"","meta":{"slim_seo":{"title":"Poltrona do papai retratil e reclinavel - Floren\u00e7a Cor Preto - Luapa - Hospitalaria RS","description":"Poltrona do papai retratil e reclinavel floren\u00e7a Preto A44 Caracter\u00edsticas Dimens\u00f5es da Poltrona: Largura 0,80M; Profundidade 0,84M; Altura 1,08M. Dimens\u00f5es da"}},"product_brand":[],"product_cat":[624],"product_tag":[],"class_list":{"0":"post-7890","1":"product","2":"type-product","3":"status-publish","4":"has-post-thumbnail","6":"product_cat-moveis","7":"mbf-entry","9":"first","10":"outofstock","11":"shipping-taxable","12":"purchasable","13":"product-type-simple"},"_links":{"self":[{"href":"https:\/\/hospitalariars.com.br\/index.php\/wp-json\/wp\/v2\/product\/7890","targetHints":{"allow":["GET"]}}],"collection":[{"href":"https:\/\/hospitalariars.com.br\/index.php\/wp-json\/wp\/v2\/product"}],"about":[{"href":"https:\/\/hospitalariars.com.br\/index.php\/wp-json\/wp\/v2\/types\/product"}],"replies":[{"embeddable":true,"href":"https:\/\/hospitalariars.com.br\/index.php\/wp-json\/wp\/v2\/comments?post=7890"}],"wp:featuredmedia":[{"embeddable":true,"href":"https:\/\/hospitalariars.com.br\/index.php\/wp-json\/wp\/v2\/media\/7893"}],"wp:attachment":[{"href":"https:\/\/hospitalariars.com.br\/index.php\/wp-json\/wp\/v2\/media?parent=7890"}],"wp:term":[{"taxonomy":"product_brand","embeddable":true,"href":"https:\/\/hospitalariars.com.br\/index.php\/wp-json\/wp\/v2\/product_brand?post=7890"},{"taxonomy":"product_cat","embeddable":true,"href":"https:\/\/hospitalariars.com.br\/index.php\/wp-json\/wp\/v2\/product_cat?post=7890"},{"taxonomy":"product_tag","embeddable":true,"href":"https:\/\/hospitalariars.com.br\/index.php\/wp-json\/wp\/v2\/product_tag?post=7890"}],"curies":[{"name":"wp","href":"https:\/\/api.w.org\/{rel}","templated":true}]}}