{"id":7895,"date":"2025-06-25T16:55:11","date_gmt":"2025-06-25T19:55:11","guid":{"rendered":"https:\/\/hospitalariars.com.br\/?post_type=product&#038;p=7895"},"modified":"2026-03-27T16:03:39","modified_gmt":"2026-03-27T19:03:39","slug":"seringa-de-insulina-1ml-100ui-com-agulha-fixa-8-x-030-caixa-com-100-un-medix","status":"publish","type":"product","link":"https:\/\/hospitalariars.com.br\/index.php\/produto\/seringa-de-insulina-1ml-100ui-com-agulha-fixa-8-x-030-caixa-com-100-un-medix\/","title":{"rendered":"Seringa de Insulina 1ml 100UI com Agulha Fixa 8 x 0,30 &#8211; Caixa com 100 un. &#8211; Medix"},"content":{"rendered":"<div class=\"card__header\">\n<h2 class=\"card__title heading h3\">Descri\u00e7\u00e3o<\/h2>\n<\/div>\n<div class=\"card__section\">\n<div class=\"rte text--pull\">\n<p><strong>Descri\u00e7\u00e3o<\/strong><\/p>\n<p><strong>Apresenta\u00e7\u00e3o<\/strong><\/p>\n<p>Dispositivo de uso m\u00e9dico-hospitalar, para uso manual.<\/p>\n<p>Destinada \u00e0 infus\u00e3o de solu\u00e7\u00f5es (Insulina e Vacinas) via subcut\u00e2nea ou intrad\u00e9rmica, conforme t\u00e9cnicas de administra\u00e7\u00e3o orientadas pelos m\u00e9dicos.<\/p>\n<p><strong>Benef\u00edcios<\/strong><\/p>\n<ul>\n<li>Est\u00e9ril;<\/li>\n<li>F\u00e1cil utiliza\u00e7\u00e3o.<\/li>\n<\/ul>\n<p><strong>Modo de Uso<\/strong><\/p>\n<p>1 &#8211; Abra a embalagem com t\u00e9cnica ass\u00e9ptica;<br \/>\n2 &#8211; Retire o produto da embalagem prim\u00e1ria;<br \/>\n3 &#8211; Destrave o \u00eambolo da seringa no sentido do canh\u00e3o a fim de lubrificar a borracha de ajuste ou mobilizar o \u00eambolo;<br \/>\n4 &#8211; Retire a capa protetora da agulha conectada \u00e0 seringa (se tiver) e inicie o procedimento de<br \/>\npun\u00e7\u00e3o ou infus\u00e3o de solu\u00e7\u00e3o;<br \/>\n5 &#8211; Retraia o \u00eambolo e aspire lentamente o l\u00edquido para o interior da seringa, evitando bolhas;<br \/>\n6 &#8211; Siga as instru\u00e7\u00f5es de administra\u00e7\u00e3o orientadas pelo m\u00e9dico;<br \/>\n7 &#8211; Ap\u00f3s o uso, descartar o produto.<\/p>\n<p>Uso \u00fanico. N\u00e3o reutilizar.<\/p>\n<p><strong>Especifica\u00e7\u00f5es t\u00e9cnicas<\/strong><\/p>\n<ul>\n<li>Conex\u00e3o: Agulha fixa &#8211; Tipo 8;<\/li>\n<li>Gradua\u00e7\u00e3o 2 em 2 UI;<\/li>\n<li>Cont\u00e9m l\u00e1tex;<\/li>\n<li>Material e composi\u00e7\u00e3o;<br \/>\nSeringa: Cilindro &#8211; polipropileno; \u00cambolo &#8211; borracha; Haste &#8211; polipropileno; Flange do cilindro &#8211; polipropileno; Capa protetora &#8211; polipropileno;<br \/>\nAgulha: C\u00e2nula &#8211; a\u00e7o inoxid\u00e1vel SUS304; Canh\u00e3o &#8211; polipropileno; Capa protetora &#8211; polipropileno;<\/li>\n<li>Validade:\u00a05 anos ap\u00f3s a data de esteriliza\u00e7\u00e3o;<\/li>\n<li>Embalagem: Caixa com 100 unidades;<\/li>\n<li>Dimens\u00f5es produto: Agulha fixa 8&#215;0,30.\u00a030G 5\/16&#8221;. 100UI. 1ml;<\/li>\n<li>Dimens\u00f5es embalagem: 15cm(c) x\u00a018cm(l) x 11cm(a);<\/li>\n<li>Peso embalagem: 50g;<\/li>\n<li>Registro Anvisa\u00a080495519006;<\/li>\n<li>Possui selo Inmetro.<\/li>\n<\/ul>\n<\/div>\n<\/div>\n","protected":false},"excerpt":{"rendered":"Descri\u00e7\u00e3o Descri\u00e7\u00e3o Apresenta\u00e7\u00e3o Dispositivo de uso m\u00e9dico-hospitalar, para uso manual. Destinada \u00e0 infus\u00e3o de solu\u00e7\u00f5es (Insulina e Vacinas)&hellip;","protected":false},"featured_media":7896,"comment_status":"open","ping_status":"closed","template":"","meta":{"slim_seo":{"title":"Seringa de Insulina 1ml 100UI com Agulha Fixa 8 x 0,30 - Caixa com 100 un. - Medix - Hospitalaria RS","description":"Descri\u00e7\u00e3o Descri\u00e7\u00e3o Apresenta\u00e7\u00e3o Dispositivo de uso m\u00e9dico-hospitalar, para uso manual. Destinada \u00e0 infus\u00e3o de solu\u00e7\u00f5es (Insulina e Vacinas) via subcut\u00e2nea ou i"}},"product_brand":[77],"product_cat":[36],"product_tag":[626,629,628,625,627],"class_list":{"0":"post-7895","1":"product","2":"type-product","3":"status-publish","4":"has-post-thumbnail","6":"product_brand-medix","7":"product_cat-materiais-de-consumo","8":"product_tag-1ml-100ui","9":"product_tag-esteril-e-descartavel","10":"product_tag-para-insulina-e-vacinas","11":"product_tag-seringa-com-agulha-fixa","12":"product_tag-tipo-8-30g-5-16","13":"mbf-entry","15":"first","16":"outofstock","17":"shipping-taxable","18":"product-type-simple"},"_links":{"self":[{"href":"https:\/\/hospitalariars.com.br\/index.php\/wp-json\/wp\/v2\/product\/7895","targetHints":{"allow":["GET"]}}],"collection":[{"href":"https:\/\/hospitalariars.com.br\/index.php\/wp-json\/wp\/v2\/product"}],"about":[{"href":"https:\/\/hospitalariars.com.br\/index.php\/wp-json\/wp\/v2\/types\/product"}],"replies":[{"embeddable":true,"href":"https:\/\/hospitalariars.com.br\/index.php\/wp-json\/wp\/v2\/comments?post=7895"}],"wp:featuredmedia":[{"embeddable":true,"href":"https:\/\/hospitalariars.com.br\/index.php\/wp-json\/wp\/v2\/media\/7896"}],"wp:attachment":[{"href":"https:\/\/hospitalariars.com.br\/index.php\/wp-json\/wp\/v2\/media?parent=7895"}],"wp:term":[{"taxonomy":"product_brand","embeddable":true,"href":"https:\/\/hospitalariars.com.br\/index.php\/wp-json\/wp\/v2\/product_brand?post=7895"},{"taxonomy":"product_cat","embeddable":true,"href":"https:\/\/hospitalariars.com.br\/index.php\/wp-json\/wp\/v2\/product_cat?post=7895"},{"taxonomy":"product_tag","embeddable":true,"href":"https:\/\/hospitalariars.com.br\/index.php\/wp-json\/wp\/v2\/product_tag?post=7895"}],"curies":[{"name":"wp","href":"https:\/\/api.w.org\/{rel}","templated":true}]}}