{"id":7906,"date":"2025-06-25T17:17:00","date_gmt":"2025-06-25T20:17:00","guid":{"rendered":"https:\/\/hospitalariars.com.br\/?post_type=product&#038;p=7906"},"modified":"2026-03-27T16:03:39","modified_gmt":"2026-03-27T19:03:39","slug":"muleta-canadense-preta-modelo-120306-supermedy","status":"publish","type":"product","link":"https:\/\/hospitalariars.com.br\/index.php\/produto\/muleta-canadense-preta-modelo-120306-supermedy\/","title":{"rendered":"Muleta Canadense Preta &#8211; Modelo: 120306 &#8211; Supermedy"},"content":{"rendered":"<p><span class=\"sc-dcJsrY jZKEso\" data-testid=\"product-detail-title\">Muleta Canadense Fixa Antebra\u00e7o Ambidestra Preta 1 Unidade Regul\u00e1vel At\u00e9 120kg Alum\u00ednio Supermedy<\/span><\/p>\n<div class=\"sc-iGgWBj jEOEJZ sc-cibtfC iMtDxl\" data-testid=\"product-detail-description\">\n<div class=\"sc-iGgWBj eWtIHQ sc-jfLtok jZiINr\" data-testid=\"rich-content-container\">\n<p>MULETA FIXA ANTEBRA\u00c7O AMBIDESTRA CANADENSE PRETA MODELO 120306 SUPERMEDY<\/p>\n<p>A muleta canadense da Supermedy promove equil\u00edbrio, sustenta\u00e7\u00e3o, estabilidade durante a marcha e anula\/diminui a descarga de peso nos membros inferiores. Cont\u00e9m ponteira em borracha antiderrapante e os apoios de m\u00e3os e bra\u00e7os garantem seguran\u00e7a e conforto na utiliza\u00e7\u00e3o.<\/p>\n<p>FICHA T\u00c9CNICA:<br \/>\n&#8211; Apoio do bra\u00e7o fixo, em polipropileno, anat\u00f4mico e higi\u00eanico.<br \/>\n&#8211; Alum\u00ednio em liga especial, com alta resist\u00eancia e imune a corros\u00e3o.<br \/>\n&#8211; Anti-ru\u00eddo interno.<br \/>\n&#8211; Ponteira resistente e muito aderente a pisos \u00famidos.<br \/>\n&#8211; Suporta at\u00e9 120kg.<br \/>\n&#8211; Ambidestro.<br \/>\n&#8211; Tamanho de 77cm \u00e0 98cm.<br \/>\n&#8211; 10 n\u00edveis de regulagem.<\/p>\n<p>COMPOSI\u00c7\u00c3O:<br \/>\n&#8211; Parte met\u00e1lica em alum\u00ednio.<br \/>\n&#8211; Bra\u00e7adeira e punho em polipropileno.<br \/>\n&#8211; Ponteira em borracha.<\/p>\n<\/div>\n<\/div>\n","protected":false},"excerpt":{"rendered":"Muleta Canadense Fixa Antebra\u00e7o Ambidestra Preta 1 Unidade Regul\u00e1vel At\u00e9 120kg Alum\u00ednio Supermedy MULETA FIXA ANTEBRA\u00c7O AMBIDESTRA CANADENSE&hellip;","protected":false},"featured_media":7907,"comment_status":"open","ping_status":"closed","template":"","meta":{"slim_seo":{"title":"Muleta Canadense Preta - Modelo: 120306 - Supermedy - Hospitalaria RS","description":"Muleta Canadense Fixa Antebra\u00e7o Ambidestra Preta 1 Unidade Regul\u00e1vel At\u00e9 120kg Alum\u00ednio Supermedy MULETA FIXA ANTEBRA\u00c7O AMBIDESTRA CANADENSE PRETA MODELO 120306"}},"product_brand":[645],"product_cat":[646],"product_tag":[650,647,651,649,648],"class_list":{"0":"post-7906","1":"product","2":"type-product","3":"status-publish","4":"has-post-thumbnail","6":"product_brand-supermedy","7":"product_cat-muleta","8":"product_tag-apoio-ortopedico-aluminio","9":"product_tag-muleta-canadense","10":"product_tag-muleta-com-antebraco-anatomico","11":"product_tag-muleta-preta-ajustavel","12":"product_tag-muleta-supermedy","13":"mbf-entry","15":"first","16":"outofstock","17":"shipping-taxable","18":"purchasable","19":"product-type-simple"},"_links":{"self":[{"href":"https:\/\/hospitalariars.com.br\/index.php\/wp-json\/wp\/v2\/product\/7906","targetHints":{"allow":["GET"]}}],"collection":[{"href":"https:\/\/hospitalariars.com.br\/index.php\/wp-json\/wp\/v2\/product"}],"about":[{"href":"https:\/\/hospitalariars.com.br\/index.php\/wp-json\/wp\/v2\/types\/product"}],"replies":[{"embeddable":true,"href":"https:\/\/hospitalariars.com.br\/index.php\/wp-json\/wp\/v2\/comments?post=7906"}],"wp:featuredmedia":[{"embeddable":true,"href":"https:\/\/hospitalariars.com.br\/index.php\/wp-json\/wp\/v2\/media\/7907"}],"wp:attachment":[{"href":"https:\/\/hospitalariars.com.br\/index.php\/wp-json\/wp\/v2\/media?parent=7906"}],"wp:term":[{"taxonomy":"product_brand","embeddable":true,"href":"https:\/\/hospitalariars.com.br\/index.php\/wp-json\/wp\/v2\/product_brand?post=7906"},{"taxonomy":"product_cat","embeddable":true,"href":"https:\/\/hospitalariars.com.br\/index.php\/wp-json\/wp\/v2\/product_cat?post=7906"},{"taxonomy":"product_tag","embeddable":true,"href":"https:\/\/hospitalariars.com.br\/index.php\/wp-json\/wp\/v2\/product_tag?post=7906"}],"curies":[{"name":"wp","href":"https:\/\/api.w.org\/{rel}","templated":true}]}}