{"id":7936,"date":"2025-06-27T09:33:04","date_gmt":"2025-06-27T12:33:04","guid":{"rendered":"https:\/\/hospitalariars.com.br\/?post_type=product&#038;p=7936"},"modified":"2026-03-27T16:03:39","modified_gmt":"2026-03-27T19:03:39","slug":"luva-de-nitrilo-premium-quality-unigloves","status":"publish","type":"product","link":"https:\/\/hospitalariars.com.br\/index.php\/produto\/luva-de-nitrilo-premium-quality-unigloves\/","title":{"rendered":"Luva de Nitrilo Premium Quality &#8211; UniGloves"},"content":{"rendered":"<h5 class=\"font-big mb-4\">Descri\u00e7\u00e3o<\/h5>\n<div class=\"user-content font-small mb-4\">\n<p>* Luva para procedimento n\u00e3o cir\u00fargico.<\/p>\n<p>* N\u00e3o est\u00e9ril.<\/p>\n<p>* Cor: Blue e Black<\/p>\n<p>* Material: Nitrilo (borracha sint\u00e9tica).<\/p>\n<p>* Presen\u00e7a de p\u00f3: Sem p\u00f3.<\/p>\n<p>* Superf\u00edcie: Texturizada na ponta dos dedos.<\/p>\n<p>* F\u00e1cil cal\u00e7amento.<\/p>\n<p>* Ambidestra, ideal para destros e canhotos. * Barreira biol\u00f3gica.<\/p>\n<\/div>\n","protected":false},"excerpt":{"rendered":"Descri\u00e7\u00e3o * Luva para procedimento n\u00e3o cir\u00fargico. * N\u00e3o est\u00e9ril. * Cor: Blue e Black * Material: Nitrilo&hellip;","protected":false},"featured_media":7937,"comment_status":"open","ping_status":"closed","template":"","meta":{"slim_seo":{"title":"Luva de Nitrilo Premium Quality - UniGloves - Hospitalaria RS","description":"Descri\u00e7\u00e3o * Luva para procedimento n\u00e3o cir\u00fargico. * N\u00e3o est\u00e9ril. * Cor: Blue e Black * Material: Nitrilo (borracha sint\u00e9tica). * Presen\u00e7a de p\u00f3: Sem p\u00f3. * Super"}},"product_brand":[79],"product_cat":[36],"product_tag":[654,653,652,655,288],"class_list":{"0":"post-7936","1":"product","2":"type-product","3":"status-publish","4":"has-post-thumbnail","6":"product_brand-unigloves","7":"product_cat-materiais-de-consumo","8":"product_tag-luva-ambidestra-livre-de-latex","9":"product_tag-luva-black-e-blue-unigloves","10":"product_tag-luva-de-nitrilo-sem-po","11":"product_tag-luva-nitrilo-alta-resistencia","12":"product_tag-luva-procedimento-nao-cirurgico","13":"mbf-entry","15":"first","16":"outofstock","17":"sale","18":"shipping-taxable","19":"purchasable","20":"product-type-variable"},"_links":{"self":[{"href":"https:\/\/hospitalariars.com.br\/index.php\/wp-json\/wp\/v2\/product\/7936","targetHints":{"allow":["GET"]}}],"collection":[{"href":"https:\/\/hospitalariars.com.br\/index.php\/wp-json\/wp\/v2\/product"}],"about":[{"href":"https:\/\/hospitalariars.com.br\/index.php\/wp-json\/wp\/v2\/types\/product"}],"replies":[{"embeddable":true,"href":"https:\/\/hospitalariars.com.br\/index.php\/wp-json\/wp\/v2\/comments?post=7936"}],"wp:featuredmedia":[{"embeddable":true,"href":"https:\/\/hospitalariars.com.br\/index.php\/wp-json\/wp\/v2\/media\/7937"}],"wp:attachment":[{"href":"https:\/\/hospitalariars.com.br\/index.php\/wp-json\/wp\/v2\/media?parent=7936"}],"wp:term":[{"taxonomy":"product_brand","embeddable":true,"href":"https:\/\/hospitalariars.com.br\/index.php\/wp-json\/wp\/v2\/product_brand?post=7936"},{"taxonomy":"product_cat","embeddable":true,"href":"https:\/\/hospitalariars.com.br\/index.php\/wp-json\/wp\/v2\/product_cat?post=7936"},{"taxonomy":"product_tag","embeddable":true,"href":"https:\/\/hospitalariars.com.br\/index.php\/wp-json\/wp\/v2\/product_tag?post=7936"}],"curies":[{"name":"wp","href":"https:\/\/api.w.org\/{rel}","templated":true}]}}