{"id":7966,"date":"2025-06-27T10:46:00","date_gmt":"2025-06-27T13:46:00","guid":{"rendered":"https:\/\/hospitalariars.com.br\/?post_type=product&#038;p=7966"},"modified":"2026-03-27T16:03:38","modified_gmt":"2026-03-27T19:03:38","slug":"mascara-tripla-descartavel-com-filtro-bfe-preta-caixa-50-un-medix","status":"publish","type":"product","link":"https:\/\/hospitalariars.com.br\/index.php\/produto\/mascara-tripla-descartavel-com-filtro-bfe-preta-caixa-50-un-medix\/","title":{"rendered":"M\u00e1scara Tripla Descart\u00e1vel Com Filtro (BFE) Preta &#8211; Caixa 50 un &#8211; Medix"},"content":{"rendered":"<div class=\"card__header\">\n<h2 class=\"card__title heading h3\">Descri\u00e7\u00e3o<\/h2>\n<\/div>\n<div class=\"card__section\">\n<div class=\"rte text--pull\">\n<h2>Apresenta\u00e7\u00e3o<\/h2>\n<p>A M\u00e1scara Tripla Descart\u00e1vel Com Filtro (BFE \u226595%) \u00e9 uma m\u00e1scara para prote\u00e7\u00e3o individual. Possui camada em papel filtro branco fundido com efici\u00eancia de filtragem BFE: \u226595%.<\/p>\n<p>Barreira f\u00edsica contra flu\u00eddos, part\u00edculas, bact\u00e9rias, v\u00edrus, p\u00f3len, polui\u00e7\u00e3o atmosf\u00e9rica e sujeira, protege com qualidade, conforto e promove maior seguran\u00e7a para o dia a dia.<\/p>\n<h2>Benef\u00edcios<\/h2>\n<ul>\n<li>Anti poeira, anti bacteriana, anti v\u00edrus, anti p\u00f3len, anti polui\u00e7\u00e3o atmosf\u00e9rica, anti got\u00edculas, etc.;<\/li>\n<li>Reduz infec\u00e7\u00f5es por v\u00edrus;<\/li>\n<li>Possui clipe nasal ajust\u00e1vel;<\/li>\n<li>Barreira de prote\u00e7\u00e3o;<\/li>\n<li>Respir\u00e1vel e macia;<\/li>\n<li>Sem l\u00e1tex.<\/li>\n<\/ul>\n<h2>Modo de Uso:<\/h2>\n<ol>\n<li>Verifique a integridade da embalagem;<\/li>\n<li>Coloque o produto na regi\u00e3o da face, cobrindo boca e nariz, com o lado\u00a0da logomarca para fora;<\/li>\n<li>Fixe a m\u00e1scara utilizando os el\u00e1sticos e adapte\/ajuste o clipe nasal.<\/li>\n<\/ol>\n<p>N\u00e3o reutilizar ou esterilizar ap\u00f3s o uso. PROIBIDO REPROCESSAR.<\/p>\n<h2>Indica\u00e7\u00f5es de Uso:<\/h2>\n<p>Desenvolvida para o conforto e higiene das vias respirat\u00f3rias em procedimentos e atividades que requeiram barreiras filtrantes, de uso \u00fanico.<\/p>\n<p>Indicada para uso nos segmentos: sa\u00fade e bem-estar, personal care, dia a dia, pet care, food (restaurantes e cong\u00eaneres), beleza e est\u00e9tica (sal\u00e3o de beleza, barbearia e cong\u00eaneres), fitness (academia), supermercados (diversos setores), etc.<\/p>\n<h2>Especifica\u00e7\u00e3o T\u00e9cnica<\/h2>\n<ul>\n<li>Descart\u00e1vel;<\/li>\n<li>N\u00e3o est\u00e9ril;<\/li>\n<li>Uso \u00fanico.<\/li>\n<li>Tamanho \u00fanico<\/li>\n<li>Validade: 5 anos ap\u00f3s a data de fabrica\u00e7\u00e3o<\/li>\n<li>Estrutura, material e cor\n<ul>\n<li>1\u00aa camada: polipropileno n\u00e3o tecido cor\u00a0preta &#8211; (camada externa)<\/li>\n<li>2\u00aa camada: papel filtro melt blown (BFE: \u226595%) &#8211; (camada do meio)<\/li>\n<li>3\u00aa camada: polipropileno n\u00e3o tecido cor preta &#8211; (camada interna)<\/li>\n<\/ul>\n<\/li>\n<li>Dimens\u00f5es do produto: 9,5cm(l) x 17,5cm(a)<\/li>\n<li>Embalagem:\u00a0caixa com 50 unidades<\/li>\n<li>Dimens\u00f5es da embalagem: 10cm(c) x 18cm(l) x 7cm(a)<\/li>\n<li>ANVISA 80495510076<\/li>\n<\/ul>\n<p>OBS: As m\u00e1scaras enviadas a partir de 15\/02\/2022 cont\u00e9m a palavra &#8220;premium&#8221; na embalagem.<\/p>\n<\/div>\n<\/div>\n","protected":false},"excerpt":{"rendered":"Descri\u00e7\u00e3o Apresenta\u00e7\u00e3o A M\u00e1scara Tripla Descart\u00e1vel Com Filtro (BFE \u226595%) \u00e9 uma m\u00e1scara para prote\u00e7\u00e3o individual. Possui camada&hellip;","protected":false},"featured_media":7967,"comment_status":"open","ping_status":"closed","template":"","meta":{"slim_seo":{"title":"M\u00e1scara Tripla Descart\u00e1vel Com Filtro (BFE) Preta - Caixa 50 un - Medix - Hospitalaria RS","description":"Descri\u00e7\u00e3o Apresenta\u00e7\u00e3o A M\u00e1scara Tripla Descart\u00e1vel Com Filtro (BFE \u226595%) \u00e9 uma m\u00e1scara para prote\u00e7\u00e3o individual. Possui camada em papel filtro branco fundido c"}},"product_brand":[77],"product_cat":[36],"product_tag":[668,671,670,672,669],"class_list":{"0":"post-7966","1":"product","2":"type-product","3":"status-publish","4":"has-post-thumbnail","6":"product_brand-medix","7":"product_cat-materiais-de-consumo","8":"product_tag-mascara-com-camada-melt-blown","9":"product_tag-mascara-com-clip-nasal-ajustavel","10":"product_tag-mascara-descartavel-premium-bfe-95","11":"product_tag-mascara-sem-latex-uso-diario","12":"product_tag-mascara-tripla-preta-com-filtro","13":"mbf-entry","15":"first","16":"outofstock","17":"shipping-taxable","18":"product-type-simple"},"_links":{"self":[{"href":"https:\/\/hospitalariars.com.br\/index.php\/wp-json\/wp\/v2\/product\/7966","targetHints":{"allow":["GET"]}}],"collection":[{"href":"https:\/\/hospitalariars.com.br\/index.php\/wp-json\/wp\/v2\/product"}],"about":[{"href":"https:\/\/hospitalariars.com.br\/index.php\/wp-json\/wp\/v2\/types\/product"}],"replies":[{"embeddable":true,"href":"https:\/\/hospitalariars.com.br\/index.php\/wp-json\/wp\/v2\/comments?post=7966"}],"wp:featuredmedia":[{"embeddable":true,"href":"https:\/\/hospitalariars.com.br\/index.php\/wp-json\/wp\/v2\/media\/7967"}],"wp:attachment":[{"href":"https:\/\/hospitalariars.com.br\/index.php\/wp-json\/wp\/v2\/media?parent=7966"}],"wp:term":[{"taxonomy":"product_brand","embeddable":true,"href":"https:\/\/hospitalariars.com.br\/index.php\/wp-json\/wp\/v2\/product_brand?post=7966"},{"taxonomy":"product_cat","embeddable":true,"href":"https:\/\/hospitalariars.com.br\/index.php\/wp-json\/wp\/v2\/product_cat?post=7966"},{"taxonomy":"product_tag","embeddable":true,"href":"https:\/\/hospitalariars.com.br\/index.php\/wp-json\/wp\/v2\/product_tag?post=7966"}],"curies":[{"name":"wp","href":"https:\/\/api.w.org\/{rel}","templated":true}]}}