{"id":7969,"date":"2025-06-27T11:33:50","date_gmt":"2025-06-27T14:33:50","guid":{"rendered":"https:\/\/hospitalariars.com.br\/?post_type=product&#038;p=7969"},"modified":"2026-03-27T16:03:38","modified_gmt":"2026-03-27T19:03:38","slug":"autoclave-vitale-class-12l-bivolt-cristofoli","status":"publish","type":"product","link":"https:\/\/hospitalariars.com.br\/index.php\/produto\/autoclave-vitale-class-12l-bivolt-cristofoli\/","title":{"rendered":"Autoclave Vitale Class 12L Bivolt &#8211; Cristofoli"},"content":{"rendered":"<h2 data-start=\"198\" data-end=\"251\"><strong data-start=\"201\" data-end=\"251\">Autoclave Vitale Class 12L Bivolt \u2013 Crist\u00f3foli<\/strong><\/h2>\n<h3 data-start=\"253\" data-end=\"284\"><strong data-start=\"260\" data-end=\"284\">O que \u00e9 a Autoclave?<\/strong><\/h3>\n<p data-start=\"285\" data-end=\"486\">A autoclave \u00e9 um equipamento utilizado para esterilizar materiais e instrumentais por meio de <strong data-start=\"379\" data-end=\"409\">vapor saturado sob press\u00e3o<\/strong>, eliminando microrganismos que oferecem risco de contamina\u00e7\u00e3o.<br data-start=\"472\" data-end=\"475\" \/>Ideal para:<\/p>\n<ul data-start=\"487\" data-end=\"598\">\n<li data-start=\"487\" data-end=\"527\">\n<p data-start=\"489\" data-end=\"527\">Consult\u00f3rios m\u00e9dicos e odontol\u00f3gicos<\/p>\n<\/li>\n<li data-start=\"528\" data-end=\"552\">\n<p data-start=\"530\" data-end=\"552\">Cl\u00ednicas de est\u00e9tica<\/p>\n<\/li>\n<li data-start=\"553\" data-end=\"577\">\n<p data-start=\"555\" data-end=\"577\">Est\u00fadios de tatuagem<\/p>\n<\/li>\n<li data-start=\"578\" data-end=\"598\">\n<p data-start=\"580\" data-end=\"598\">Sal\u00f5es de beleza<\/p>\n<\/li>\n<\/ul>\n<hr data-start=\"600\" data-end=\"603\" \/>\n<h3 data-start=\"605\" data-end=\"639\"><strong data-start=\"612\" data-end=\"639\">Itens Inclusos na Caixa<\/strong><\/h3>\n<ul data-start=\"640\" data-end=\"819\">\n<li data-start=\"640\" data-end=\"690\">\n<p data-start=\"642\" data-end=\"690\">1 Autoclave Vitale Class 12L Bivolt Autom\u00e1tico<\/p>\n<\/li>\n<li data-start=\"691\" data-end=\"718\">\n<p data-start=\"693\" data-end=\"718\">1 Suporte para bandejas<\/p>\n<\/li>\n<li data-start=\"719\" data-end=\"733\">\n<p data-start=\"721\" data-end=\"733\">2 Bandejas<\/p>\n<\/li>\n<li data-start=\"734\" data-end=\"752\">\n<p data-start=\"736\" data-end=\"752\">1 Copo dosador<\/p>\n<\/li>\n<li data-start=\"753\" data-end=\"775\">\n<p data-start=\"755\" data-end=\"775\">1 Mangueira (1,5m)<\/p>\n<\/li>\n<li data-start=\"776\" data-end=\"792\">\n<p data-start=\"778\" data-end=\"792\">1 Bra\u00e7adeira<\/p>\n<\/li>\n<li data-start=\"793\" data-end=\"819\">\n<p data-start=\"795\" data-end=\"819\">1 Manual de instru\u00e7\u00f5es<\/p>\n<\/li>\n<\/ul>\n<hr data-start=\"821\" data-end=\"824\" \/>\n<h3 data-start=\"826\" data-end=\"865\"><strong data-start=\"833\" data-end=\"865\">Caracter\u00edsticas e Benef\u00edcios<\/strong><\/h3>\n<h4 data-start=\"867\" data-end=\"892\">\u00a0Seguran\u00e7a Avan\u00e7ada<\/h4>\n<ul data-start=\"893\" data-end=\"993\">\n<li data-start=\"893\" data-end=\"932\">\n<p data-start=\"895\" data-end=\"932\">10 sistemas de seguran\u00e7a integrados<\/p>\n<\/li>\n<li data-start=\"933\" data-end=\"957\">\n<p data-start=\"935\" data-end=\"957\">Chave\/trava da porta<\/p>\n<\/li>\n<li data-start=\"958\" data-end=\"993\">\n<p data-start=\"960\" data-end=\"993\">Controle eletr\u00f4nico de pot\u00eancia<\/p>\n<\/li>\n<\/ul>\n<h4 data-start=\"995\" data-end=\"1031\">\u00a0Alta Qualidade e Conformidade<\/h4>\n<ul data-start=\"1032\" data-end=\"1112\">\n<li data-start=\"1032\" data-end=\"1072\">\n<p data-start=\"1034\" data-end=\"1072\">Fabricada conforme <strong data-start=\"1053\" data-end=\"1070\">NBR ISO 13485<\/strong><\/p>\n<\/li>\n<li data-start=\"1073\" data-end=\"1112\">\n<p data-start=\"1075\" data-end=\"1112\">Atende \u00e0 <strong data-start=\"1084\" data-end=\"1110\">RDC 665\/2022 da ANVISA<\/strong><\/p>\n<\/li>\n<\/ul>\n<h4 data-start=\"1114\" data-end=\"1142\">\u00a0Durabilidade e Design<\/h4>\n<p data-start=\"1145\" data-end=\"1177\">\u00a0 \u00a0 \u00a0 \u00a0 \u00a0 C\u00e2mara e tampa em <strong data-start=\"1163\" data-end=\"1175\">a\u00e7o inox<\/strong><\/p>\n<ul data-start=\"1143\" data-end=\"1258\">\n<li data-start=\"1178\" data-end=\"1218\">\n<p data-start=\"1180\" data-end=\"1218\">2 bandejas em <strong data-start=\"1194\" data-end=\"1216\">alum\u00ednio anodizado<\/strong><\/p>\n<\/li>\n<li data-start=\"1219\" data-end=\"1258\">\n<p data-start=\"1221\" data-end=\"1258\">Design moderno com <strong data-start=\"1240\" data-end=\"1256\">teclado azul<\/strong><\/p>\n<\/li>\n<\/ul>\n<h4 data-start=\"1260\" data-end=\"1293\">\u00a0Versatilidade e Efici\u00eancia<\/h4>\n<ul data-start=\"1294\" data-end=\"1426\">\n<li data-start=\"1294\" data-end=\"1331\">\n<p data-start=\"1296\" data-end=\"1331\"><strong data-start=\"1296\" data-end=\"1317\">Bivolt autom\u00e1tico<\/strong> (95 a 254V)<\/p>\n<\/li>\n<li data-start=\"1332\" data-end=\"1382\">\n<p data-start=\"1334\" data-end=\"1382\"><strong data-start=\"1334\" data-end=\"1356\">Ajuste de altitude<\/strong> para diferentes regi\u00f5es<\/p>\n<\/li>\n<li data-start=\"1383\" data-end=\"1426\">\n<p data-start=\"1385\" data-end=\"1426\">Secagem eficiente com porta entreaberta<\/p>\n<\/li>\n<\/ul>\n<h4 data-start=\"1428\" data-end=\"1453\">\u00a0Praticidade no Uso<\/h4>\n<ul data-start=\"1454\" data-end=\"1590\">\n<li data-start=\"1454\" data-end=\"1518\">\n<p data-start=\"1456\" data-end=\"1518\">Equipamento <strong data-start=\"1468\" data-end=\"1479\">digital<\/strong>, com programa \u00fanico de esteriliza\u00e7\u00e3o<\/p>\n<\/li>\n<li data-start=\"1519\" data-end=\"1540\">\n<p data-start=\"1521\" data-end=\"1540\">LEDs informativos<\/p>\n<\/li>\n<li data-start=\"1541\" data-end=\"1590\">\n<p data-start=\"1543\" data-end=\"1590\"><strong data-start=\"1543\" data-end=\"1588\">Desaera\u00e7\u00e3o e despressuriza\u00e7\u00e3o autom\u00e1ticas<\/strong><\/p>\n<\/li>\n<\/ul>\n<hr data-start=\"1592\" data-end=\"1595\" \/>\n<h3 data-start=\"1597\" data-end=\"1626\"><strong data-start=\"1603\" data-end=\"1626\">Instala\u00e7\u00e3o El\u00e9trica<\/strong><\/h3>\n<ul data-start=\"1627\" data-end=\"1806\">\n<li data-start=\"1627\" data-end=\"1674\">\n<p data-start=\"1629\" data-end=\"1674\">Bivolt autom\u00e1tico (127V \/ 220V \u2013 95 a 254V)<\/p>\n<\/li>\n<li data-start=\"1675\" data-end=\"1738\">\n<p data-start=\"1677\" data-end=\"1738\">Utilizar tomada de tr\u00eas pinos com aterramento (2P + T, 20A)<\/p>\n<\/li>\n<li data-start=\"1739\" data-end=\"1806\">\n<p data-start=\"1741\" data-end=\"1806\">Necess\u00e1rio disjuntor exclusivo na tomada para evitar sobrecarga<\/p>\n<\/li>\n<\/ul>\n<hr data-start=\"1808\" data-end=\"1811\" \/>\n<h3 data-start=\"1813\" data-end=\"1859\"><strong data-start=\"1820\" data-end=\"1859\">Como Usar a Autoclave Vitale Class?<\/strong><\/h3>\n<ol data-start=\"1860\" data-end=\"2294\">\n<li data-start=\"1860\" data-end=\"1990\">\n<p data-start=\"1863\" data-end=\"1990\"><strong data-start=\"1863\" data-end=\"1887\">Desbloqueio Inicial:<\/strong><br data-start=\"1887\" data-end=\"1890\" \/>A autoclave vem bloqueada de f\u00e1brica. Realize o desbloqueio no site:<br data-start=\"1961\" data-end=\"1964\" \/>\ud83d\udc49 <a class=\"\" href=\"http:\/\/www.cristofoli.com\" target=\"_new\" rel=\"noopener\" data-start=\"1970\" data-end=\"1988\">www.cristofoli.com<\/a><\/p>\n<\/li>\n<li data-start=\"1995\" data-end=\"2088\">\n<p data-start=\"1998\" data-end=\"2088\"><strong data-start=\"1998\" data-end=\"2021\">Ajuste de Altitude:<\/strong><br data-start=\"2021\" data-end=\"2024\" \/>Fundamental ap\u00f3s o desbloqueio e sempre que mudar de local.<\/p>\n<\/li>\n<li data-start=\"2093\" data-end=\"2294\">\n<p data-start=\"2096\" data-end=\"2220\"><strong data-start=\"2096\" data-end=\"2111\">Uso Di\u00e1rio:<\/strong><br data-start=\"2111\" data-end=\"2114\" \/>Ap\u00f3s esses passos, o equipamento estar\u00e1 pronto para uso.<br data-start=\"2173\" data-end=\"2176\" \/>Assista aos v\u00eddeos oficiais de suporte:<\/p>\n<ul data-start=\"2224\" data-end=\"2294\">\n<li data-start=\"2224\" data-end=\"2244\">\n<p data-start=\"2226\" data-end=\"2244\">Como Desbloquear<\/p>\n<\/li>\n<li data-start=\"2248\" data-end=\"2273\">\n<p data-start=\"2250\" data-end=\"2273\">Como Ajustar Altitude<\/p>\n<\/li>\n<li data-start=\"2277\" data-end=\"2294\">\n<p data-start=\"2279\" data-end=\"2294\">Como Utilizar<\/p>\n<\/li>\n<\/ul>\n<\/li>\n<\/ol>\n<hr data-start=\"2296\" data-end=\"2299\" \/>\n<h3 data-start=\"2301\" data-end=\"2332\"><strong data-start=\"2308\" data-end=\"2332\">Recomenda\u00e7\u00f5es de Uso<\/strong><\/h3>\n<ul data-start=\"2333\" data-end=\"2635\">\n<li data-start=\"2333\" data-end=\"2379\">\n<p data-start=\"2335\" data-end=\"2379\"><strong data-start=\"2335\" data-end=\"2361\">Leia o manual completo<\/strong> antes de operar<\/p>\n<\/li>\n<li data-start=\"2380\" data-end=\"2417\">\n<p data-start=\"2382\" data-end=\"2417\">Utilize <strong data-start=\"2390\" data-end=\"2415\">apenas \u00e1gua destilada<\/strong><\/p>\n<\/li>\n<li data-start=\"2418\" data-end=\"2472\">\n<p data-start=\"2420\" data-end=\"2472\">N\u00e3o encoste materiais nas sa\u00eddas internas de vapor<\/p>\n<\/li>\n<li data-start=\"2473\" data-end=\"2533\">\n<p data-start=\"2475\" data-end=\"2533\">Posicione os envelopes com o <strong data-start=\"2504\" data-end=\"2531\">papel voltado para cima<\/strong><\/p>\n<\/li>\n<li data-start=\"2534\" data-end=\"2582\">\n<p data-start=\"2536\" data-end=\"2582\">N\u00e3o ultrapasse <strong data-start=\"2551\" data-end=\"2580\">75% da capacidade interna<\/strong><\/p>\n<\/li>\n<li data-start=\"2583\" data-end=\"2635\">\n<p data-start=\"2585\" data-end=\"2635\">Use o suporte para envelopes para melhor secagem<\/p>\n<\/li>\n<\/ul>\n<hr data-start=\"2637\" data-end=\"2640\" \/>\n<h3 data-start=\"2642\" data-end=\"2688\"><strong data-start=\"2649\" data-end=\"2688\">Obrigatoriedade em Sal\u00f5es de Beleza<\/strong><\/h3>\n<p data-start=\"2689\" data-end=\"2888\">A <strong data-start=\"2691\" data-end=\"2721\">Lei Federal n\u00ba 12.592\/2012<\/strong> reconhece as profiss\u00f5es da beleza e responsabiliza os profissionais pela correta esteriliza\u00e7\u00e3o de instrumentos.<br data-start=\"2833\" data-end=\"2836\" \/><strong data-start=\"2836\" data-end=\"2871\">Obrigat\u00f3rio em sal\u00f5es de beleza<\/strong> em estados como:<\/p>\n<ul data-start=\"2889\" data-end=\"3013\">\n<li data-start=\"2889\" data-end=\"2910\">\n<p data-start=\"2891\" data-end=\"2910\">Rio Grande do Sul<\/p>\n<\/li>\n<li data-start=\"2911\" data-end=\"2921\">\n<p data-start=\"2913\" data-end=\"2921\">Paran\u00e1<\/p>\n<\/li>\n<li data-start=\"2922\" data-end=\"3013\">\n<p data-start=\"2924\" data-end=\"3013\">Santa Catarina<br data-start=\"2938\" data-end=\"2941\" \/>E j\u00e1 sendo exigido por v\u00e1rias <strong data-start=\"2971\" data-end=\"3012\">vigil\u00e2ncias sanit\u00e1rias em todo o pa\u00eds<\/strong>.<\/p>\n<\/li>\n<\/ul>\n<hr data-start=\"3015\" data-end=\"3018\" \/>\n<h3 data-start=\"3020\" data-end=\"3054\"><strong data-start=\"3027\" data-end=\"3054\">Especifica\u00e7\u00f5es T\u00e9cnicas<\/strong><\/h3>\n<ul data-start=\"3055\" data-end=\"3579\">\n<li data-start=\"3055\" data-end=\"3084\">\n<p data-start=\"3057\" data-end=\"3084\"><strong data-start=\"3057\" data-end=\"3072\">Capacidade:<\/strong> 12 Litros<\/p>\n<\/li>\n<li data-start=\"3085\" data-end=\"3112\">\n<p data-start=\"3087\" data-end=\"3112\"><strong data-start=\"3087\" data-end=\"3102\">Peso bruto:<\/strong> 20,6 kg<\/p>\n<\/li>\n<li data-start=\"3113\" data-end=\"3151\">\n<p data-start=\"3115\" data-end=\"3151\"><strong data-start=\"3115\" data-end=\"3138\">Dimens\u00f5es internas:<\/strong> 22 x 30 cm<\/p>\n<\/li>\n<li data-start=\"3152\" data-end=\"3199\">\n<p data-start=\"3154\" data-end=\"3199\"><strong data-start=\"3154\" data-end=\"3177\">Dimens\u00f5es externas:<\/strong> 35 x 34,5 x 48,5 cm<\/p>\n<\/li>\n<li data-start=\"3200\" data-end=\"3241\">\n<p data-start=\"3202\" data-end=\"3241\"><strong data-start=\"3202\" data-end=\"3220\">Bandeja menor:<\/strong> 15,5 x 1,2 x 28 cm<\/p>\n<\/li>\n<li data-start=\"3242\" data-end=\"3281\">\n<p data-start=\"3244\" data-end=\"3281\"><strong data-start=\"3244\" data-end=\"3262\">Bandeja maior:<\/strong> 20 x 1,2 x 28 cm<\/p>\n<\/li>\n<li data-start=\"3282\" data-end=\"3332\">\n<p data-start=\"3284\" data-end=\"3332\"><strong data-start=\"3284\" data-end=\"3297\">Voltagem:<\/strong> Bivolt autom\u00e1tico (95 \u2013 254V AC)<\/p>\n<\/li>\n<li data-start=\"3333\" data-end=\"3361\">\n<p data-start=\"3335\" data-end=\"3361\"><strong data-start=\"3335\" data-end=\"3350\">Frequ\u00eancia:<\/strong> 50\/60 Hz<\/p>\n<\/li>\n<li data-start=\"3362\" data-end=\"3390\">\n<p data-start=\"3364\" data-end=\"3390\"><strong data-start=\"3364\" data-end=\"3377\">Pot\u00eancia:<\/strong> 1200 Watts<\/p>\n<\/li>\n<li data-start=\"3391\" data-end=\"3446\">\n<p data-start=\"3393\" data-end=\"3446\"><strong data-start=\"3393\" data-end=\"3422\">Press\u00e3o m\u00e1x. de opera\u00e7\u00e3o:<\/strong> 216 kPa (2,2 kgf\/cm\u00b2)<\/p>\n<\/li>\n<li data-start=\"3447\" data-end=\"3483\">\n<p data-start=\"3449\" data-end=\"3483\"><strong data-start=\"3449\" data-end=\"3475\">Temp. da \u00e1gua drenada:<\/strong> 100\u00b0C<\/p>\n<\/li>\n<li data-start=\"3484\" data-end=\"3531\">\n<p data-start=\"3486\" data-end=\"3531\"><strong data-start=\"3486\" data-end=\"3517\">Faixa de temperatura ideal:<\/strong> 15\u00b0C a 40\u00b0C<\/p>\n<\/li>\n<li data-start=\"3532\" data-end=\"3579\">\n<p data-start=\"3534\" data-end=\"3579\"><strong data-start=\"3534\" data-end=\"3565\">Altitude ideal de trabalho:<\/strong> At\u00e9 3.500 m<\/p>\n<\/li>\n<\/ul>\n","protected":false},"excerpt":{"rendered":"Autoclave Vitale Class 12L Bivolt \u2013 Crist\u00f3foli O que \u00e9 a Autoclave? A autoclave \u00e9 um equipamento utilizado&hellip;","protected":false},"featured_media":7970,"comment_status":"open","ping_status":"closed","template":"","meta":{"slim_seo":{"title":"Autoclave Vitale Class 12L Bivolt - Cristofoli - Hospitalaria RS","description":"Autoclave Vitale Class 12L Bivolt \u2013 Crist\u00f3foli O que \u00e9 a Autoclave? A autoclave \u00e9 um equipamento utilizado para esterilizar materiais e instrumentais por meio d"}},"product_brand":[673],"product_cat":[34],"product_tag":[676,687,682,683,691],"class_list":{"0":"post-7969","1":"product","2":"type-product","3":"status-publish","4":"has-post-thumbnail","6":"product_brand-cristofoli","7":"product_cat-equipamentos","8":"product_tag-autoclave-bivolt-automatica","9":"product_tag-autoclave-certificada-anvisa","10":"product_tag-autoclave-com-10-sistemas-de-seguranca","11":"product_tag-autoclave-com-ajuste-de-altitude","12":"product_tag-autoclave-com-bandejas-em-aluminio","13":"mbf-entry","15":"first","16":"outofstock","17":"shipping-taxable","18":"product-type-simple"},"_links":{"self":[{"href":"https:\/\/hospitalariars.com.br\/index.php\/wp-json\/wp\/v2\/product\/7969","targetHints":{"allow":["GET"]}}],"collection":[{"href":"https:\/\/hospitalariars.com.br\/index.php\/wp-json\/wp\/v2\/product"}],"about":[{"href":"https:\/\/hospitalariars.com.br\/index.php\/wp-json\/wp\/v2\/types\/product"}],"replies":[{"embeddable":true,"href":"https:\/\/hospitalariars.com.br\/index.php\/wp-json\/wp\/v2\/comments?post=7969"}],"wp:featuredmedia":[{"embeddable":true,"href":"https:\/\/hospitalariars.com.br\/index.php\/wp-json\/wp\/v2\/media\/7970"}],"wp:attachment":[{"href":"https:\/\/hospitalariars.com.br\/index.php\/wp-json\/wp\/v2\/media?parent=7969"}],"wp:term":[{"taxonomy":"product_brand","embeddable":true,"href":"https:\/\/hospitalariars.com.br\/index.php\/wp-json\/wp\/v2\/product_brand?post=7969"},{"taxonomy":"product_cat","embeddable":true,"href":"https:\/\/hospitalariars.com.br\/index.php\/wp-json\/wp\/v2\/product_cat?post=7969"},{"taxonomy":"product_tag","embeddable":true,"href":"https:\/\/hospitalariars.com.br\/index.php\/wp-json\/wp\/v2\/product_tag?post=7969"}],"curies":[{"name":"wp","href":"https:\/\/api.w.org\/{rel}","templated":true}]}}