{"id":7973,"date":"2025-06-27T11:52:28","date_gmt":"2025-06-27T14:52:28","guid":{"rendered":"https:\/\/hospitalariars.com.br\/?post_type=product&#038;p=7973"},"modified":"2026-03-27T16:03:38","modified_gmt":"2026-03-27T19:03:38","slug":"seladora-ajuste-de-temperatura-recorte-e-suporte-de-papel-cristofoli","status":"publish","type":"product","link":"https:\/\/hospitalariars.com.br\/index.php\/produto\/seladora-ajuste-de-temperatura-recorte-e-suporte-de-papel-cristofoli\/","title":{"rendered":"Seladora Ajuste de temperatura Recorte e suporte de papel &#8211; Crist\u00f3foli"},"content":{"rendered":"<h2 data-start=\"118\" data-end=\"175\"><span class=\"OYPEnA font-feature-liga-off font-feature-clig-off font-feature-calt-off text-decoration-none text-strikethrough-none\">Seladora Ajuste de temperatura Recorte e suporte de papel &#8211; Crist\u00f3foli<\/span><\/h2>\n<p data-start=\"177\" data-end=\"204\"><strong data-start=\"177\" data-end=\"202\">Conte\u00fado da Embalagem<\/strong><\/p>\n<ul data-start=\"205\" data-end=\"246\">\n<li data-start=\"205\" data-end=\"219\">\n<p data-start=\"207\" data-end=\"219\">1 Seladora<\/p>\n<\/li>\n<li data-start=\"220\" data-end=\"246\">\n<p data-start=\"222\" data-end=\"246\">1 Manual de Instru\u00e7\u00f5es<\/p>\n<\/li>\n<\/ul>\n<hr data-start=\"248\" data-end=\"251\" \/>\n<h3 data-start=\"253\" data-end=\"281\">Caracter\u00edsticas T\u00e9cnicas<\/h3>\n<ul data-start=\"283\" data-end=\"912\">\n<li data-start=\"283\" data-end=\"358\">\n<p data-start=\"285\" data-end=\"358\">Resist\u00eancia <strong data-start=\"297\" data-end=\"313\">PTC blindada<\/strong> com <strong data-start=\"318\" data-end=\"356\">controle autom\u00e1tico de temperatura<\/strong><\/p>\n<\/li>\n<li data-start=\"359\" data-end=\"398\">\n<p data-start=\"361\" data-end=\"398\"><strong data-start=\"361\" data-end=\"382\">Bivolt autom\u00e1tico<\/strong> (110 \u2013 240 V)<\/p>\n<\/li>\n<li data-start=\"399\" data-end=\"454\">\n<p data-start=\"401\" data-end=\"454\">Sistema de <strong data-start=\"412\" data-end=\"452\">corte integrado em ambas as dire\u00e7\u00f5es<\/strong><\/p>\n<\/li>\n<li data-start=\"455\" data-end=\"510\">\n<p data-start=\"457\" data-end=\"510\">Acionamento por <strong data-start=\"473\" data-end=\"508\">alavanca com trava de seguran\u00e7a<\/strong><\/p>\n<\/li>\n<li data-start=\"511\" data-end=\"588\">\n<p data-start=\"513\" data-end=\"588\">Teclado de membrana com <strong data-start=\"537\" data-end=\"557\">LEDs indicativos<\/strong> e <strong data-start=\"560\" data-end=\"586\">alertas sonoros (bips)<\/strong><\/p>\n<\/li>\n<li data-start=\"589\" data-end=\"651\">\n<p data-start=\"591\" data-end=\"651\"><strong data-start=\"591\" data-end=\"618\">Desligamento autom\u00e1tico<\/strong> ap\u00f3s 30 minutos de inatividade<\/p>\n<\/li>\n<li data-start=\"652\" data-end=\"675\">\n<p data-start=\"654\" data-end=\"675\"><strong data-start=\"654\" data-end=\"667\">Pot\u00eancia:<\/strong> 180 W<\/p>\n<\/li>\n<li data-start=\"676\" data-end=\"706\">\n<p data-start=\"678\" data-end=\"706\"><strong data-start=\"678\" data-end=\"698\">\u00c1rea de selagem:<\/strong> 30 cm<\/p>\n<\/li>\n<li data-start=\"707\" data-end=\"742\">\n<p data-start=\"709\" data-end=\"742\"><strong data-start=\"709\" data-end=\"734\">Espessura da selagem:<\/strong> 12 mm<\/p>\n<\/li>\n<li data-start=\"743\" data-end=\"810\">\n<p data-start=\"745\" data-end=\"810\"><strong data-start=\"745\" data-end=\"786\">Dimens\u00f5es do equipamento (L x A x P):<\/strong> 44,2 x 12,5 x 30,5 cm<\/p>\n<\/li>\n<li data-start=\"811\" data-end=\"876\">\n<p data-start=\"813\" data-end=\"876\"><strong data-start=\"813\" data-end=\"852\">Dimens\u00f5es da embalagem (L x A x P):<\/strong> 45,0 x 12,5 x 31,0 cm<\/p>\n<\/li>\n<li data-start=\"877\" data-end=\"912\">\n<p data-start=\"879\" data-end=\"912\"><strong data-start=\"879\" data-end=\"892\">Garantia:<\/strong> 2 anos de f\u00e1brica<\/p>\n<\/li>\n<\/ul>\n<hr data-start=\"914\" data-end=\"917\" \/>\n<h3 data-start=\"919\" data-end=\"941\">Indica\u00e7\u00e3o de Uso<\/h3>\n<p data-start=\"942\" data-end=\"1219\">A seladora \u00e9 indicada para <strong data-start=\"969\" data-end=\"1016\">fechamento de embalagens para esteriliza\u00e7\u00e3o<\/strong>, especialmente em <strong data-start=\"1035\" data-end=\"1074\">filme pl\u00e1stico\/papel grau cir\u00fargico<\/strong>. Ideal para consult\u00f3rios odontol\u00f3gicos, cl\u00ednicas m\u00e9dicas, laborat\u00f3rios, est\u00fadios de tatuagem e est\u00e9tica que utilizam processos de esteriliza\u00e7\u00e3o.<\/p>\n","protected":false},"excerpt":{"rendered":"Seladora Ajuste de temperatura Recorte e suporte de papel &#8211; Crist\u00f3foli Conte\u00fado da Embalagem 1 Seladora 1 Manual&hellip;","protected":false},"featured_media":7974,"comment_status":"open","ping_status":"closed","template":"","meta":{"slim_seo":{"title":"Seladora Ajuste de temperatura Recorte e suporte de papel - Crist\u00f3foli - Hospitalaria RS","description":"Seladora Ajuste de temperatura Recorte e suporte de papel - Crist\u00f3foli Conte\u00fado da Embalagem 1 Seladora 1 Manual de Instru\u00e7\u00f5es Caracter\u00edsticas T\u00e9cnicas Resist\u00ean"}},"product_brand":[673],"product_cat":[34],"product_tag":[698,711,699,703,705,712],"class_list":{"0":"post-7973","1":"product","2":"type-product","3":"status-publish","4":"has-post-thumbnail","6":"product_brand-cristofoli","7":"product_cat-equipamentos","8":"product_tag-seladora-30-cm","9":"product_tag-seladora-bivolt-110v-220v","10":"product_tag-seladora-bivolt-automatica","11":"product_tag-seladora-com-alavanca-e-trava","12":"product_tag-seladora-com-aviso-sonoro","13":"product_tag-seladora-com-controle-de-temperatura","14":"mbf-entry","16":"first","17":"outofstock","18":"shipping-taxable","19":"product-type-simple"},"_links":{"self":[{"href":"https:\/\/hospitalariars.com.br\/index.php\/wp-json\/wp\/v2\/product\/7973","targetHints":{"allow":["GET"]}}],"collection":[{"href":"https:\/\/hospitalariars.com.br\/index.php\/wp-json\/wp\/v2\/product"}],"about":[{"href":"https:\/\/hospitalariars.com.br\/index.php\/wp-json\/wp\/v2\/types\/product"}],"replies":[{"embeddable":true,"href":"https:\/\/hospitalariars.com.br\/index.php\/wp-json\/wp\/v2\/comments?post=7973"}],"wp:featuredmedia":[{"embeddable":true,"href":"https:\/\/hospitalariars.com.br\/index.php\/wp-json\/wp\/v2\/media\/7974"}],"wp:attachment":[{"href":"https:\/\/hospitalariars.com.br\/index.php\/wp-json\/wp\/v2\/media?parent=7973"}],"wp:term":[{"taxonomy":"product_brand","embeddable":true,"href":"https:\/\/hospitalariars.com.br\/index.php\/wp-json\/wp\/v2\/product_brand?post=7973"},{"taxonomy":"product_cat","embeddable":true,"href":"https:\/\/hospitalariars.com.br\/index.php\/wp-json\/wp\/v2\/product_cat?post=7973"},{"taxonomy":"product_tag","embeddable":true,"href":"https:\/\/hospitalariars.com.br\/index.php\/wp-json\/wp\/v2\/product_tag?post=7973"}],"curies":[{"name":"wp","href":"https:\/\/api.w.org\/{rel}","templated":true}]}}