{"id":7980,"date":"2025-06-27T15:14:14","date_gmt":"2025-06-27T18:14:14","guid":{"rendered":"https:\/\/hospitalariars.com.br\/?post_type=product&#038;p=7980"},"modified":"2026-03-27T16:03:38","modified_gmt":"2026-03-27T19:03:38","slug":"rolo-de-papel-para-esterilizacao-com-indicador-quimico-de-esterilizacao","status":"publish","type":"product","link":"https:\/\/hospitalariars.com.br\/index.php\/produto\/rolo-de-papel-para-esterilizacao-com-indicador-quimico-de-esterilizacao\/","title":{"rendered":"Rolo de papel para Esteriliza\u00e7\u00e3o Com indicador qu\u00edmico de esteriliza\u00e7\u00e3o"},"content":{"rendered":"<h3 data-start=\"197\" data-end=\"259\"><strong data-start=\"201\" data-end=\"259\">Rolo de Papel para Esteriliza\u00e7\u00e3o com Indicador Qu\u00edmico<\/strong><\/h3>\n<p data-start=\"261\" data-end=\"286\"><strong data-start=\"261\" data-end=\"286\">Descri\u00e7\u00e3o do Produto:<\/strong><\/p>\n<p data-start=\"288\" data-end=\"690\">O <strong data-start=\"290\" data-end=\"348\">Rolo de Papel para Esteriliza\u00e7\u00e3o com Indicador Qu\u00edmico<\/strong> \u00e9 um material essencial para cl\u00ednicas, consult\u00f3rios e hospitais que utilizam autoclaves para a esteriliza\u00e7\u00e3o de instrumentos. Fabricado com papel grau cir\u00fargico e filme pl\u00e1stico de alta resist\u00eancia t\u00e9rmica, esse rolo proporciona <strong data-start=\"578\" data-end=\"624\">prote\u00e7\u00e3o eficaz e visibilidade do conte\u00fado<\/strong>, assegurando a integridade dos instrumentos at\u00e9 o momento do uso.<\/p>\n<p data-start=\"692\" data-end=\"928\">Possui <strong data-start=\"699\" data-end=\"737\">indicador qu\u00edmico de esteriliza\u00e7\u00e3o<\/strong> que muda de cor quando exposto ao ciclo de esteriliza\u00e7\u00e3o adequado, permitindo <strong data-start=\"816\" data-end=\"847\">verifica\u00e7\u00e3o visual imediata<\/strong> da efici\u00eancia do processo. Compat\u00edvel com <strong data-start=\"890\" data-end=\"927\">autoclaves a vapor (classe N e B)<\/strong>.<\/p>\n<p data-start=\"930\" data-end=\"1080\">Dispon\u00edvel em diversos tamanhos, o rolo pode ser <strong data-start=\"979\" data-end=\"1013\">cortado conforme a necessidade<\/strong>, facilitando a personaliza\u00e7\u00e3o de embalagens e otimizando recursos.<\/p>\n<hr data-start=\"1082\" data-end=\"1085\" \/>\n<p data-start=\"1087\" data-end=\"1107\"><strong data-start=\"1087\" data-end=\"1107\">Caracter\u00edsticas:<\/strong><\/p>\n<ul data-start=\"1108\" data-end=\"1563\">\n<li data-start=\"1108\" data-end=\"1202\">\n<p data-start=\"1110\" data-end=\"1202\">Papel grau cir\u00fargico de alta gramatura (\u226560g\/m\u00b2) e filme laminado de poli\u00e9ster\/polipropileno<\/p>\n<\/li>\n<li data-start=\"1203\" data-end=\"1304\">\n<p data-start=\"1205\" data-end=\"1304\">Indica\u00e7\u00e3o visual com <strong data-start=\"1226\" data-end=\"1258\">indicador qu\u00edmico (Classe 1)<\/strong> que muda de cor ap\u00f3s o ciclo de esteriliza\u00e7\u00e3o<\/p>\n<\/li>\n<li data-start=\"1305\" data-end=\"1350\">\n<p data-start=\"1307\" data-end=\"1350\">Resist\u00eancia \u00e0 umidade, rasgos e perfura\u00e7\u00f5es<\/p>\n<\/li>\n<li data-start=\"1351\" data-end=\"1381\">\n<p data-start=\"1353\" data-end=\"1381\">Selagem uniforme e confi\u00e1vel<\/p>\n<\/li>\n<li data-start=\"1382\" data-end=\"1398\">\n<p data-start=\"1384\" data-end=\"1398\">Livre de l\u00e1tex<\/p>\n<\/li>\n<li data-start=\"1399\" data-end=\"1430\">\n<p data-start=\"1401\" data-end=\"1430\">Produto descart\u00e1vel e at\u00f3xico<\/p>\n<\/li>\n<li data-start=\"1431\" data-end=\"1513\">\n<p data-start=\"1433\" data-end=\"1513\">Validade: geralmente 5 anos a partir da data de fabrica\u00e7\u00e3o (verificar embalagem)<\/p>\n<\/li>\n<li data-start=\"1514\" data-end=\"1563\">\n<p data-start=\"1516\" data-end=\"1563\">Atende \u00e0s normas da ANVISA e ABNT NBR ISO 11607<\/p>\n<\/li>\n<\/ul>\n<hr data-start=\"1565\" data-end=\"1568\" \/>\n<p data-start=\"1570\" data-end=\"1592\"><strong data-start=\"1570\" data-end=\"1592\">Indica\u00e7\u00f5es de Uso:<\/strong><\/p>\n<ul data-start=\"1593\" data-end=\"1811\">\n<li data-start=\"1593\" data-end=\"1708\">\n<p data-start=\"1595\" data-end=\"1708\">Esteriliza\u00e7\u00e3o de instrumentais cir\u00fargicos, odontol\u00f3gicos, dermatol\u00f3gicos, est\u00e9ticos, laboratoriais e veterin\u00e1rios<\/p>\n<\/li>\n<li data-start=\"1709\" data-end=\"1811\">\n<p data-start=\"1711\" data-end=\"1811\">Ideal para cl\u00ednicas, hospitais, consult\u00f3rios m\u00e9dicos, odontol\u00f3gicos, est\u00fadios de tatuagem e est\u00e9tica<\/p>\n<\/li>\n<\/ul>\n<hr data-start=\"1813\" data-end=\"1816\" \/>\n<p data-start=\"1818\" data-end=\"1840\"><strong data-start=\"1818\" data-end=\"1840\">Instru\u00e7\u00f5es de Uso:<\/strong><\/p>\n<ol data-start=\"1841\" data-end=\"2010\">\n<li data-start=\"1841\" data-end=\"1880\">\n<p data-start=\"1844\" data-end=\"1880\">Corte o rolo no comprimento desejado<\/p>\n<\/li>\n<li data-start=\"1881\" data-end=\"1917\">\n<p data-start=\"1884\" data-end=\"1917\">Insira o instrumento limpo e seco<\/p>\n<\/li>\n<li data-start=\"1918\" data-end=\"1946\">\n<p data-start=\"1921\" data-end=\"1946\">Sele com seladora t\u00e9rmica<\/p>\n<\/li>\n<li data-start=\"1947\" data-end=\"2010\">\n<p data-start=\"1950\" data-end=\"2010\">Esterilize em autoclave conforme as instru\u00e7\u00f5es do fabricante<\/p>\n<\/li>\n<\/ol>\n","protected":false},"excerpt":{"rendered":"Rolo de Papel para Esteriliza\u00e7\u00e3o com Indicador Qu\u00edmico Descri\u00e7\u00e3o do Produto: O Rolo de Papel para Esteriliza\u00e7\u00e3o com&hellip;","protected":false},"featured_media":7981,"comment_status":"open","ping_status":"closed","template":"","meta":{"slim_seo":{"title":"Rolo de papel para Esteriliza\u00e7\u00e3o Com indicador qu\u00edmico de esteriliza\u00e7\u00e3o - Hospitalaria RS","description":"Rolo de Papel para Esteriliza\u00e7\u00e3o com Indicador Qu\u00edmico Descri\u00e7\u00e3o do Produto: O Rolo de Papel para Esteriliza\u00e7\u00e3o com Indicador Qu\u00edmico \u00e9 um material essencial pa"}},"product_brand":[673,716],"product_cat":[36],"product_tag":[736,738,734,735,737],"class_list":{"0":"post-7980","1":"product","2":"type-product","3":"status-publish","4":"has-post-thumbnail","6":"product_brand-cristofoli","7":"product_brand-stermax","8":"product_cat-materiais-de-consumo","9":"product_tag-papel-grau-cirurgico-com-indicador","10":"product_tag-papel-para-esterilizacao-com-indicador-quimico","11":"product_tag-rolo-de-papel-para-esterilizacao","12":"product_tag-rolo-grau-cirurgico","13":"product_tag-rolo-para-autoclave","14":"mbf-entry","16":"first","17":"outofstock","18":"shipping-taxable","19":"product-type-simple"},"_links":{"self":[{"href":"https:\/\/hospitalariars.com.br\/index.php\/wp-json\/wp\/v2\/product\/7980","targetHints":{"allow":["GET"]}}],"collection":[{"href":"https:\/\/hospitalariars.com.br\/index.php\/wp-json\/wp\/v2\/product"}],"about":[{"href":"https:\/\/hospitalariars.com.br\/index.php\/wp-json\/wp\/v2\/types\/product"}],"replies":[{"embeddable":true,"href":"https:\/\/hospitalariars.com.br\/index.php\/wp-json\/wp\/v2\/comments?post=7980"}],"wp:featuredmedia":[{"embeddable":true,"href":"https:\/\/hospitalariars.com.br\/index.php\/wp-json\/wp\/v2\/media\/7981"}],"wp:attachment":[{"href":"https:\/\/hospitalariars.com.br\/index.php\/wp-json\/wp\/v2\/media?parent=7980"}],"wp:term":[{"taxonomy":"product_brand","embeddable":true,"href":"https:\/\/hospitalariars.com.br\/index.php\/wp-json\/wp\/v2\/product_brand?post=7980"},{"taxonomy":"product_cat","embeddable":true,"href":"https:\/\/hospitalariars.com.br\/index.php\/wp-json\/wp\/v2\/product_cat?post=7980"},{"taxonomy":"product_tag","embeddable":true,"href":"https:\/\/hospitalariars.com.br\/index.php\/wp-json\/wp\/v2\/product_tag?post=7980"}],"curies":[{"name":"wp","href":"https:\/\/api.w.org\/{rel}","templated":true}]}}