{"id":7985,"date":"2025-06-27T15:30:30","date_gmt":"2025-06-27T18:30:30","guid":{"rendered":"https:\/\/hospitalariars.com.br\/?post_type=product&#038;p=7985"},"modified":"2026-03-27T16:03:38","modified_gmt":"2026-03-27T19:03:38","slug":"kit-cirurgico-esteril-40g-6-pecas-medix","status":"publish","type":"product","link":"https:\/\/hospitalariars.com.br\/index.php\/produto\/kit-cirurgico-esteril-40g-6-pecas-medix\/","title":{"rendered":"Kit Cir\u00fargico Est\u00e9ril 40g 6 pe\u00e7as &#8211; Medix"},"content":{"rendered":"<div class=\"card__header\">\n<div class=\"card__header\">\n<h2 class=\"card__title heading h3\">Descri\u00e7\u00e3o<\/h2>\n<\/div>\n<div class=\"card__section\">\n<div class=\"rte text--pull\">\n<p id=\"tw-target-text\" class=\"tw-data-text tw-text-large tw-ta\" dir=\"ltr\" data-ved=\"2ahUKEwjz8-qpyYSIAxXRq5UCHVW5KLoQ3ewLegQICBAU\" aria-label=\"Texto traduzido\" data-placeholder=\"Tradu\u00e7\u00e3o\"><span class=\"Y2IQFc\" lang=\"pt\">Este kit de campo cir\u00fargico universal est\u00e9ril, desenvolvido com materiais de alta qualidade, proporciona prote\u00e7\u00e3o durante os procedimentos cir\u00fargicos, garantindo seguran\u00e7a e conforto tanto para o profissional quanto para o paciente.<\/span><\/p>\n<h3>Especifica\u00e7\u00f5es T\u00e9cnicas<\/h3>\n<p>Confeccionado em SMS com gramatura de 40g\/m2 com \u00e1reas de refor\u00e7o em n\u00e3o tecido Laminado 48g\/m2. Possui fita adesiva dupla face hipoal\u00e9rgica para fixa\u00e7\u00e3o do campo e delimita\u00e7\u00e3o do s\u00edtio cir\u00fargico.<\/p>\n<h3><strong>Este kit cont\u00e9m:\u00a0<\/strong><\/h3>\n<ul>\n<li>1 campo de mesa instrumental: 1,5m x 1,0m<\/li>\n<li>1 campo superior: 2,5m x 1,5m<\/li>\n<li>1 campo inferior: 2,0m x 1,5m<\/li>\n<li>2 campos laterais: 1,5m x 1,0m<\/li>\n<li>1 bolsa para instrumental (48g\/m2) 1,5m x 1,0m<\/li>\n<\/ul>\n<p>Produto est\u00e9ril, descart\u00e1vel e de uso \u00fanico<br \/>\nValidade: 3 anos ap\u00f3s a data de esteriliza\u00e7\u00e3o<br \/>\nN\u00e3o possui fenestra<\/p>\n<\/div>\n<\/div>\n<\/div>\n","protected":false},"excerpt":{"rendered":"Descri\u00e7\u00e3o Este kit de campo cir\u00fargico universal est\u00e9ril, desenvolvido com materiais de alta qualidade, proporciona prote\u00e7\u00e3o durante os&hellip;","protected":false},"featured_media":7986,"comment_status":"open","ping_status":"closed","template":"","meta":{"slim_seo":{"title":"Kit Cir\u00fargico Est\u00e9ril 40g 6 pe\u00e7as - Medix - Hospitalaria RS","description":"Descri\u00e7\u00e3o Este kit de campo cir\u00fargico universal est\u00e9ril, desenvolvido com materiais de alta qualidade, proporciona prote\u00e7\u00e3o durante os procedimentos cir\u00fargicos,"}},"product_brand":[77],"product_cat":[36],"product_tag":[746,745,747,744,748],"class_list":{"0":"post-7985","1":"product","2":"type-product","3":"status-publish","4":"has-post-thumbnail","6":"product_brand-medix","7":"product_cat-materiais-de-consumo","8":"product_tag-campo-cirurgico-sms-com-adesivo","9":"product_tag-campo-cirurgico-universal-sem-fenestra","10":"product_tag-campos-cirurgicos-descartaveis","11":"product_tag-kit-campo-cirurgico-esteril","12":"product_tag-kit-cirurgico-hospitalar","13":"mbf-entry","15":"first","16":"outofstock","17":"shipping-taxable","18":"product-type-simple"},"_links":{"self":[{"href":"https:\/\/hospitalariars.com.br\/index.php\/wp-json\/wp\/v2\/product\/7985","targetHints":{"allow":["GET"]}}],"collection":[{"href":"https:\/\/hospitalariars.com.br\/index.php\/wp-json\/wp\/v2\/product"}],"about":[{"href":"https:\/\/hospitalariars.com.br\/index.php\/wp-json\/wp\/v2\/types\/product"}],"replies":[{"embeddable":true,"href":"https:\/\/hospitalariars.com.br\/index.php\/wp-json\/wp\/v2\/comments?post=7985"}],"wp:featuredmedia":[{"embeddable":true,"href":"https:\/\/hospitalariars.com.br\/index.php\/wp-json\/wp\/v2\/media\/7986"}],"wp:attachment":[{"href":"https:\/\/hospitalariars.com.br\/index.php\/wp-json\/wp\/v2\/media?parent=7985"}],"wp:term":[{"taxonomy":"product_brand","embeddable":true,"href":"https:\/\/hospitalariars.com.br\/index.php\/wp-json\/wp\/v2\/product_brand?post=7985"},{"taxonomy":"product_cat","embeddable":true,"href":"https:\/\/hospitalariars.com.br\/index.php\/wp-json\/wp\/v2\/product_cat?post=7985"},{"taxonomy":"product_tag","embeddable":true,"href":"https:\/\/hospitalariars.com.br\/index.php\/wp-json\/wp\/v2\/product_tag?post=7985"}],"curies":[{"name":"wp","href":"https:\/\/api.w.org\/{rel}","templated":true}]}}