{"id":8002,"date":"2025-06-27T16:26:17","date_gmt":"2025-06-27T19:26:17","guid":{"rendered":"https:\/\/hospitalariars.com.br\/?post_type=product&#038;p=8002"},"modified":"2026-03-27T16:03:38","modified_gmt":"2026-03-27T19:03:38","slug":"mascara-cirurgica-descartavel-tripla-camada-tripletect-black-glofi","status":"publish","type":"product","link":"https:\/\/hospitalariars.com.br\/index.php\/produto\/mascara-cirurgica-descartavel-tripla-camada-tripletect-black-glofi\/","title":{"rendered":"M\u00e1scara Cir\u00fargica Descart\u00e1vel Tripla Camada \u2013 TripleTect Black \u2013 Gl\u00f6fi"},"content":{"rendered":"<h3 data-start=\"168\" data-end=\"246\"><strong data-start=\"172\" data-end=\"246\">M\u00e1scara Cir\u00fargica Descart\u00e1vel Tripla Camada \u2013 TripleTect Black \u2013 Gl\u00f6fi<\/strong><\/h3>\n<p data-start=\"248\" data-end=\"273\"><strong data-start=\"248\" data-end=\"273\">Descri\u00e7\u00e3o do Produto:<\/strong><\/p>\n<p data-start=\"275\" data-end=\"637\">A <strong data-start=\"277\" data-end=\"327\">M\u00e1scara Cir\u00fargica Descart\u00e1vel TripleTect Black<\/strong> da marca <strong data-start=\"337\" data-end=\"346\">Gl\u00f6fi<\/strong> combina estilo, prote\u00e7\u00e3o e conforto no dia a dia. Composta por <strong data-start=\"410\" data-end=\"438\">tr\u00eas camadas de prote\u00e7\u00e3o<\/strong> (Spunbond + Meltblown + Spunbond), essa m\u00e1scara oferece alta efici\u00eancia de filtragem bacteriol\u00f3gica (<strong data-start=\"540\" data-end=\"553\">BFE \u2265 98%<\/strong>), aliando resist\u00eancia mec\u00e2nica e filtragem de part\u00edculas com um toque suave \u00e0 pele.<\/p>\n<p data-start=\"639\" data-end=\"853\">Sua colora\u00e7\u00e3o <strong data-start=\"653\" data-end=\"671\">preta elegante<\/strong> \u00e9 ideal para quem busca prote\u00e7\u00e3o com discri\u00e7\u00e3o e estilo. Conta ainda com <strong data-start=\"745\" data-end=\"776\">el\u00e1stico roli\u00e7o confort\u00e1vel<\/strong> e <strong data-start=\"779\" data-end=\"802\">clip nasal mold\u00e1vel<\/strong>, que garantem melhor veda\u00e7\u00e3o e adapta\u00e7\u00e3o ao rosto.<\/p>\n<p data-start=\"855\" data-end=\"975\">Produzida com <strong data-start=\"869\" data-end=\"899\">100% polipropileno at\u00f3xico<\/strong>, \u00e9 indicada para uso n\u00e3o hospitalar, sendo <strong data-start=\"943\" data-end=\"973\">descart\u00e1vel e de uso \u00fanico<\/strong>.<\/p>\n<hr data-start=\"977\" data-end=\"980\" \/>\n<p data-start=\"982\" data-end=\"1011\"><strong data-start=\"982\" data-end=\"1011\">Caracter\u00edsticas T\u00e9cnicas:<\/strong><\/p>\n<ul data-start=\"1012\" data-end=\"1477\">\n<li data-start=\"1012\" data-end=\"1052\">\n<p data-start=\"1014\" data-end=\"1052\"><strong data-start=\"1014\" data-end=\"1025\">Modelo:<\/strong> TripleTect Black \u2013 Gl\u00f6fi<\/p>\n<\/li>\n<li data-start=\"1053\" data-end=\"1098\">\n<p data-start=\"1055\" data-end=\"1098\"><strong data-start=\"1055\" data-end=\"1064\">Tipo:<\/strong> M\u00e1scara cir\u00fargica tripla camada<\/p>\n<\/li>\n<li data-start=\"1099\" data-end=\"1117\">\n<p data-start=\"1101\" data-end=\"1117\"><strong data-start=\"1101\" data-end=\"1109\">Cor:<\/strong> Preta<\/p>\n<\/li>\n<li data-start=\"1118\" data-end=\"1162\">\n<p data-start=\"1120\" data-end=\"1162\"><strong data-start=\"1120\" data-end=\"1133\">Material:<\/strong> 100% polipropileno at\u00f3xico<\/p>\n<\/li>\n<li data-start=\"1163\" data-end=\"1232\">\n<p data-start=\"1165\" data-end=\"1232\"><strong data-start=\"1165\" data-end=\"1177\">Camadas:<\/strong> Spunbond (externa e interna) + Meltblown (filtrante)<\/p>\n<\/li>\n<li data-start=\"1233\" data-end=\"1277\">\n<p data-start=\"1235\" data-end=\"1277\"><strong data-start=\"1235\" data-end=\"1269\">Efici\u00eancia de filtra\u00e7\u00e3o (BFE):<\/strong> \u2265 98%<\/p>\n<\/li>\n<li data-start=\"1278\" data-end=\"1327\">\n<p data-start=\"1280\" data-end=\"1327\"><strong data-start=\"1280\" data-end=\"1292\">Formato:<\/strong> Com el\u00e1stico roli\u00e7o e clip nasal<\/p>\n<\/li>\n<li data-start=\"1328\" data-end=\"1379\">\n<p data-start=\"1330\" data-end=\"1379\"><strong data-start=\"1330\" data-end=\"1338\">Uso:<\/strong> N\u00e3o est\u00e9ril, descart\u00e1vel, de uso \u00fanico<\/p>\n<\/li>\n<li data-start=\"1380\" data-end=\"1420\">\n<p data-start=\"1382\" data-end=\"1420\"><strong data-start=\"1382\" data-end=\"1396\">Embalagem:<\/strong> Caixa com 50 unidades<\/p>\n<\/li>\n<li data-start=\"1421\" data-end=\"1477\">\n<p data-start=\"1423\" data-end=\"1477\"><strong data-start=\"1423\" data-end=\"1441\">Norma t\u00e9cnica:<\/strong> Conformidade com <strong data-start=\"1459\" data-end=\"1477\">ABNT NBR 15052<\/strong><\/p>\n<\/li>\n<\/ul>\n<hr data-start=\"1479\" data-end=\"1482\" \/>\n<p data-start=\"1484\" data-end=\"1500\"><strong data-start=\"1484\" data-end=\"1500\">Modo de Uso:<\/strong><\/p>\n<ol data-start=\"1501\" data-end=\"1728\">\n<li data-start=\"1501\" data-end=\"1560\">\n<p data-start=\"1504\" data-end=\"1560\">Verifique se a embalagem n\u00e3o foi violada antes do uso.<\/p>\n<\/li>\n<li data-start=\"1561\" data-end=\"1620\">\n<p data-start=\"1564\" data-end=\"1620\">Retire a m\u00e1scara evitando contato com a parte interna.<\/p>\n<\/li>\n<li data-start=\"1621\" data-end=\"1683\">\n<p data-start=\"1624\" data-end=\"1683\">Posicione os el\u00e1sticos nas orelhas e ajuste o clip nasal.<\/p>\n<\/li>\n<li data-start=\"1684\" data-end=\"1728\">\n<p data-start=\"1687\" data-end=\"1728\">Ap\u00f3s o uso, descarte em local apropriado.<\/p>\n<\/li>\n<\/ol>\n","protected":false},"excerpt":{"rendered":"M\u00e1scara Cir\u00fargica Descart\u00e1vel Tripla Camada \u2013 TripleTect Black \u2013 Gl\u00f6fi Descri\u00e7\u00e3o do Produto: A M\u00e1scara Cir\u00fargica Descart\u00e1vel TripleTect&hellip;","protected":false},"featured_media":8003,"comment_status":"open","ping_status":"closed","template":"","meta":{"slim_seo":{"title":"M\u00e1scara Cir\u00fargica Descart\u00e1vel Tripla Camada \u2013 TripleTect Black \u2013 Gl\u00f6fi - Hospitalaria RS","description":"M\u00e1scara Cir\u00fargica Descart\u00e1vel Tripla Camada \u2013 TripleTect Black \u2013 Gl\u00f6fi Descri\u00e7\u00e3o do Produto: A M\u00e1scara Cir\u00fargica Descart\u00e1vel TripleTect Black da marca Gl\u00f6fi com"}},"product_brand":[764],"product_cat":[36],"product_tag":[776,777,773,778,775],"class_list":{"0":"post-8002","1":"product","2":"type-product","3":"status-publish","4":"has-post-thumbnail","6":"product_brand-glofi","7":"product_cat-materiais-de-consumo","8":"product_tag-mascara-cirurgica-glofi-black","9":"product_tag-mascara-com-bfe-98-preta","10":"product_tag-mascara-com-elastico-rolico-e-clip-nasal","11":"product_tag-mascara-descartavel-estilosa","12":"product_tag-mascara-preta-tripla-camada","13":"mbf-entry","15":"first","16":"outofstock","17":"shipping-taxable","18":"product-type-simple"},"_links":{"self":[{"href":"https:\/\/hospitalariars.com.br\/index.php\/wp-json\/wp\/v2\/product\/8002","targetHints":{"allow":["GET"]}}],"collection":[{"href":"https:\/\/hospitalariars.com.br\/index.php\/wp-json\/wp\/v2\/product"}],"about":[{"href":"https:\/\/hospitalariars.com.br\/index.php\/wp-json\/wp\/v2\/types\/product"}],"replies":[{"embeddable":true,"href":"https:\/\/hospitalariars.com.br\/index.php\/wp-json\/wp\/v2\/comments?post=8002"}],"wp:featuredmedia":[{"embeddable":true,"href":"https:\/\/hospitalariars.com.br\/index.php\/wp-json\/wp\/v2\/media\/8003"}],"wp:attachment":[{"href":"https:\/\/hospitalariars.com.br\/index.php\/wp-json\/wp\/v2\/media?parent=8002"}],"wp:term":[{"taxonomy":"product_brand","embeddable":true,"href":"https:\/\/hospitalariars.com.br\/index.php\/wp-json\/wp\/v2\/product_brand?post=8002"},{"taxonomy":"product_cat","embeddable":true,"href":"https:\/\/hospitalariars.com.br\/index.php\/wp-json\/wp\/v2\/product_cat?post=8002"},{"taxonomy":"product_tag","embeddable":true,"href":"https:\/\/hospitalariars.com.br\/index.php\/wp-json\/wp\/v2\/product_tag?post=8002"}],"curies":[{"name":"wp","href":"https:\/\/api.w.org\/{rel}","templated":true}]}}