{"id":8008,"date":"2025-06-27T16:43:06","date_gmt":"2025-06-27T19:43:06","guid":{"rendered":"https:\/\/hospitalariars.com.br\/?post_type=product&#038;p=8008"},"modified":"2026-03-27T16:03:38","modified_gmt":"2026-03-27T19:03:38","slug":"luva-vinil-com-po-caixa-com-100-un-medix","status":"publish","type":"product","link":"https:\/\/hospitalariars.com.br\/index.php\/produto\/luva-vinil-com-po-caixa-com-100-un-medix\/","title":{"rendered":"Luva Vinil Com P\u00f3 Caixa com 100 un &#8211; Medix"},"content":{"rendered":"<div class=\"card__header\">\n<h2 class=\"card__title heading h3\">Descri\u00e7\u00e3o<\/h2>\n<\/div>\n<div class=\"card__section\">\n<div class=\"rte text--pull\">\n<p>&nbsp;<\/p>\n<ul>\n<li><strong>Luva de Certifica\u00e7\u00e3o Compuls\u00f3ria<br \/>\n<\/strong><\/li>\n<li><strong>Possui Registro Anvisa<br \/>\n<\/strong><\/li>\n<li><strong>Possui CA de prote\u00e7\u00e3o contra riscos biol\u00f3gicos<\/strong><\/li>\n<\/ul>\n<p><strong>Apresenta\u00e7\u00e3o<\/strong><\/p>\n<p>&nbsp;<\/p>\n<p>A Luva de Vinil\u00a0para procedimentos n\u00e3o cir\u00fargicos\u00a0com p\u00f3 \u00e9 lisa, ambidestra, transparente e com p\u00f3 de amido de milho, que \u00e9 bioabsorv\u00edvel e facilita os processos de coloca\u00e7\u00e3o e retirada.<\/p>\n<p>Indicada para a prote\u00e7\u00e3o das m\u00e3os\u00a0em procedimentos n\u00e3o invasivos, a Luva de Vinil \u00e9 descart\u00e1vel e de uso \u00fanico,\u00a0sendo proibido reprocessar e necess\u00e1rio descartar ap\u00f3s o uso.<\/p>\n<p><strong>Benef\u00edcios<\/strong><\/p>\n<ul>\n<li>Cont\u00e9m p\u00f3 bioabsorv\u00edvel;<\/li>\n<li>F\u00e1cil coloca\u00e7\u00e3o e retirada.<\/li>\n<\/ul>\n<p><strong>Modo de Uso<\/strong><\/p>\n<ol>\n<li>Verifique o tamanho adequado para suas m\u00e3os conforme indica\u00e7\u00e3o;<\/li>\n<li>Verifique a integridade da embalagem;<\/li>\n<li>Realize a higiene das m\u00e3os, assegure que as m\u00e3os estejam limpas e secas para o passo seguinte;<\/li>\n<li>Retire a luva da embalagem o mais pr\u00f3ximo poss\u00edvel do momento do uso;<\/li>\n<li>Calce a luva cuidadosamente, sem an\u00e9is, pulseiras, rel\u00f3gios ou outros acess\u00f3rios que possam perfurar o produto;<\/li>\n<li>Ap\u00f3s o uso, retire a luva e descarte-a imediatamente em local adequado;<\/li>\n<li>Realize a higiene das m\u00e3os;76\n<p>N\u00e3o reutilizar ou esterilizar ap\u00f3s o uso. PROIBIDO REPROCESSAR.<\/li>\n<\/ol>\n<p><strong>Especifica\u00e7\u00f5es t\u00e9cnicas<\/strong><\/p>\n<ul>\n<li>N\u00e3o est\u00e9ril;<\/li>\n<li>Ambidestra;<\/li>\n<li>Descart\u00e1vel;<\/li>\n<li>De uso \u00fanico;<\/li>\n<li>Com p\u00f3 bioabsorv\u00edvel (amido de milho).<\/li>\n<li>Material: vinil.<\/li>\n<li>Cor: transparente.<\/li>\n<li>Tamanhos: P\/M\/G\/GG (os valores est\u00e3o de acordo com as especifica\u00e7\u00f5es da NBR ISO 11193-2).<\/li>\n<li>Validade: 5 anos ap\u00f3s a data de fabrica\u00e7\u00e3o.<\/li>\n<li>Embalagem: caixa com 100 unidades<\/li>\n<li>Dimens\u00f5es embalagem: 12,5cm(c) x 24,5cm(l) x 5cm(a)<\/li>\n<li>Peso embalagem: P(350g), M(350g), G(390g)<\/li>\n<li>Possui Registro Anvisa<\/li>\n<li>Possui CA de prote\u00e7\u00e3o contra riscos biol\u00f3gicos<\/li>\n<\/ul>\n<\/div>\n<\/div>\n","protected":false},"excerpt":{"rendered":"Descri\u00e7\u00e3o &nbsp; Luva de Certifica\u00e7\u00e3o Compuls\u00f3ria Possui Registro Anvisa Possui CA de prote\u00e7\u00e3o contra riscos biol\u00f3gicos Apresenta\u00e7\u00e3o &nbsp;&hellip;","protected":false},"featured_media":8009,"comment_status":"open","ping_status":"closed","template":"","meta":{"slim_seo":{"title":"Luva Vinil Com P\u00f3 Caixa com 100 un - Medix - Hospitalaria RS","description":"Descri\u00e7\u00e3o &nbsp; Luva de Certifica\u00e7\u00e3o Compuls\u00f3ria Possui Registro Anvisa Possui CA de prote\u00e7\u00e3o contra riscos biol\u00f3gicos Apresenta\u00e7\u00e3o &nbsp; A Luva de Vinil\u00a0para"}},"product_brand":[77],"product_cat":[36],"product_tag":[786,785,784,787,788],"class_list":{"0":"post-8008","1":"product","2":"type-product","3":"status-publish","4":"has-post-thumbnail","6":"product_brand-medix","7":"product_cat-materiais-de-consumo","8":"product_tag-luva-ambidestra-com-amido-de-milho","9":"product_tag-luva-com-registro-anvisa-e-ca","10":"product_tag-luva-de-vinil-com-po-descartavel","11":"product_tag-luva-para-procedimentos-nao-cirurgicos","12":"product_tag-luva-transparente-descartavel-com-po","13":"mbf-entry","15":"first","16":"outofstock","17":"shipping-taxable","18":"product-type-simple"},"_links":{"self":[{"href":"https:\/\/hospitalariars.com.br\/index.php\/wp-json\/wp\/v2\/product\/8008","targetHints":{"allow":["GET"]}}],"collection":[{"href":"https:\/\/hospitalariars.com.br\/index.php\/wp-json\/wp\/v2\/product"}],"about":[{"href":"https:\/\/hospitalariars.com.br\/index.php\/wp-json\/wp\/v2\/types\/product"}],"replies":[{"embeddable":true,"href":"https:\/\/hospitalariars.com.br\/index.php\/wp-json\/wp\/v2\/comments?post=8008"}],"wp:featuredmedia":[{"embeddable":true,"href":"https:\/\/hospitalariars.com.br\/index.php\/wp-json\/wp\/v2\/media\/8009"}],"wp:attachment":[{"href":"https:\/\/hospitalariars.com.br\/index.php\/wp-json\/wp\/v2\/media?parent=8008"}],"wp:term":[{"taxonomy":"product_brand","embeddable":true,"href":"https:\/\/hospitalariars.com.br\/index.php\/wp-json\/wp\/v2\/product_brand?post=8008"},{"taxonomy":"product_cat","embeddable":true,"href":"https:\/\/hospitalariars.com.br\/index.php\/wp-json\/wp\/v2\/product_cat?post=8008"},{"taxonomy":"product_tag","embeddable":true,"href":"https:\/\/hospitalariars.com.br\/index.php\/wp-json\/wp\/v2\/product_tag?post=8008"}],"curies":[{"name":"wp","href":"https:\/\/api.w.org\/{rel}","templated":true}]}}