{"id":8010,"date":"2025-06-27T16:44:46","date_gmt":"2025-06-27T19:44:46","guid":{"rendered":"https:\/\/hospitalariars.com.br\/?post_type=product&#038;p=8010"},"modified":"2026-03-27T16:03:37","modified_gmt":"2026-03-27T19:03:37","slug":"luva-vinil-sem-po-caixa-com-100-un-medix","status":"publish","type":"product","link":"https:\/\/hospitalariars.com.br\/index.php\/produto\/luva-vinil-sem-po-caixa-com-100-un-medix\/","title":{"rendered":"Luva Vinil Sem P\u00f3 Caixa com 100 un \u2013 Medix"},"content":{"rendered":"<div class=\"card__header\">\n<h2 class=\"card__title heading h3\">Descri\u00e7\u00e3o<\/h2>\n<\/div>\n<div class=\"card__section\">\n<div class=\"rte text--pull\">\n<p><strong>Apresenta\u00e7\u00e3o<\/strong><\/p>\n<p>A Luva de Vinil\u00a0para procedimentos n\u00e3o cir\u00fargicos\u00a0sem p\u00f3 \u00e9 indicada para a prote\u00e7\u00e3o das m\u00e3os\u00a0em procedimentos n\u00e3o invasivos, quando n\u00e3o h\u00e1 contato com fluidos corp\u00f3reos passiveis de contamina\u00e7\u00e3o.<\/p>\n<p>Descart\u00e1vel e de uso \u00fanico. Proibido reprocessar.<\/p>\n<p><strong>Benef\u00edcios<\/strong><\/p>\n<ul>\n<li>Lisa;<\/li>\n<li>Ambidestra;<\/li>\n<li>Transparente;<\/li>\n<li>Sem p\u00f3 de amido de milho.<\/li>\n<\/ul>\n<p><strong>Modo de Uso<\/strong><\/p>\n<ol>\n<li>Siga o protocolo para a pr\u00e1tica de higiene das m\u00e3os em servi\u00e7os de sa\u00fade antes de cal\u00e7ar as luvas e ap\u00f3s o descarte das luvas.<\/li>\n<li>Verifique o tamanho adequado para suas m\u00e3os conforme indica\u00e7\u00e3o;<\/li>\n<li>Verifique a integridade da embalagem;<\/li>\n<li>Realize a higiene das m\u00e3os, assegure que as m\u00e3os estejam limpas e secas para o passo seguinte;<\/li>\n<li>Retire a luva da embalagem o mais pr\u00f3ximo poss\u00edvel do momento do uso;<\/li>\n<li>Calce a luva cuidadosamente, sem an\u00e9is, pulseiras, rel\u00f3gios ou outros acess\u00f3rios que possam perfurar o produto;<\/li>\n<li>Ap\u00f3s o uso, retire a luva e descarte-a imediatamente em local adequado;<\/li>\n<li>Realize a higiene das m\u00e3os;\n<p>N\u00e3o reutilizar ou esterilizar ap\u00f3s o uso. PROIBIDO REPROCESSAR.<\/li>\n<\/ol>\n<p><strong>Especifica\u00e7\u00f5es t\u00e9cnicas<\/strong><\/p>\n<ul>\n<li>N\u00e3o est\u00e9ril;<\/li>\n<li>Ambidestra;<\/li>\n<li>Descart\u00e1vel;<\/li>\n<li>De uso \u00fanico;<\/li>\n<li>Sem p\u00f3 bioabsorv\u00edvel;<\/li>\n<li>Superf\u00edcie lisa;<\/li>\n<li>Espessura m\u00ednima: 0,08mm;<\/li>\n<li>Material: 100% vinil (Policloreto de Vinila).<\/li>\n<li>Cor: transparente.<\/li>\n<li>Tamanhos: P\/M\/G\/GG.<\/li>\n<li>Validade: 5 anos ap\u00f3s a data de fabrica\u00e7\u00e3o.<\/li>\n<li>Caixa contendo 100 unidades<\/li>\n<li>Dimens\u00f5es embalagem: 12,5cm(c) x 24,5cm(l) x 5cm(a)<\/li>\n<li>Peso embalagem: P(350g), M(350g), G(390g), GG(390g)<\/li>\n<li>Possui Registro Anvisa<\/li>\n<li>Possui CA de prote\u00e7\u00e3o contra riscos biol\u00f3gicos<\/li>\n<\/ul>\n<\/div>\n<\/div>\n","protected":false},"excerpt":{"rendered":"Descri\u00e7\u00e3o Apresenta\u00e7\u00e3o A Luva de Vinil\u00a0para procedimentos n\u00e3o cir\u00fargicos\u00a0sem p\u00f3 \u00e9 indicada para a prote\u00e7\u00e3o das m\u00e3os\u00a0em procedimentos&hellip;","protected":false},"featured_media":8011,"comment_status":"open","ping_status":"closed","template":"","meta":{"slim_seo":{"title":"Luva Vinil Sem P\u00f3 Caixa com 100 un \u2013 Medix - Hospitalaria RS","description":"Descri\u00e7\u00e3o Apresenta\u00e7\u00e3o A Luva de Vinil\u00a0para procedimentos n\u00e3o cir\u00fargicos\u00a0sem p\u00f3 \u00e9 indicada para a prote\u00e7\u00e3o das m\u00e3os\u00a0em procedimentos n\u00e3o invasivos, quando n\u00e3o h"}},"product_brand":[77],"product_cat":[36],"product_tag":[791,785,789,790,792],"class_list":{"0":"post-8010","1":"product","2":"type-product","3":"status-publish","4":"has-post-thumbnail","6":"product_brand-medix","7":"product_cat-materiais-de-consumo","8":"product_tag-luva-ambidestra-lisa-sem-po","9":"product_tag-luva-com-registro-anvisa-e-ca","10":"product_tag-luva-de-vinil-sem-po-descartavel","11":"product_tag-luva-transparente-para-procedimentos","12":"product_tag-luva-vinil-nao-cirurgica-uso-unico","13":"mbf-entry","15":"first","16":"outofstock","17":"shipping-taxable","18":"purchasable","19":"product-type-simple"},"_links":{"self":[{"href":"https:\/\/hospitalariars.com.br\/index.php\/wp-json\/wp\/v2\/product\/8010","targetHints":{"allow":["GET"]}}],"collection":[{"href":"https:\/\/hospitalariars.com.br\/index.php\/wp-json\/wp\/v2\/product"}],"about":[{"href":"https:\/\/hospitalariars.com.br\/index.php\/wp-json\/wp\/v2\/types\/product"}],"replies":[{"embeddable":true,"href":"https:\/\/hospitalariars.com.br\/index.php\/wp-json\/wp\/v2\/comments?post=8010"}],"wp:featuredmedia":[{"embeddable":true,"href":"https:\/\/hospitalariars.com.br\/index.php\/wp-json\/wp\/v2\/media\/8011"}],"wp:attachment":[{"href":"https:\/\/hospitalariars.com.br\/index.php\/wp-json\/wp\/v2\/media?parent=8010"}],"wp:term":[{"taxonomy":"product_brand","embeddable":true,"href":"https:\/\/hospitalariars.com.br\/index.php\/wp-json\/wp\/v2\/product_brand?post=8010"},{"taxonomy":"product_cat","embeddable":true,"href":"https:\/\/hospitalariars.com.br\/index.php\/wp-json\/wp\/v2\/product_cat?post=8010"},{"taxonomy":"product_tag","embeddable":true,"href":"https:\/\/hospitalariars.com.br\/index.php\/wp-json\/wp\/v2\/product_tag?post=8010"}],"curies":[{"name":"wp","href":"https:\/\/api.w.org\/{rel}","templated":true}]}}