{"id":8028,"date":"2025-06-27T16:59:26","date_gmt":"2025-06-27T19:59:26","guid":{"rendered":"https:\/\/hospitalariars.com.br\/?post_type=product&#038;p=8028"},"modified":"2026-03-27T16:03:37","modified_gmt":"2026-03-27T19:03:37","slug":"saco-para-lixo-residuos-comuns-pacote-c-100-un-medix","status":"publish","type":"product","link":"https:\/\/hospitalariars.com.br\/index.php\/produto\/saco-para-lixo-residuos-comuns-pacote-c-100-un-medix\/","title":{"rendered":"Saco para lixo | Res\u00edduos Comuns &#8211; Pacote c\/ 100 un &#8211; Medix"},"content":{"rendered":"<div class=\"card__header\">\n<h2 class=\"card__title heading h3\">Descri\u00e7\u00e3o<\/h2>\n<\/div>\n<div class=\"card__section\">\n<div class=\"rte text--pull\">\n<h3 data-end=\"667\" data-start=\"636\"><strong data-end=\"667\" data-start=\"640\">Apresenta\u00e7\u00e3o\u00a0<\/strong><\/h3>\n<p data-end=\"358\" data-start=\"248\"><br data-end=\"272\" data-start=\"269\" \/>Vers\u00e1til, o saco de lixo preto \u00e9 indicado para descarte de res\u00edduos em ambientes como:<\/p>\n<ul data-end=\"503\" data-start=\"359\">\n<li data-end=\"372\" data-start=\"359\">\n<p data-end=\"372\" data-start=\"361\">Resid\u00eancias<\/p>\n<\/li>\n<li data-end=\"395\" data-start=\"373\">\n<p data-end=\"395\" data-start=\"375\">Cozinhas e banheiros<\/p>\n<\/li>\n<li data-end=\"421\" data-start=\"396\">\n<p data-end=\"421\" data-start=\"398\">Escrit\u00f3rios e com\u00e9rcios<\/p>\n<\/li>\n<li data-end=\"452\" data-start=\"422\">\n<p data-end=\"452\" data-start=\"424\">Estabelecimentos industriais<\/p>\n<\/li>\n<li data-end=\"503\" data-start=\"453\">\n<p data-end=\"503\" data-start=\"455\">Hospitais e cl\u00ednicas (uso geral, n\u00e3o infectante)<\/p>\n<\/li>\n<\/ul>\n<p data-end=\"629\" data-start=\"505\">Pode ser utilizado para coleta seletiva, res\u00edduos n\u00e3o recicl\u00e1veis, lixo comum e em processos de organiza\u00e7\u00e3o e limpeza geral.<\/p>\n<hr data-end=\"634\" data-start=\"631\" \/>\n<h3 data-end=\"667\" data-start=\"636\"><strong data-end=\"667\" data-start=\"640\">Especifica\u00e7\u00f5es T\u00e9cnicas<\/strong><\/h3>\n<ul data-end=\"884\" data-start=\"668\">\n<li data-end=\"739\" data-start=\"668\">\n<p data-end=\"739\" data-start=\"670\"><strong data-end=\"683\" data-start=\"670\">Material:<\/strong>\u00a0Blenda de PEBD reciclado (PCR) com pigmentos e aditivos<\/p>\n<\/li>\n<li data-end=\"772\" data-start=\"740\">\n<p data-end=\"772\" data-start=\"742\"><strong data-end=\"750\" data-start=\"742\">Cor:<\/strong>\u00a0Preto (sem impress\u00e3o)<\/p>\n<\/li>\n<li data-end=\"813\" data-start=\"773\">\n<p data-end=\"813\" data-start=\"775\"><strong data-end=\"791\" data-start=\"775\">Tipo de uso:<\/strong>\u00a0Simples e descart\u00e1vel<\/p>\n<\/li>\n<li data-end=\"884\" data-start=\"814\">\n<p data-end=\"884\" data-start=\"816\"><strong data-end=\"832\" data-start=\"816\">Resist\u00eancia:<\/strong>\u00a0Econ\u00f4mico, leve, m\u00e9dio ou refor\u00e7ado conforme modelo<\/p>\n<\/li>\n<\/ul>\n<div class=\"table-wrapper\">\n<table>\n<thead>\n<tr>\n<th><\/th>\n<th>Capacidade<\/th>\n<th>Carga M\u00e1x.<\/th>\n<th>Resist\u00eancia<\/th>\n<th>Cor<\/th>\n<th>Largura (m)<\/th>\n<th>Comprimento (m)<\/th>\n<th>Espessura (mm)<\/th>\n<th><\/th>\n<th><\/th>\n<\/tr>\n<\/thead>\n<tbody>\n<tr>\n<td><\/td>\n<td>20L<\/td>\n<td>6kg<\/td>\n<td>Econ\u00f4mico<\/td>\n<td>Preto<\/td>\n<td>0,38<\/td>\n<td>0,44<\/td>\n<td>0,025<\/td>\n<td><\/td>\n<td><\/td>\n<\/tr>\n<tr>\n<td><\/td>\n<td>40L<\/td>\n<td>6kg<\/td>\n<td>Econ\u00f4mico<\/td>\n<td>Preto<\/td>\n<td>0,47<\/td>\n<td>0,55<\/td>\n<td>0,025<\/td>\n<td><\/td>\n<td><\/td>\n<\/tr>\n<tr>\n<td><\/td>\n<td>60L<\/td>\n<td>6kg<\/td>\n<td>Econ\u00f4mico<\/td>\n<td>Preto<\/td>\n<td>0,59<\/td>\n<td>0,65<\/td>\n<td>0,025<\/td>\n<td><\/td>\n<td><\/td>\n<\/tr>\n<tr>\n<td><\/td>\n<td>110L<\/td>\n<td>6kg<\/td>\n<td>Leve<\/td>\n<td>Preto<\/td>\n<td>0,75<\/td>\n<td>0,85<\/td>\n<td>0,025<\/td>\n<td><\/td>\n<td><\/td>\n<\/tr>\n<tr>\n<td><\/td>\n<td>110L<\/td>\n<td>12kg<\/td>\n<td>Econ\u00f4mico<\/td>\n<td>Preto<\/td>\n<td>0,75<\/td>\n<td>0,85<\/td>\n<td>0,030<\/td>\n<td><\/td>\n<td><\/td>\n<\/tr>\n<tr>\n<td><\/td>\n<td>110L<\/td>\n<td>18kg<\/td>\n<td>M\u00e9dio<\/td>\n<td>Preto<\/td>\n<td>0,75<\/td>\n<td>0,85<\/td>\n<td>0,035<\/td>\n<td><\/td>\n<td><\/td>\n<\/tr>\n<tr>\n<td><\/td>\n<td>110L<\/td>\n<td>25kg<\/td>\n<td>Refor\u00e7ado<\/td>\n<td>Preto<\/td>\n<td>0,75<\/td>\n<td>0,85<\/td>\n<td>0,045<\/td>\n<td><\/td>\n<td><\/td>\n<\/tr>\n<tr>\n<td><\/td>\n<td>200L<\/td>\n<td>12kg<\/td>\n<td>Econ\u00f4mico<\/td>\n<td>Preto<\/td>\n<td>0,90<\/td>\n<td>1,00<\/td>\n<td>0,030<\/td>\n<td><\/td>\n<td><\/td>\n<\/tr>\n<tr>\n<td><\/td>\n<td>200L<\/td>\n<td>20kg<\/td>\n<td>M\u00e9dio<\/td>\n<td>Preto<\/td>\n<td>0,90<\/td>\n<td>1,00<\/td>\n<td>0,040<\/td>\n<td><\/td>\n<td><\/td>\n<\/tr>\n<tr>\n<td><\/td>\n<td>200L<\/td>\n<td>25kg<\/td>\n<td>Refor\u00e7ado<\/td>\n<td>Preto<\/td>\n<td>0,90<\/td>\n<td>1,00<\/td>\n<td>0,050<\/td>\n<td><\/td>\n<td><\/td>\n<\/tr>\n<\/tbody>\n<\/table>\n<\/div>\n<h3 data-start=\"2581\" data-end=\"2625\"><strong data-start=\"2585\" data-end=\"2625\">Sugest\u00e3o de Aplica\u00e7\u00e3o por Capacidade<\/strong><\/h3>\n<ul data-start=\"2626\" data-end=\"2951\">\n<li data-start=\"2626\" data-end=\"2677\">\n<p data-start=\"2628\" data-end=\"2677\"><strong data-start=\"2628\" data-end=\"2636\">20L:<\/strong>\u00a0Lixeiras de banheiro ou pequenos volumes<\/p>\n<\/li>\n<li data-start=\"2678\" data-end=\"2732\">\n<p data-start=\"2680\" data-end=\"2732\"><strong data-start=\"2680\" data-end=\"2688\">40L:<\/strong>\u00a0Lixeiras de cozinha ou uso residencial leve<\/p>\n<\/li>\n<li data-start=\"2733\" data-end=\"2799\">\n<p data-start=\"2735\" data-end=\"2799\"><strong data-start=\"2735\" data-end=\"2743\">60L:<\/strong>\u00a0Casas maiores, escrit\u00f3rios ou com\u00e9rcios com baixo fluxo<\/p>\n<\/li>\n<li data-start=\"2800\" data-end=\"2867\">\n<p data-start=\"2802\" data-end=\"2867\"><strong data-start=\"2802\" data-end=\"2811\">110L:<\/strong>\u00a0Condom\u00ednios, empresas ou hospitais (uso n\u00e3o infectante)<\/p>\n<\/li>\n<li data-start=\"2868\" data-end=\"2951\">\n<p data-start=\"2870\" data-end=\"2951\"><strong data-start=\"2870\" data-end=\"2879\">200L:<\/strong>\u00a0Ambientes com grande volume de res\u00edduos \u2013 ind\u00fastrias, shoppings, hot\u00e9is<\/p>\n<\/li>\n<\/ul>\n<hr data-start=\"2953\" data-end=\"2956\" \/>\n<h3 data-start=\"2958\" data-end=\"2983\"><strong data-start=\"2962\" data-end=\"2983\">Instru\u00e7\u00f5es de Uso<\/strong><\/h3>\n<ol data-start=\"2984\" data-end=\"3283\">\n<li data-start=\"2984\" data-end=\"3072\">\n<p data-start=\"2987\" data-end=\"3072\">Verifique o tamanho e a resist\u00eancia do saco de acordo com o volume e peso do res\u00edduo.<\/p>\n<\/li>\n<li data-start=\"3073\" data-end=\"3109\">\n<p data-start=\"3076\" data-end=\"3109\">N\u00e3o exceda a capacidade de carga.<\/p>\n<\/li>\n<li data-start=\"3110\" data-end=\"3165\">\n<p data-start=\"3113\" data-end=\"3165\">Amarre corretamente para evitar vazamentos e odores.<\/p>\n<\/li>\n<li data-start=\"3166\" data-end=\"3233\">\n<p data-start=\"3169\" data-end=\"3233\">Fa\u00e7a o descarte conforme normas locais e segrega\u00e7\u00e3o de res\u00edduos.<\/p>\n<\/li>\n<li data-start=\"3234\" data-end=\"3283\">\n<p data-start=\"3237\" data-end=\"3283\">Mantenha a lixeira sempre limpa e higienizada.<\/p>\n<\/li>\n<\/ol>\n<hr data-start=\"3285\" data-end=\"3288\" \/>\n<h3 data-start=\"3290\" data-end=\"3323\"><strong data-start=\"3294\" data-end=\"3323\">Precau\u00e7\u00f5es e Advert\u00eancias<\/strong><\/h3>\n<ul data-start=\"3324\" data-end=\"3564\">\n<li data-start=\"3324\" data-end=\"3385\">\n<p data-start=\"3326\" data-end=\"3385\">Armazene em local seco, fresco e longe de produtos qu\u00edmicos<\/p>\n<\/li>\n<li data-start=\"3386\" data-end=\"3447\">\n<p data-start=\"3388\" data-end=\"3447\">N\u00e3o usar para res\u00edduos perfurocortantes ou pe\u00e7as anat\u00f4micas<\/p>\n<\/li>\n<li data-start=\"3448\" data-end=\"3478\">\n<p data-start=\"3450\" data-end=\"3478\">N\u00e3o exceder a carga indicada<\/p>\n<\/li>\n<li data-start=\"3479\" data-end=\"3510\">\n<p data-start=\"3481\" data-end=\"3510\">N\u00e3o indicado para incinera\u00e7\u00e3o<\/p>\n<\/li>\n<li data-start=\"3511\" data-end=\"3564\">\n<p data-start=\"3513\" data-end=\"3564\">Evite impactos, quedas ou cortes durante o manuseio<\/p>\n<\/li>\n<\/ul>\n<\/div>\n<\/div>\n","protected":false},"excerpt":{"rendered":"Descri\u00e7\u00e3o Apresenta\u00e7\u00e3o\u00a0 Vers\u00e1til, o saco de lixo preto \u00e9 indicado para descarte de res\u00edduos em ambientes como: Resid\u00eancias&hellip;","protected":false},"featured_media":8029,"comment_status":"open","ping_status":"closed","template":"","meta":{"slim_seo":{"title":"Saco para lixo | Res\u00edduos Comuns - Pacote c\/ 100 un - Medix - Hospitalaria RS","description":"Descri\u00e7\u00e3o Apresenta\u00e7\u00e3o\u00a0 Vers\u00e1til, o saco de lixo preto \u00e9 indicado para descarte de res\u00edduos em ambientes como: Resid\u00eancias Cozinhas e banheiros Escrit\u00f3rios e co"}},"product_brand":[77],"product_cat":[36],"product_tag":[806,804,807,803,805],"class_list":{"0":"post-8028","1":"product","2":"type-product","3":"status-publish","4":"has-post-thumbnail","6":"product_brand-medix","7":"product_cat-materiais-de-consumo","8":"product_tag-saco-de-lixo-descartavel-para-cozinha-banheiro","9":"product_tag-saco-de-lixo-hospitalar-nao-infectante","10":"product_tag-saco-de-lixo-pebd-economico-e-resistente","11":"product_tag-saco-de-lixo-preto-reciclado","12":"product_tag-saco-de-lixo-reforcado-200l","13":"mbf-entry","15":"first","16":"outofstock","17":"shipping-taxable","18":"product-type-variable"},"_links":{"self":[{"href":"https:\/\/hospitalariars.com.br\/index.php\/wp-json\/wp\/v2\/product\/8028","targetHints":{"allow":["GET"]}}],"collection":[{"href":"https:\/\/hospitalariars.com.br\/index.php\/wp-json\/wp\/v2\/product"}],"about":[{"href":"https:\/\/hospitalariars.com.br\/index.php\/wp-json\/wp\/v2\/types\/product"}],"replies":[{"embeddable":true,"href":"https:\/\/hospitalariars.com.br\/index.php\/wp-json\/wp\/v2\/comments?post=8028"}],"wp:featuredmedia":[{"embeddable":true,"href":"https:\/\/hospitalariars.com.br\/index.php\/wp-json\/wp\/v2\/media\/8029"}],"wp:attachment":[{"href":"https:\/\/hospitalariars.com.br\/index.php\/wp-json\/wp\/v2\/media?parent=8028"}],"wp:term":[{"taxonomy":"product_brand","embeddable":true,"href":"https:\/\/hospitalariars.com.br\/index.php\/wp-json\/wp\/v2\/product_brand?post=8028"},{"taxonomy":"product_cat","embeddable":true,"href":"https:\/\/hospitalariars.com.br\/index.php\/wp-json\/wp\/v2\/product_cat?post=8028"},{"taxonomy":"product_tag","embeddable":true,"href":"https:\/\/hospitalariars.com.br\/index.php\/wp-json\/wp\/v2\/product_tag?post=8028"}],"curies":[{"name":"wp","href":"https:\/\/api.w.org\/{rel}","templated":true}]}}