{"id":8059,"date":"2025-06-27T17:09:28","date_gmt":"2025-06-27T20:09:28","guid":{"rendered":"https:\/\/hospitalariars.com.br\/?post_type=product&#038;p=8059"},"modified":"2026-03-27T16:03:37","modified_gmt":"2026-03-27T19:03:37","slug":"saco-hamper-roupas-infectantes-pacote-c-50-un-medix","status":"publish","type":"product","link":"https:\/\/hospitalariars.com.br\/index.php\/produto\/saco-hamper-roupas-infectantes-pacote-c-50-un-medix\/","title":{"rendered":"Saco Hamper | Roupas infectantes &#8211; Pacote c\/ 50 un &#8211; Medix"},"content":{"rendered":"<div class=\"card__header\">\n<h2 class=\"card__title heading h3\">Descri\u00e7\u00e3o<\/h2>\n<\/div>\n<div class=\"card__section\">\n<div class=\"rte text--pull\">\n<h3 data-start=\"1358\" data-end=\"1382\"><strong data-start=\"1362\" data-end=\"1382\">Apresenta\u00e7\u00e3o<\/strong><\/h3>\n<p data-start=\"1383\" data-end=\"1625\">Indicado para o transporte de roupas hospitalares sujas e\/ou contaminadas em lavanderias e ambientes hospitalares. Ideal para utiliza\u00e7\u00e3o em suportes de Hamper com rod\u00edzios, contribuindo para ambientes limpos e com menor risco de contamina\u00e7\u00e3o.<\/p>\n<hr data-start=\"1627\" data-end=\"1630\" \/>\n<h3 data-start=\"1632\" data-end=\"1663\"><strong data-start=\"1636\" data-end=\"1663\">Especifica\u00e7\u00f5es T\u00e9cnicas<\/strong><\/h3>\n<ul data-start=\"1664\" data-end=\"2112\">\n<li data-start=\"1664\" data-end=\"1768\">\n<p data-start=\"1666\" data-end=\"1768\"><strong data-start=\"1666\" data-end=\"1679\">Material:<\/strong>\u00a0Blenda com PEBD (Polietileno de Baixa Densidade reciclado &#8211; PCR), pigmentos e aditivos<\/p>\n<\/li>\n<li data-start=\"1769\" data-end=\"1852\">\n<p data-start=\"1771\" data-end=\"1852\"><strong data-start=\"1771\" data-end=\"1786\">Fechamento:<\/strong>\u00a0Cord\u00e3o de polipropileno ou fita de polietileno embutida na boca<\/p>\n<\/li>\n<li data-start=\"1853\" data-end=\"1908\">\n<p data-start=\"1855\" data-end=\"1908\"><strong data-start=\"1855\" data-end=\"1873\">Tipo de solda:<\/strong>\u00a0Cont\u00ednua, homog\u00eanea e resistente<\/p>\n<\/li>\n<li data-start=\"1909\" data-end=\"1972\">\n<p data-start=\"1911\" data-end=\"1972\"><strong data-start=\"1911\" data-end=\"1927\">Sinaliza\u00e7\u00e3o:<\/strong>\u00a0Impress\u00e3o do s\u00edmbolo de res\u00edduo infectante<\/p>\n<\/li>\n<li data-start=\"1973\" data-end=\"2015\">\n<p data-start=\"1975\" data-end=\"2015\"><strong data-start=\"1975\" data-end=\"2002\">Capacidade volum\u00e9trica:<\/strong>\u00a0120 Litros<\/p>\n<\/li>\n<li data-start=\"2016\" data-end=\"2054\">\n<p data-start=\"2018\" data-end=\"2054\"><strong data-start=\"2018\" data-end=\"2042\">Capacidade de carga:<\/strong>\u00a0At\u00e9 20 kg<\/p>\n<\/li>\n<li data-start=\"2055\" data-end=\"2112\">\n<p data-start=\"2057\" data-end=\"2112\"><strong data-start=\"2057\" data-end=\"2079\">Cores dispon\u00edveis:<\/strong>\u00a0Vermelho, Azul, Verde, Amarelo<\/p>\n<\/li>\n<\/ul>\n<hr data-start=\"2114\" data-end=\"2117\" \/>\n<h3 data-start=\"2119\" data-end=\"2149\"><strong data-start=\"2123\" data-end=\"2149\">Apresenta\u00e7\u00e3o Comercial<\/strong><\/h3>\n<ul data-start=\"2150\" data-end=\"2229\">\n<li data-start=\"2150\" data-end=\"2196\">\n<p data-start=\"2152\" data-end=\"2196\"><strong data-start=\"2152\" data-end=\"2173\">Unidade de venda:<\/strong>\u00a0Rolo com 50 unidades<\/p>\n<\/li>\n<li data-start=\"2197\" data-end=\"2229\">\n<p data-start=\"2199\" data-end=\"2229\"><strong data-start=\"2199\" data-end=\"2209\">Fardo:<\/strong>\u00a02 rolos por fardo<\/p>\n<\/li>\n<\/ul>\n<hr data-start=\"2231\" data-end=\"2234\" \/>\n<h3 data-start=\"2236\" data-end=\"2262\"><strong data-start=\"2240\" data-end=\"2262\">Orienta\u00e7\u00f5es de Uso<\/strong><\/h3>\n<ol data-start=\"2263\" data-end=\"2618\">\n<li data-start=\"2263\" data-end=\"2330\">\n<p data-start=\"2266\" data-end=\"2330\">Utilize EPI conforme protocolo institucional durante o manuseio.<\/p>\n<\/li>\n<li data-start=\"2331\" data-end=\"2390\">\n<p data-start=\"2334\" data-end=\"2390\">Deposite a roupa contaminada diretamente dentro do saco.<\/p>\n<\/li>\n<li data-start=\"2391\" data-end=\"2450\">\n<p data-start=\"2394\" data-end=\"2450\">Puxe o cord\u00e3o para fechamento seguro do saco ap\u00f3s o uso.<\/p>\n<\/li>\n<li data-start=\"2451\" data-end=\"2516\">\n<p data-start=\"2454\" data-end=\"2516\">Transporte apenas com o uso de suporte de hamper com rod\u00edzios.<\/p>\n<\/li>\n<li data-start=\"2517\" data-end=\"2618\">\n<p data-start=\"2520\" data-end=\"2618\">Evite levantar ou sacudir o saco; deslize-o cuidadosamente para evitar dispers\u00e3o de contaminantes.<\/p>\n<\/li>\n<\/ol>\n<hr data-start=\"2620\" data-end=\"2623\" \/>\n<h3 data-start=\"2625\" data-end=\"2658\"><strong data-start=\"2629\" data-end=\"2658\">Precau\u00e7\u00f5es e Advert\u00eancias<\/strong><\/h3>\n<ul data-start=\"2659\" data-end=\"3002\">\n<li data-start=\"2659\" data-end=\"2736\">\n<p data-start=\"2661\" data-end=\"2736\">Produto n\u00e3o indicado para descarte de perfurocortantes ou pe\u00e7as anat\u00f4micas.<\/p>\n<\/li>\n<li data-start=\"2737\" data-end=\"2786\">\n<p data-start=\"2739\" data-end=\"2786\">N\u00e3o exceder a capacidade de carga especificada.<\/p>\n<\/li>\n<li data-start=\"2787\" data-end=\"2856\">\n<p data-start=\"2789\" data-end=\"2856\">Evitar quedas e impactos que comprometam a integridade do material.<\/p>\n<\/li>\n<li data-start=\"2857\" data-end=\"2919\">\n<p data-start=\"2859\" data-end=\"2919\">Descartar de acordo com as normas de biosseguran\u00e7a vigentes.<\/p>\n<\/li>\n<li data-start=\"2920\" data-end=\"3002\">\n<p data-start=\"2922\" data-end=\"3002\">Usu\u00e1rio deve receber treinamento sobre riscos associados a res\u00edduos infectantes.<\/p>\n<\/li>\n<\/ul>\n<p><strong data-start=\"234\" data-end=\"259\">Classifica\u00e7\u00e3o ANVISA:<\/strong><br data-start=\"259\" data-end=\"262\" \/>Produto isento de registro. Categoria 3: Produtos utilizados para apoio ou infraestrutura hospitalar<br data-start=\"362\" data-end=\"365\" \/><strong data-start=\"365\" data-end=\"377\">Item 56:<\/strong>\u00a0Saco para coleta de res\u00edduos hospitalares<\/p>\n<\/div>\n<\/div>\n","protected":false},"excerpt":{"rendered":"Descri\u00e7\u00e3o Apresenta\u00e7\u00e3o Indicado para o transporte de roupas hospitalares sujas e\/ou contaminadas em lavanderias e ambientes hospitalares. Ideal&hellip;","protected":false},"featured_media":8060,"comment_status":"open","ping_status":"closed","template":"","meta":{"slim_seo":{"title":"Saco Hamper | Roupas infectantes - Pacote c\/ 50 un - Medix - Hospitalaria RS","description":"Descri\u00e7\u00e3o Apresenta\u00e7\u00e3o Indicado para o transporte de roupas hospitalares sujas e\/ou contaminadas em lavanderias e ambientes hospitalares. Ideal para utiliza\u00e7\u00e3o"}},"product_brand":[77],"product_cat":[36],"product_tag":[819,821,822,820,818],"class_list":{"0":"post-8059","1":"product","2":"type-product","3":"status-publish","4":"has-post-thumbnail","6":"product_brand-medix","7":"product_cat-materiais-de-consumo","8":"product_tag-saco-120l-com-cordao-hospitalar","9":"product_tag-saco-colorido-para-lavanderia-hospitalar","10":"product_tag-saco-infectante-anvisa-categoria-3","11":"product_tag-saco-para-hamper-com-simbolo-infectante","12":"product_tag-saco-para-roupa-hospitalar-contaminada","13":"mbf-entry","15":"first","16":"outofstock","17":"shipping-taxable","18":"product-type-variable"},"_links":{"self":[{"href":"https:\/\/hospitalariars.com.br\/index.php\/wp-json\/wp\/v2\/product\/8059","targetHints":{"allow":["GET"]}}],"collection":[{"href":"https:\/\/hospitalariars.com.br\/index.php\/wp-json\/wp\/v2\/product"}],"about":[{"href":"https:\/\/hospitalariars.com.br\/index.php\/wp-json\/wp\/v2\/types\/product"}],"replies":[{"embeddable":true,"href":"https:\/\/hospitalariars.com.br\/index.php\/wp-json\/wp\/v2\/comments?post=8059"}],"wp:featuredmedia":[{"embeddable":true,"href":"https:\/\/hospitalariars.com.br\/index.php\/wp-json\/wp\/v2\/media\/8060"}],"wp:attachment":[{"href":"https:\/\/hospitalariars.com.br\/index.php\/wp-json\/wp\/v2\/media?parent=8059"}],"wp:term":[{"taxonomy":"product_brand","embeddable":true,"href":"https:\/\/hospitalariars.com.br\/index.php\/wp-json\/wp\/v2\/product_brand?post=8059"},{"taxonomy":"product_cat","embeddable":true,"href":"https:\/\/hospitalariars.com.br\/index.php\/wp-json\/wp\/v2\/product_cat?post=8059"},{"taxonomy":"product_tag","embeddable":true,"href":"https:\/\/hospitalariars.com.br\/index.php\/wp-json\/wp\/v2\/product_tag?post=8059"}],"curies":[{"name":"wp","href":"https:\/\/api.w.org\/{rel}","templated":true}]}}