{"id":8067,"date":"2025-06-27T17:18:11","date_gmt":"2025-06-27T20:18:11","guid":{"rendered":"https:\/\/hospitalariars.com.br\/?post_type=product&#038;p=8067"},"modified":"2026-03-27T16:03:37","modified_gmt":"2026-03-27T19:03:37","slug":"compressa-de-gaze-hidrofila-supreme-nao-esteril-pacote-com-500-un-medix","status":"publish","type":"product","link":"https:\/\/hospitalariars.com.br\/index.php\/produto\/compressa-de-gaze-hidrofila-supreme-nao-esteril-pacote-com-500-un-medix\/","title":{"rendered":"Compressa de Gaze Hidr\u00f3fila Supreme N\u00e3o Est\u00e9ril &#8211; Pacote com 500 un &#8211; Medix"},"content":{"rendered":"<div class=\"card__header\">\n<h2 class=\"card__title heading h3\">Descri\u00e7\u00e3o<\/h2>\n<\/div>\n<div class=\"card__section\">\n<div class=\"rte text--pull\">\n<div><strong>Apresenta\u00e7\u00e3o:<\/strong><\/div>\n<div><\/div>\n<div>Indicadas para aux\u00edlio em curativos gerais. Sua finalidade inclui:<\/div>\n<div>\u2022 Absorver l\u00edquidos ou secre\u00e7\u00f5es.<\/div>\n<div>\u2022 Limpar e cobrir ferimentos.<\/div>\n<div>\u2022 Realizar curativos em geral.<\/div>\n<div><\/div>\n<div><strong>Especifica\u00e7\u00f5es do Produto:<\/strong><\/div>\n<div><\/div>\n<div>As compressas de gaze n\u00e3o est\u00e9reis possuem as seguintes caracter\u00edsticas:<\/div>\n<div>\u2022 Material: Fios 100% algod\u00e3o em tecido tipo tela.<\/div>\n<div>\u2022 Processamento: Alvejadas, purificadas e isentas de:<\/div>\n<div>\u2022 Impurezas.<\/div>\n<div>\u2022 Subst\u00e2ncias gordurosas.<\/div>\n<div>\u2022 Amido e corantes corretivos.<\/div>\n<div>\u2022 Alvejantes \u00f3pticos.<\/div>\n<div>\u2022 Odor e Sabor: Inodoras e ins\u00edpidas.<\/div>\n<div><\/div>\n<div><strong>Caracter\u00edsticas:<\/strong><\/div>\n<div><\/div>\n<div>\u2022 8 camadas e 5 dobras internas (evitam desfiamento).<\/div>\n<div>\u2022 Op\u00e7\u00f5es de 09, 11 ou 13 fios (maior quantidade de fios confere maior absor\u00e7\u00e3o).<\/div>\n<div>\u2022 Bobinas de gaze:<\/div>\n<div>\u2022 Tamanho: 91 m (comprimento) x 91 cm (largura).<\/div>\n<div>\u2022 Op\u00e7\u00f5es de fios: 09, 11 ou 13 fios.<\/div>\n<div><\/div>\n<div><strong>Validade:<\/strong><\/div>\n<div><\/div>\n<div>5 anos.<\/div>\n<div><\/div>\n<div><strong>Instru\u00e7\u00f5es de Uso:<\/strong><\/div>\n<div><\/div>\n<div>\u2022 Escolha o modelo apropriado para o procedimento desejado.<\/div>\n<div>\u2022 Para compressas: N\u00e3o abra as dobras para utiliza\u00e7\u00e3o.<\/div>\n<div>\u2022 Para bobinas: Corte o tamanho ideal antes do uso.<\/div>\n<div>\u2022 Limpe a pele ou ferida onde ser\u00e1 aplicada a gaze.<\/div>\n<div>\u2022 Certifique-se de que a pele ao redor do ferimento est\u00e1 seca.<\/div>\n<div>\u2022 Aplique a gaze sobre o ferimento sem exercer for\u00e7a ou press\u00e3o.<\/div>\n<div>\u2022 Fixe a gaze com uma cobertura secund\u00e1ria.<\/div>\n<div>\u2022 Caso ocorra irrita\u00e7\u00e3o, suspenda o uso e procure aux\u00edlio m\u00e9dico.<\/div>\n<div><\/div>\n<div><strong>Precau\u00e7\u00f5es:<\/strong><\/div>\n<div><\/div>\n<div>\u2022 Produto de uso \u00fanico.<\/div>\n<div>\u2022 Descartar ap\u00f3s o uso.<\/div>\n<div>\u2022 N\u00e3o reprocessar.<\/div>\n<div>\u2022 Conservar na embalagem original, em local limpo e seco.<\/div>\n<div><\/div>\n<div><strong>Esteriliza\u00e7\u00e3o:<\/strong><\/div>\n<div><\/div>\n<div>Produto n\u00e3o est\u00e9ril. Pode ser esterilizado pelo servi\u00e7o de sa\u00fade, utilizando:<\/div>\n<div>\u2022 Autoclave.<\/div>\n<div>\u2022 G\u00e1s (\u00f3xido de etileno).<\/div>\n<div>\u2022 Raio gama.<\/div>\n<div>Obs.: \u00c9 necess\u00e1rio utilizar embalagem apropriada para o procedimento de esteriliza\u00e7\u00e3o.<\/div>\n<\/div>\n<\/div>\n","protected":false},"excerpt":{"rendered":"Descri\u00e7\u00e3o Apresenta\u00e7\u00e3o: Indicadas para aux\u00edlio em curativos gerais. Sua finalidade inclui: \u2022 Absorver l\u00edquidos ou secre\u00e7\u00f5es. \u2022 Limpar&hellip;","protected":false},"featured_media":8068,"comment_status":"open","ping_status":"closed","template":"","meta":{"slim_seo":{"title":"Compressa de Gaze Hidr\u00f3fila Supreme N\u00e3o Est\u00e9ril - Pacote com 500 un - Medix - Hospitalaria RS","description":"Descri\u00e7\u00e3o Apresenta\u00e7\u00e3o: Indicadas para aux\u00edlio em curativos gerais. Sua finalidade inclui: \u2022 Absorver l\u00edquidos ou secre\u00e7\u00f5es. \u2022 Limpar e cobrir ferimentos. \u2022 Rea"}},"product_brand":[77],"product_cat":[36],"product_tag":[831,834,830,832,833],"class_list":{"0":"post-8067","1":"product","2":"type-product","3":"status-publish","4":"has-post-thumbnail","6":"product_brand-medix","7":"product_cat-materiais-de-consumo","8":"product_tag-bobina-de-gaze-91m","9":"product_tag-compressa-alvejada-8-camadas","10":"product_tag-compressa-de-gaze-nao-esteril","11":"product_tag-gaze-100-algodao-curativos","12":"product_tag-gaze-para-esterilizacao-hospitalar","13":"mbf-entry","15":"first","16":"outofstock","17":"shipping-taxable","18":"product-type-simple"},"_links":{"self":[{"href":"https:\/\/hospitalariars.com.br\/index.php\/wp-json\/wp\/v2\/product\/8067","targetHints":{"allow":["GET"]}}],"collection":[{"href":"https:\/\/hospitalariars.com.br\/index.php\/wp-json\/wp\/v2\/product"}],"about":[{"href":"https:\/\/hospitalariars.com.br\/index.php\/wp-json\/wp\/v2\/types\/product"}],"replies":[{"embeddable":true,"href":"https:\/\/hospitalariars.com.br\/index.php\/wp-json\/wp\/v2\/comments?post=8067"}],"wp:featuredmedia":[{"embeddable":true,"href":"https:\/\/hospitalariars.com.br\/index.php\/wp-json\/wp\/v2\/media\/8068"}],"wp:attachment":[{"href":"https:\/\/hospitalariars.com.br\/index.php\/wp-json\/wp\/v2\/media?parent=8067"}],"wp:term":[{"taxonomy":"product_brand","embeddable":true,"href":"https:\/\/hospitalariars.com.br\/index.php\/wp-json\/wp\/v2\/product_brand?post=8067"},{"taxonomy":"product_cat","embeddable":true,"href":"https:\/\/hospitalariars.com.br\/index.php\/wp-json\/wp\/v2\/product_cat?post=8067"},{"taxonomy":"product_tag","embeddable":true,"href":"https:\/\/hospitalariars.com.br\/index.php\/wp-json\/wp\/v2\/product_tag?post=8067"}],"curies":[{"name":"wp","href":"https:\/\/api.w.org\/{rel}","templated":true}]}}