{"id":8069,"date":"2025-06-27T17:20:37","date_gmt":"2025-06-27T20:20:37","guid":{"rendered":"https:\/\/hospitalariars.com.br\/?post_type=product&#038;p=8069"},"modified":"2026-03-27T16:03:37","modified_gmt":"2026-03-27T19:03:37","slug":"compressa-de-campo-operatorio-esteril-pacote-com-05-un-medix","status":"publish","type":"product","link":"https:\/\/hospitalariars.com.br\/index.php\/produto\/compressa-de-campo-operatorio-esteril-pacote-com-05-un-medix\/","title":{"rendered":"Compressa de Campo Operat\u00f3rio Est\u00e9ril &#8211; Pacote com 05 un &#8211; Medix"},"content":{"rendered":"<div class=\"card__header\">\n<h2 class=\"card__title heading h3\">Descri\u00e7\u00e3o<\/h2>\n<\/div>\n<div class=\"card__section\">\n<div class=\"rte text--pull\">\n<h2 data-end=\"68\" data-start=\"47\"><strong data-end=\"66\" data-start=\"50\">Apresenta\u00e7\u00e3o<\/strong><\/h2>\n<p data-end=\"518\" data-start=\"69\">A Compressa de Campo Operat\u00f3rio Est\u00e9ril \u00e9 um produto indicado para uso em cirurgias gerais e cavit\u00e1rias, auxiliando na absor\u00e7\u00e3o de sangue e secre\u00e7\u00f5es l\u00edquidas, al\u00e9m de servir como anteparo atraum\u00e1tico para v\u00edsceras e tecidos. \u00c9 descart\u00e1vel, altamente absorvente e isenta de subst\u00e2ncias gordurosas, amido e alvejantes \u00f3pticos. Suas bordas s\u00e3o costuradas para evitar desfiamento, e uma das extremidades possui cadar\u00e7o duplo para maior seguran\u00e7a.<\/p>\n<h2 data-end=\"554\" data-start=\"520\"><strong data-end=\"552\" data-start=\"523\">Especifica\u00e7\u00f5es do Produto<\/strong><\/h2>\n<ul data-end=\"1166\" data-start=\"555\">\n<li data-end=\"605\" data-start=\"555\"><strong data-end=\"577\" data-start=\"557\">Registro Anvisa:<\/strong>\u00a080495519008 \/ 80495519010<\/li>\n<li data-end=\"711\" data-start=\"606\"><strong data-end=\"632\" data-start=\"608\">Modelos Dispon\u00edveis:<\/strong>\n<ul data-end=\"711\" data-start=\"637\">\n<li data-end=\"711\" data-start=\"637\">Compressa de Campo Operat\u00f3rio Est\u00e9ril 25&#215;28 cm com filamento radiopaco<\/li>\n<\/ul>\n<\/li>\n<li data-end=\"951\" data-start=\"712\"><strong data-end=\"729\" data-start=\"714\">Composi\u00e7\u00e3o:<\/strong>\n<ul data-end=\"951\" data-start=\"734\">\n<li data-end=\"769\" data-start=\"734\">Fio de algod\u00e3o 40s, malha 19&#215;10<\/li>\n<li data-end=\"809\" data-start=\"772\">100% algod\u00e3o\/poli\u00e9ster pr\u00e9-lavado<\/li>\n<li data-end=\"853\" data-start=\"812\">Tecido qu\u00e1druplo sobreposto tipo tela<\/li>\n<li data-end=\"886\" data-start=\"856\">Al\u00e7a dupla azul de algod\u00e3o<\/li>\n<li data-end=\"951\" data-start=\"889\">Filamento radiopaco para identifica\u00e7\u00e3o em exames de imagem<\/li>\n<\/ul>\n<\/li>\n<li data-end=\"1166\" data-start=\"952\"><strong data-end=\"983\" data-start=\"954\">Caracter\u00edsticas T\u00e9cnicas:<\/strong><br data-end=\"986\" data-start=\"983\" \/>\u2714 Cor: Branca<br data-end=\"1004\" data-start=\"1001\" \/>\u2714 Altamente absorvente<br data-end=\"1031\" data-start=\"1028\" \/>\u2714 At\u00f3xica e Apirog\u00eanica<br data-end=\"1059\" data-start=\"1056\" \/>\u2714 Esterilizada com g\u00e1s \u00f3xido de etileno<br data-end=\"1103\" data-start=\"1100\" \/>\u2714 Produto descart\u00e1vel e de uso \u00fanico<br data-end=\"1144\" data-start=\"1141\" \/>\u2714 Validade: 3 anos<\/li>\n<\/ul>\n<h2 data-end=\"1481\" data-start=\"1455\"><strong data-end=\"1479\" data-start=\"1458\">Instru\u00e7\u00f5es de Uso<\/strong><\/h2>\n<ol data-end=\"1725\" data-start=\"1482\">\n<li data-end=\"1548\" data-start=\"1482\">Retire a compressa da embalagem utilizando t\u00e9cnica ass\u00e9ptica.<\/li>\n<li data-end=\"1630\" data-start=\"1549\">Aplique no local desejado conforme os procedimentos cir\u00fargicos padronizados.<\/li>\n<li data-end=\"1725\" data-start=\"1631\">Utilize conforme a finalidade proposta, garantindo a integridade do produto antes do uso.<\/li>\n<\/ol>\n<h2 data-end=\"1773\" data-start=\"1727\"><strong data-end=\"1771\" data-start=\"1730\">Precau\u00e7\u00f5es, Restri\u00e7\u00f5es e Advert\u00eancias<\/strong><\/h2>\n<p data-end=\"2106\" data-start=\"1774\">PRODUTO DE USO \u00daNICO \u2013 descartar imediatamente ap\u00f3s o uso.<br data-end=\"1841\" data-start=\"1838\" \/>EST\u00c9RIL \u2013 utilizar somente se a embalagem estiver intacta.<br data-end=\"1908\" data-start=\"1905\" \/>PROIBIDO REPROCESSAR.<br data-end=\"1938\" data-start=\"1935\" \/>Armazenar em local limpo, seco e protegido da luz, umidade e calor excessivo.<br data-end=\"2024\" data-start=\"2021\" \/>Evitar colocar sob peso ou volumes que possam comprometer sua integridade.<\/p>\n<\/div>\n<\/div>\n","protected":false},"excerpt":{"rendered":"Descri\u00e7\u00e3o Apresenta\u00e7\u00e3o A Compressa de Campo Operat\u00f3rio Est\u00e9ril \u00e9 um produto indicado para uso em cirurgias gerais e&hellip;","protected":false},"featured_media":8071,"comment_status":"open","ping_status":"closed","template":"","meta":{"slim_seo":{"title":"Compressa de Campo Operat\u00f3rio Est\u00e9ril - Pacote com 05 un - Medix - Hospitalaria RS","description":"Descri\u00e7\u00e3o Apresenta\u00e7\u00e3o A Compressa de Campo Operat\u00f3rio Est\u00e9ril \u00e9 um produto indicado para uso em cirurgias gerais e cavit\u00e1rias, auxiliando na absor\u00e7\u00e3o de sangue"}},"product_brand":[77],"product_cat":[36],"product_tag":[838,836,835,839,837],"class_list":{"0":"post-8069","1":"product","2":"type-product","3":"status-publish","4":"has-post-thumbnail","6":"product_brand-medix","7":"product_cat-materiais-de-consumo","8":"product_tag-compressa-cirurgica-25x28cm","9":"product_tag-compressa-com-filamento-radiopaco","10":"product_tag-compressa-de-campo-operatorio-esteril","11":"product_tag-compressa-esteril-para-cirurgias-gerais","12":"product_tag-gaze-cirurgica-com-cadarco","13":"mbf-entry","15":"first","16":"outofstock","17":"shipping-taxable","18":"product-type-simple"},"_links":{"self":[{"href":"https:\/\/hospitalariars.com.br\/index.php\/wp-json\/wp\/v2\/product\/8069","targetHints":{"allow":["GET"]}}],"collection":[{"href":"https:\/\/hospitalariars.com.br\/index.php\/wp-json\/wp\/v2\/product"}],"about":[{"href":"https:\/\/hospitalariars.com.br\/index.php\/wp-json\/wp\/v2\/types\/product"}],"replies":[{"embeddable":true,"href":"https:\/\/hospitalariars.com.br\/index.php\/wp-json\/wp\/v2\/comments?post=8069"}],"wp:featuredmedia":[{"embeddable":true,"href":"https:\/\/hospitalariars.com.br\/index.php\/wp-json\/wp\/v2\/media\/8071"}],"wp:attachment":[{"href":"https:\/\/hospitalariars.com.br\/index.php\/wp-json\/wp\/v2\/media?parent=8069"}],"wp:term":[{"taxonomy":"product_brand","embeddable":true,"href":"https:\/\/hospitalariars.com.br\/index.php\/wp-json\/wp\/v2\/product_brand?post=8069"},{"taxonomy":"product_cat","embeddable":true,"href":"https:\/\/hospitalariars.com.br\/index.php\/wp-json\/wp\/v2\/product_cat?post=8069"},{"taxonomy":"product_tag","embeddable":true,"href":"https:\/\/hospitalariars.com.br\/index.php\/wp-json\/wp\/v2\/product_tag?post=8069"}],"curies":[{"name":"wp","href":"https:\/\/api.w.org\/{rel}","templated":true}]}}