{"id":8082,"date":"2025-06-27T17:31:29","date_gmt":"2025-06-27T20:31:29","guid":{"rendered":"https:\/\/hospitalariars.com.br\/?post_type=product&#038;p=8082"},"modified":"2026-03-27T16:03:37","modified_gmt":"2026-03-27T19:03:37","slug":"atadura-crepom-supreme-unidade-medix","status":"publish","type":"product","link":"https:\/\/hospitalariars.com.br\/index.php\/produto\/atadura-crepom-supreme-unidade-medix\/","title":{"rendered":"Atadura Crepom Supreme &#8211; Unidade &#8211; Medix"},"content":{"rendered":"<div class=\"card__header\">\n<h2 class=\"card__title heading h3\">Descri\u00e7\u00e3o<\/h2>\n<\/div>\n<div class=\"card__section\">\n<div class=\"rte text--pull\">\n<h2 data-end=\"109\" data-start=\"88\"><strong data-end=\"107\" data-start=\"91\">Apresenta\u00e7\u00e3o<\/strong><\/h2>\n<p data-end=\"393\" data-start=\"110\">A Atadura de Crepom Supreme \u00e9 ideal para oferecer compress\u00e3o e suporte, combinando elasticidade e firmeza para maior liberdade de movimento. Indicada para uso em terapia compressiva, imobiliza\u00e7\u00f5es ortop\u00e9dicas, fixa\u00e7\u00e3o de curativos e preven\u00e7\u00e3o de contus\u00f5es em atividades esportivas.<\/p>\n<h2 data-end=\"429\" data-start=\"395\"><strong data-end=\"427\" data-start=\"398\">Especifica\u00e7\u00f5es do Produto<\/strong><\/h2>\n<ul data-end=\"1405\" data-start=\"430\">\n<li data-end=\"466\" data-start=\"430\"><strong data-end=\"452\" data-start=\"432\">Registro Anvisa:<\/strong>\u00a010071150057<\/li>\n<li data-end=\"521\" data-start=\"467\"><strong data-end=\"484\" data-start=\"469\">Composi\u00e7\u00e3o:<\/strong>\u00a0100% algod\u00e3o cru (trama tipo tela)<\/li>\n<li data-end=\"604\" data-start=\"522\"><strong data-end=\"538\" data-start=\"524\">Densidade:<\/strong>\u00a013 ou 18 fios\/cm\u00b2 (grande elasticidade no sentido longitudinal)<\/li>\n<li data-end=\"649\" data-start=\"605\"><strong data-end=\"616\" data-start=\"607\">Fios:<\/strong>\u00a0Alta tor\u00e7\u00e3o e alta resist\u00eancia<\/li>\n<li data-end=\"697\" data-start=\"650\"><strong data-end=\"668\" data-start=\"652\">Comprimento:<\/strong>\u00a01,80m (variando a largura)<\/li>\n<li data-end=\"951\" data-start=\"698\"><strong data-end=\"724\" data-start=\"700\">Modelos dispon\u00edveis:<\/strong>\n<ul data-end=\"951\" data-start=\"729\">\n<li data-end=\"754\" data-start=\"729\">06 cm x 1,80 m (5,4g)<\/li>\n<li data-end=\"782\" data-start=\"757\">08 cm x 1,80 m (7,2g)<\/li>\n<li data-end=\"810\" data-start=\"785\">10 cm x 1,80 m (9,0g)<\/li>\n<li data-end=\"839\" data-start=\"813\">12 cm x 1,80 m (10,8g)<\/li>\n<li data-end=\"868\" data-start=\"842\">15 cm x 1,80 m (13,5g)<\/li>\n<li data-end=\"895\" data-start=\"871\">20 cm x 1,80 m (18g)<\/li>\n<li data-end=\"924\" data-start=\"898\">25 cm x 1,80 m (22,5g)<\/li>\n<li data-end=\"951\" data-start=\"927\">30 cm x 1,80 m (27g)<\/li>\n<\/ul>\n<\/li>\n<li data-end=\"976\" data-start=\"952\"><strong data-end=\"967\" data-start=\"954\">Validade:<\/strong>\u00a05 anos<\/li>\n<li data-end=\"996\" data-start=\"977\"><strong data-end=\"994\" data-start=\"979\">N\u00e3o est\u00e9ril<\/strong><\/li>\n<\/ul>\n<h2 data-end=\"1431\" data-start=\"1407\"><strong data-end=\"1429\" data-start=\"1410\">Caracter\u00edsticas<\/strong><\/h2>\n<p data-end=\"1616\" data-start=\"1432\">\u2714 Alta elasticidade e resist\u00eancia<br data-end=\"1468\" data-start=\"1465\" \/>\u2714 Material 100% algod\u00e3o cru<br data-end=\"1498\" data-start=\"1495\" \/>\u2714 F\u00e1cil aplica\u00e7\u00e3o e ajuste ao corpo<br data-end=\"1536\" data-start=\"1533\" \/>\u2714 Ideal para compress\u00e3o moderada e fixa\u00e7\u00e3o<br data-end=\"1581\" data-start=\"1578\" \/>\u2714 Dispon\u00edvel em diversos tamanhos<\/p>\n<h2 data-end=\"1644\" data-start=\"1618\"><strong data-end=\"1642\" data-start=\"1621\">Instru\u00e7\u00f5es de Uso<\/strong><\/h2>\n<ol data-end=\"2412\" data-start=\"1645\">\n<li data-end=\"1725\" data-start=\"1645\"><strong data-end=\"1723\" data-start=\"1648\">Uso recomendado para profissionais da \u00e1rea de ortopedia e fisioterapia.<\/strong><\/li>\n<li data-end=\"1822\" data-start=\"1726\">Escolha o modelo adequado de acordo com a largura necess\u00e1ria para a regi\u00e3o a ser enfaixada.<\/li>\n<li data-end=\"1893\" data-start=\"1823\">Certifique-se de que a pele est\u00e1 limpa e seca antes da aplica\u00e7\u00e3o.<\/li>\n<li data-end=\"1959\" data-start=\"1894\">Fixe a extremidade inicial da atadura para garantir firmeza.<\/li>\n<li data-end=\"2042\" data-start=\"1960\">Enrole a atadura sem pregas ou rugas, evitando desconforto ou les\u00f5es na pele.<\/li>\n<li data-end=\"2107\" data-start=\"2043\">Sobreponha de 1\/2 a 1\/3 da largura da atadura a cada volta.<\/li>\n<li data-end=\"2175\" data-start=\"2108\">N\u00e3o aperte excessivamente para evitar problemas circulat\u00f3rios.<\/li>\n<li data-end=\"2278\" data-start=\"2176\">Sempre que poss\u00edvel, deixe a extremidade do membro exposta para monitorar a circula\u00e7\u00e3o sangu\u00ednea.<\/li>\n<li data-end=\"2339\" data-start=\"2279\">Dobre a ponta final para fixa\u00e7\u00e3o e utilize esparadrapo.<\/li>\n<li data-end=\"2412\" data-start=\"2340\">Caso ocorra irrita\u00e7\u00e3o, suspenda o uso e procure orienta\u00e7\u00e3o m\u00e9dica.<\/li>\n<\/ol>\n<h2 data-end=\"2433\" data-start=\"2414\"><strong data-end=\"2431\" data-start=\"2417\">Precau\u00e7\u00f5es<\/strong><\/h2>\n<p data-end=\"2943\" data-start=\"2434\">Produto de uso \u00fanico \u2013 descartar ap\u00f3s o uso.<br data-end=\"2487\" data-start=\"2484\" \/>N\u00e3o est\u00e9ril \u2013 n\u00e3o utilizar diretamente sobre ferimentos.<br data-end=\"2552\" data-start=\"2549\" \/>Proibido reprocessar.<br data-end=\"2582\" data-start=\"2579\" \/>Armazenar em local protegido da luz, umidade e calor excessivo.<br data-end=\"2654\" data-start=\"2651\" \/>N\u00e3o utilizar se a embalagem estiver danificada, aberta ou vencida.<br data-end=\"2729\" data-start=\"2726\" \/>Uso externo \u2013 n\u00e3o introduzir em cavidades do corpo.<br data-end=\"2789\" data-start=\"2786\" \/>Esteriliza\u00e7\u00e3o somente em ambiente hospitalar, se necess\u00e1rio, por raio gama ou feixe de el\u00e9trons.<br data-end=\"2894\" data-start=\"2891\" \/>Descartar em local apropriado ap\u00f3s o uso.<\/p>\n<\/div>\n<\/div>\n","protected":false},"excerpt":{"rendered":"Descri\u00e7\u00e3o Apresenta\u00e7\u00e3o A Atadura de Crepom Supreme \u00e9 ideal para oferecer compress\u00e3o e suporte, combinando elasticidade e firmeza&hellip;","protected":false},"featured_media":8083,"comment_status":"open","ping_status":"closed","template":"","meta":{"slim_seo":{"title":"Atadura Crepom Supreme - Unidade - Medix - Hospitalaria RS","description":"Descri\u00e7\u00e3o Apresenta\u00e7\u00e3o A Atadura de Crepom Supreme \u00e9 ideal para oferecer compress\u00e3o e suporte, combinando elasticidade e firmeza para maior liberdade de movimen"}},"product_brand":[77],"product_cat":[36],"product_tag":[849,846,850,845,847,848],"class_list":{"0":"post-8082","1":"product","2":"type-product","3":"status-publish","4":"has-post-thumbnail","6":"product_brand-medix","7":"product_cat-materiais-de-consumo","8":"product_tag-80m","9":"product_tag-atadura-compressiva-algodao-cru","10":"product_tag-atadura-crepom-nao-esteril","11":"product_tag-atadura-crepom-supreme","12":"product_tag-atadura-elastica-ortopedica","13":"product_tag-atadura-para-fisioterapia-1","14":"mbf-entry","16":"first","17":"outofstock","18":"shipping-taxable","19":"product-type-variable"},"_links":{"self":[{"href":"https:\/\/hospitalariars.com.br\/index.php\/wp-json\/wp\/v2\/product\/8082","targetHints":{"allow":["GET"]}}],"collection":[{"href":"https:\/\/hospitalariars.com.br\/index.php\/wp-json\/wp\/v2\/product"}],"about":[{"href":"https:\/\/hospitalariars.com.br\/index.php\/wp-json\/wp\/v2\/types\/product"}],"replies":[{"embeddable":true,"href":"https:\/\/hospitalariars.com.br\/index.php\/wp-json\/wp\/v2\/comments?post=8082"}],"wp:featuredmedia":[{"embeddable":true,"href":"https:\/\/hospitalariars.com.br\/index.php\/wp-json\/wp\/v2\/media\/8083"}],"wp:attachment":[{"href":"https:\/\/hospitalariars.com.br\/index.php\/wp-json\/wp\/v2\/media?parent=8082"}],"wp:term":[{"taxonomy":"product_brand","embeddable":true,"href":"https:\/\/hospitalariars.com.br\/index.php\/wp-json\/wp\/v2\/product_brand?post=8082"},{"taxonomy":"product_cat","embeddable":true,"href":"https:\/\/hospitalariars.com.br\/index.php\/wp-json\/wp\/v2\/product_cat?post=8082"},{"taxonomy":"product_tag","embeddable":true,"href":"https:\/\/hospitalariars.com.br\/index.php\/wp-json\/wp\/v2\/product_tag?post=8082"}],"curies":[{"name":"wp","href":"https:\/\/api.w.org\/{rel}","templated":true}]}}