{"id":8134,"date":"2025-06-30T14:14:42","date_gmt":"2025-06-30T17:14:42","guid":{"rendered":"https:\/\/hospitalariars.com.br\/?post_type=product&#038;p=8134"},"modified":"2026-03-27T16:03:37","modified_gmt":"2026-03-27T19:03:37","slug":"luva-de-latex-branca-para-procedimento-standard-pouco-po-caixa-com-100-unidades-unigloves","status":"publish","type":"product","link":"https:\/\/hospitalariars.com.br\/index.php\/produto\/luva-de-latex-branca-para-procedimento-standard-pouco-po-caixa-com-100-unidades-unigloves\/","title":{"rendered":"Luva de l\u00e1tex Branca para procedimento Standard (pouco p\u00f3) caixa com 100 unidades &#8211; Unigloves"},"content":{"rendered":"<h2 data-start=\"120\" data-end=\"166\">Luva de L\u00e1tex para Procedimento \u2013 Unigloves<\/h2>\n<h3 data-start=\"168\" data-end=\"194\">Descri\u00e7\u00e3o do Produto<\/h3>\n<p data-start=\"195\" data-end=\"661\">A Luva de L\u00e1tex para Procedimento \u00e9 fabricada com l\u00e1tex de borracha 100% natural, proporcionando sensibilidade t\u00e1til superior, ajuste perfeito \u00e0s m\u00e3os e excelente barreira de prote\u00e7\u00e3o contra pat\u00f3genos. Ideal para procedimentos com risco de contamina\u00e7\u00e3o, oferece um cal\u00e7amento f\u00e1cil gra\u00e7as \u00e0 leve camada de p\u00f3 bioabsorv\u00edvel em seu interior \u2014 sem comprometer a seguran\u00e7a, j\u00e1 que a parte externa \u00e9 totalmente livre de p\u00f3, evitando contamina\u00e7\u00e3o de pacientes e materiais.<\/p>\n<p data-start=\"663\" data-end=\"759\">S\u00e3o as primeiras luvas do mercado que mant\u00eam p\u00f3 apenas no interior, onde realmente \u00e9 necess\u00e1rio.<\/p>\n<hr data-start=\"761\" data-end=\"764\" \/>\n<h3 data-start=\"766\" data-end=\"784\">Apresenta\u00e7\u00e3o<\/h3>\n<ul data-start=\"785\" data-end=\"995\">\n<li data-start=\"785\" data-end=\"811\">\n<p data-start=\"787\" data-end=\"811\">Caixa com 100 unidades<\/p>\n<\/li>\n<li data-start=\"812\" data-end=\"827\">\n<p data-start=\"814\" data-end=\"827\">N\u00e3o est\u00e9ril<\/p>\n<\/li>\n<li data-start=\"828\" data-end=\"863\">\n<p data-start=\"830\" data-end=\"863\">Fabricada em l\u00e1tex 100% natural<\/p>\n<\/li>\n<li data-start=\"864\" data-end=\"912\">\n<p data-start=\"866\" data-end=\"912\">Levemente talcada (somente na parte interna)<\/p>\n<\/li>\n<li data-start=\"913\" data-end=\"995\">\n<p data-start=\"915\" data-end=\"995\">Dispon\u00edvel nos tamanhos: PP (Extra Pequeno), P (Pequeno), M (M\u00e9dio) e G (Grande)<\/p>\n<\/li>\n<\/ul>\n<hr data-start=\"997\" data-end=\"1000\" \/>\n<h3 data-start=\"1002\" data-end=\"1017\">Qualidade<\/h3>\n<ul data-start=\"1018\" data-end=\"1121\">\n<li data-start=\"1018\" data-end=\"1037\">\n<p data-start=\"1020\" data-end=\"1037\">Maior espessura<\/p>\n<\/li>\n<li data-start=\"1038\" data-end=\"1056\">\n<p data-start=\"1040\" data-end=\"1056\">Punho alongado<\/p>\n<\/li>\n<li data-start=\"1057\" data-end=\"1076\">\n<p data-start=\"1059\" data-end=\"1076\">Superf\u00edcie lisa<\/p>\n<\/li>\n<li data-start=\"1077\" data-end=\"1121\">\n<p data-start=\"1079\" data-end=\"1121\">Barreira eficiente contra micro-organismos<\/p>\n<\/li>\n<\/ul>\n<hr data-start=\"1123\" data-end=\"1126\" \/>\n<h3 data-start=\"1128\" data-end=\"1144\">Benef\u00edcios<\/h3>\n<ul data-start=\"1145\" data-end=\"1338\">\n<li data-start=\"1145\" data-end=\"1177\">\n<p data-start=\"1147\" data-end=\"1177\">Sensibilidade t\u00e1til superior<\/p>\n<\/li>\n<li data-start=\"1178\" data-end=\"1207\">\n<p data-start=\"1180\" data-end=\"1207\">Ajuste anat\u00f4mico perfeito<\/p>\n<\/li>\n<li data-start=\"1208\" data-end=\"1238\">\n<p data-start=\"1210\" data-end=\"1238\">F\u00e1cil cal\u00e7amento e remo\u00e7\u00e3o<\/p>\n<\/li>\n<li data-start=\"1239\" data-end=\"1304\">\n<p data-start=\"1241\" data-end=\"1304\">M\u00ednima quantidade de p\u00f3 interno (evita ressecamento das m\u00e3os)<\/p>\n<\/li>\n<li data-start=\"1305\" data-end=\"1338\">\n<p data-start=\"1307\" data-end=\"1338\">Conforto e maciez durante o uso<\/p>\n<\/li>\n<\/ul>\n<hr data-start=\"1340\" data-end=\"1343\" \/>\n<h3 data-start=\"1345\" data-end=\"1379\">Certifica\u00e7\u00f5es e Conformidade<\/h3>\n<ul data-start=\"1380\" data-end=\"1488\">\n<li data-start=\"1380\" data-end=\"1434\">\n<p data-start=\"1382\" data-end=\"1434\">Em conformidade com a Portaria INMETRO n\u00ba 332\/2012<\/p>\n<\/li>\n<li data-start=\"1435\" data-end=\"1488\">\n<p data-start=\"1437\" data-end=\"1488\">Fabricada sob boas pr\u00e1ticas conforme ISO 13485\/2008<\/p>\n<\/li>\n<\/ul>\n<hr data-start=\"1490\" data-end=\"1493\" \/>\n<h3 data-start=\"1495\" data-end=\"1537\">Tabela de Medidas (Ajuste por Tamanho)<\/h3>\n<div class=\"_tableContainer_80l1q_1\">\n<div class=\"_tableWrapper_80l1q_14 group flex w-fit flex-col-reverse\" tabindex=\"-1\">\n<table class=\"w-fit min-w-(--thread-content-width)\" data-start=\"1539\" data-end=\"1965\">\n<thead data-start=\"1539\" data-end=\"1591\">\n<tr data-start=\"1539\" data-end=\"1591\">\n<th data-start=\"1539\" data-end=\"1549\" data-col-size=\"sm\">Tamanho<\/th>\n<th data-start=\"1549\" data-end=\"1578\" data-col-size=\"sm\">Circunfer\u00eancia da M\u00e3o (mm)<\/th>\n<th data-start=\"1578\" data-end=\"1591\" data-col-size=\"md\">Indica\u00e7\u00e3o<\/th>\n<\/tr>\n<\/thead>\n<tbody data-start=\"1646\" data-end=\"1965\">\n<tr data-start=\"1646\" data-end=\"1740\">\n<td data-start=\"1646\" data-end=\"1656\" data-col-size=\"sm\">PP<\/td>\n<td data-col-size=\"sm\" data-start=\"1656\" data-end=\"1686\">At\u00e9 152 mm<\/td>\n<td data-col-size=\"md\" data-start=\"1686\" data-end=\"1740\">M\u00e3os muito pequenas (ex: m\u00e3os femininas delicadas)<\/td>\n<\/tr>\n<tr data-start=\"1741\" data-end=\"1816\">\n<td data-start=\"1741\" data-end=\"1751\" data-col-size=\"sm\">P<\/td>\n<td data-col-size=\"sm\" data-start=\"1751\" data-end=\"1781\">153 \u2013 178 mm<\/td>\n<td data-col-size=\"md\" data-start=\"1781\" data-end=\"1816\">M\u00e3os pequenas (padr\u00e3o feminino)<\/td>\n<\/tr>\n<tr data-start=\"1817\" data-end=\"1889\">\n<td data-start=\"1817\" data-end=\"1827\" data-col-size=\"sm\">M<\/td>\n<td data-col-size=\"sm\" data-start=\"1827\" data-end=\"1857\">179 \u2013 203 mm<\/td>\n<td data-col-size=\"md\" data-start=\"1857\" data-end=\"1889\">M\u00e3os m\u00e9dias (padr\u00e3o unissex)<\/td>\n<\/tr>\n<tr data-start=\"1890\" data-end=\"1965\">\n<td data-start=\"1890\" data-end=\"1900\" data-col-size=\"sm\">G<\/td>\n<td data-col-size=\"sm\" data-start=\"1900\" data-end=\"1930\">204 \u2013 229 mm<\/td>\n<td data-col-size=\"md\" data-start=\"1930\" data-end=\"1965\">M\u00e3os grandes (padr\u00e3o masculino)<\/td>\n<\/tr>\n<\/tbody>\n<\/table>\n<div class=\"sticky end-(--thread-content-margin) h-0 self-end select-none\">\n<div class=\"absolute end-0 flex items-end\"><\/div>\n<\/div>\n<\/div>\n<\/div>\n<p data-start=\"1967\" data-end=\"2082\"><em data-start=\"1967\" data-end=\"2082\">Para medir, utilize uma fita m\u00e9trica flex\u00edvel ao redor da m\u00e3o na altura dos n\u00f3s dos dedos, sem incluir o polegar.<\/em><\/p>\n","protected":false},"excerpt":{"rendered":"Luva de L\u00e1tex para Procedimento \u2013 Unigloves Descri\u00e7\u00e3o do Produto A Luva de L\u00e1tex para Procedimento \u00e9 fabricada&hellip;","protected":false},"featured_media":8135,"comment_status":"open","ping_status":"closed","template":"","meta":{"slim_seo":{"title":"Luva de l\u00e1tex Branca para procedimento Standard (pouco p\u00f3) caixa com 100 unidades - Unigloves - Hospitalaria RS","description":"Luva de L\u00e1tex para Procedimento \u2013 Unigloves Descri\u00e7\u00e3o do Produto A Luva de L\u00e1tex para Procedimento \u00e9 fabricada com l\u00e1tex de borracha 100% natural, proporcionand"}},"product_brand":[77],"product_cat":[36],"product_tag":[855,851,852,854,853],"class_list":{"0":"post-8134","1":"product","2":"type-product","3":"status-publish","4":"has-post-thumbnail","6":"product_brand-medix","7":"product_cat-materiais-de-consumo","8":"product_tag-luva-com-po","9":"product_tag-luva-de-latex-para-procedimento","10":"product_tag-luva-descartavel-nao-esteril","11":"product_tag-luva-hospitalar-latex","12":"product_tag-luva-medica-de-latex","13":"mbf-entry","15":"first","16":"outofstock","17":"shipping-taxable","18":"product-type-variable"},"_links":{"self":[{"href":"https:\/\/hospitalariars.com.br\/index.php\/wp-json\/wp\/v2\/product\/8134","targetHints":{"allow":["GET"]}}],"collection":[{"href":"https:\/\/hospitalariars.com.br\/index.php\/wp-json\/wp\/v2\/product"}],"about":[{"href":"https:\/\/hospitalariars.com.br\/index.php\/wp-json\/wp\/v2\/types\/product"}],"replies":[{"embeddable":true,"href":"https:\/\/hospitalariars.com.br\/index.php\/wp-json\/wp\/v2\/comments?post=8134"}],"wp:featuredmedia":[{"embeddable":true,"href":"https:\/\/hospitalariars.com.br\/index.php\/wp-json\/wp\/v2\/media\/8135"}],"wp:attachment":[{"href":"https:\/\/hospitalariars.com.br\/index.php\/wp-json\/wp\/v2\/media?parent=8134"}],"wp:term":[{"taxonomy":"product_brand","embeddable":true,"href":"https:\/\/hospitalariars.com.br\/index.php\/wp-json\/wp\/v2\/product_brand?post=8134"},{"taxonomy":"product_cat","embeddable":true,"href":"https:\/\/hospitalariars.com.br\/index.php\/wp-json\/wp\/v2\/product_cat?post=8134"},{"taxonomy":"product_tag","embeddable":true,"href":"https:\/\/hospitalariars.com.br\/index.php\/wp-json\/wp\/v2\/product_tag?post=8134"}],"curies":[{"name":"wp","href":"https:\/\/api.w.org\/{rel}","templated":true}]}}