{"id":8141,"date":"2025-06-30T14:36:31","date_gmt":"2025-06-30T17:36:31","guid":{"rendered":"https:\/\/hospitalariars.com.br\/?post_type=product&#038;p=8141"},"modified":"2026-03-27T16:03:37","modified_gmt":"2026-03-27T19:03:37","slug":"luva-nitrilo-sem-po-preta-para-protecao-quimica-safetec-100und-unigloves","status":"publish","type":"product","link":"https:\/\/hospitalariars.com.br\/index.php\/produto\/luva-nitrilo-sem-po-preta-para-protecao-quimica-safetec-100und-unigloves\/","title":{"rendered":"Luva Nitrilo sem P\u00f3 Preta para Prote\u00e7\u00e3o Quimica &#8211; Safetec 100und &#8211; UniGloves"},"content":{"rendered":"<h2 data-start=\"149\" data-end=\"196\">Luva Nitr\u00edlica Safetec PRO.TECT \u2013 UniGloves\u00ae<\/h2>\n<h3 data-start=\"198\" data-end=\"236\">Prote\u00e7\u00e3o contra agentes qu\u00edmicos<\/h3>\n<p data-start=\"237\" data-end=\"380\">A luva <strong data-start=\"244\" data-end=\"275\">Safetec PRO.TECT UniGloves\u00ae<\/strong> \u00e9 desenvolvida para <strong data-start=\"296\" data-end=\"316\">alta performance<\/strong>, oferecendo prote\u00e7\u00e3o contra <strong data-start=\"345\" data-end=\"374\">diversos agentes qu\u00edmicos<\/strong> como:<\/p>\n<ul data-start=\"381\" data-end=\"444\">\n<li data-start=\"381\" data-end=\"400\">\n<p data-start=\"383\" data-end=\"400\">Fluido de freio<\/p>\n<\/li>\n<li data-start=\"401\" data-end=\"414\">\n<p data-start=\"403\" data-end=\"414\">Solventes<\/p>\n<\/li>\n<li data-start=\"415\" data-end=\"425\">\n<p data-start=\"417\" data-end=\"425\">Diesel<\/p>\n<\/li>\n<li data-start=\"426\" data-end=\"444\">\n<p data-start=\"428\" data-end=\"444\">\u00d3leos e graxas<\/p>\n<\/li>\n<\/ul>\n<p data-start=\"446\" data-end=\"599\">Fabricada em <strong data-start=\"459\" data-end=\"470\">nitrilo<\/strong>, \u00e9 ideal para ambientes exigentes, garantindo <strong data-start=\"517\" data-end=\"553\">resist\u00eancia, precis\u00e3o e conforto<\/strong>, mesmo ao manusear subst\u00e2ncias escorregadias.<\/p>\n<hr data-start=\"601\" data-end=\"604\" \/>\n<h3 data-start=\"606\" data-end=\"640\">Caracter\u00edsticas e Diferenciais<\/h3>\n<p data-start=\"642\" data-end=\"772\"><strong data-start=\"642\" data-end=\"683\">\u2022 Alta resist\u00eancia qu\u00edmica e mec\u00e2nica<\/strong><br data-start=\"683\" data-end=\"686\" \/>Ideal para contato com lubrificantes, solventes, \u00f3leos e produtos de limpeza pesada.<\/p>\n<p data-start=\"774\" data-end=\"887\"><strong data-start=\"774\" data-end=\"811\">\u2022 Borracha de nitrilo (sem l\u00e1tex)<\/strong><br data-start=\"811\" data-end=\"814\" \/>Alternativa segura para quem tem <strong data-start=\"847\" data-end=\"884\">alergia ou sensibilidade ao l\u00e1tex<\/strong>.<\/p>\n<p data-start=\"889\" data-end=\"982\"><strong data-start=\"889\" data-end=\"915\">\u2022 Sem p\u00f3 bioabsorv\u00edvel<\/strong><br data-start=\"915\" data-end=\"918\" \/>Maciez e f\u00e1cil cal\u00e7amento, ideal para pessoas sens\u00edveis ao p\u00f3.<\/p>\n<p data-start=\"984\" data-end=\"1116\"><strong data-start=\"984\" data-end=\"1022\">\u2022 Ponta dos dedos microtexturizada<\/strong><br data-start=\"1022\" data-end=\"1025\" \/>Oferece <strong data-start=\"1033\" data-end=\"1052\">maior ader\u00eancia<\/strong> e precis\u00e3o no manuseio, mesmo em ambientes \u00famidos ou oleosos.<\/p>\n<p data-start=\"1118\" data-end=\"1237\"><strong data-start=\"1118\" data-end=\"1154\">\u2022 Maior espessura e durabilidade<\/strong><br data-start=\"1154\" data-end=\"1157\" \/>Mais resist\u00eancia a rasgos, aumentando a vida \u00fatil em situa\u00e7\u00f5es de uso intenso.<\/p>\n<p data-start=\"1239\" data-end=\"1366\"><strong data-start=\"1239\" data-end=\"1259\">\u2022 Punho alongado<\/strong><br data-start=\"1259\" data-end=\"1262\" \/>Previne entrada de l\u00edquidos e facilita o cal\u00e7amento, al\u00e9m de oferecer <strong data-start=\"1332\" data-end=\"1350\">prote\u00e7\u00e3o extra<\/strong> no antebra\u00e7o.<\/p>\n<p data-start=\"1368\" data-end=\"1490\"><strong data-start=\"1368\" data-end=\"1391\">\u2022 Design ergon\u00f4mico<\/strong><br data-start=\"1391\" data-end=\"1394\" \/>Proporciona <strong data-start=\"1406\" data-end=\"1428\">ajuste confort\u00e1vel<\/strong> \u00e0s m\u00e3os e <strong data-start=\"1439\" data-end=\"1464\">reduz fadiga muscular<\/strong> durante o uso prolongado.<\/p>\n<hr data-start=\"1492\" data-end=\"1495\" \/>\n<h3 data-start=\"1497\" data-end=\"1524\">Aplica\u00e7\u00f5es recomendadas<\/h3>\n<ul data-start=\"1525\" data-end=\"1712\">\n<li data-start=\"1525\" data-end=\"1546\">\n<p data-start=\"1527\" data-end=\"1546\">Ind\u00fastria qu\u00edmica<\/p>\n<\/li>\n<li data-start=\"1547\" data-end=\"1565\">\n<p data-start=\"1549\" data-end=\"1565\">Limpeza pesada<\/p>\n<\/li>\n<li data-start=\"1566\" data-end=\"1588\">\n<p data-start=\"1568\" data-end=\"1588\">Oficinas mec\u00e2nicas<\/p>\n<\/li>\n<li data-start=\"1589\" data-end=\"1633\">\n<p data-start=\"1591\" data-end=\"1633\">Profissionais de manuten\u00e7\u00e3o e automotiva<\/p>\n<\/li>\n<li data-start=\"1634\" data-end=\"1712\">\n<p data-start=\"1636\" data-end=\"1712\">Servi\u00e7os que envolvam contato com \u00f3leos, graxas, solventes e lubrificantes<\/p>\n<\/li>\n<\/ul>\n<hr data-start=\"1714\" data-end=\"1717\" \/>\n<h3 data-start=\"1719\" data-end=\"1770\">Por que escolher a Safetec PRO.TECT UniGloves\u00ae?<\/h3>\n<ul data-start=\"1772\" data-end=\"1958\">\n<li data-start=\"1772\" data-end=\"1812\">\n<p data-start=\"1774\" data-end=\"1812\">M\u00e1xima prote\u00e7\u00e3o qu\u00edmica com conforto<\/p>\n<\/li>\n<li data-start=\"1813\" data-end=\"1834\">\n<p data-start=\"1815\" data-end=\"1834\">Alta durabilidade<\/p>\n<\/li>\n<li data-start=\"1835\" data-end=\"1860\">\n<p data-start=\"1837\" data-end=\"1860\">Pegada firme e segura<\/p>\n<\/li>\n<li data-start=\"1861\" data-end=\"1902\">\n<p data-start=\"1863\" data-end=\"1902\">Op\u00e7\u00e3o ideal para ambientes agressivos<\/p>\n<\/li>\n<li data-start=\"1903\" data-end=\"1958\">\n<p data-start=\"1905\" data-end=\"1958\">Qualidade UniGloves\u00ae reconhecida internacionalmente<\/p>\n<\/li>\n<\/ul>\n","protected":false},"excerpt":{"rendered":"Luva Nitr\u00edlica Safetec PRO.TECT \u2013 UniGloves\u00ae Prote\u00e7\u00e3o contra agentes qu\u00edmicos A luva Safetec PRO.TECT UniGloves\u00ae \u00e9 desenvolvida para&hellip;","protected":false},"featured_media":8142,"comment_status":"open","ping_status":"closed","template":"","meta":{"slim_seo":{"title":"Luva Nitrilo sem P\u00f3 Preta para Prote\u00e7\u00e3o Quimica - Safetec 100und - UniGloves - Hospitalaria RS","description":"Luva Nitr\u00edlica Safetec PRO.TECT \u2013 UniGloves\u00ae Prote\u00e7\u00e3o contra agentes qu\u00edmicos A luva Safetec PRO.TECT UniGloves\u00ae \u00e9 desenvolvida para alta performance , oferecen"}},"product_brand":[79],"product_cat":[36],"product_tag":[857,856,860,859,858],"class_list":{"0":"post-8141","1":"product","2":"type-product","3":"status-publish","4":"has-post-thumbnail","6":"product_brand-unigloves","7":"product_cat-materiais-de-consumo","8":"product_tag-luva-de-nitrilo-sem-latex","9":"product_tag-luva-nitrilica-protecao-quimica","10":"product_tag-luva-para-limpeza-pesada","11":"product_tag-luva-para-oficina-mecanica","12":"product_tag-luva-resistente-a-solvente","13":"mbf-entry","15":"first","16":"outofstock","17":"shipping-taxable","18":"product-type-variable"},"_links":{"self":[{"href":"https:\/\/hospitalariars.com.br\/index.php\/wp-json\/wp\/v2\/product\/8141","targetHints":{"allow":["GET"]}}],"collection":[{"href":"https:\/\/hospitalariars.com.br\/index.php\/wp-json\/wp\/v2\/product"}],"about":[{"href":"https:\/\/hospitalariars.com.br\/index.php\/wp-json\/wp\/v2\/types\/product"}],"replies":[{"embeddable":true,"href":"https:\/\/hospitalariars.com.br\/index.php\/wp-json\/wp\/v2\/comments?post=8141"}],"wp:featuredmedia":[{"embeddable":true,"href":"https:\/\/hospitalariars.com.br\/index.php\/wp-json\/wp\/v2\/media\/8142"}],"wp:attachment":[{"href":"https:\/\/hospitalariars.com.br\/index.php\/wp-json\/wp\/v2\/media?parent=8141"}],"wp:term":[{"taxonomy":"product_brand","embeddable":true,"href":"https:\/\/hospitalariars.com.br\/index.php\/wp-json\/wp\/v2\/product_brand?post=8141"},{"taxonomy":"product_cat","embeddable":true,"href":"https:\/\/hospitalariars.com.br\/index.php\/wp-json\/wp\/v2\/product_cat?post=8141"},{"taxonomy":"product_tag","embeddable":true,"href":"https:\/\/hospitalariars.com.br\/index.php\/wp-json\/wp\/v2\/product_tag?post=8141"}],"curies":[{"name":"wp","href":"https:\/\/api.w.org\/{rel}","templated":true}]}}