{"id":8172,"date":"2025-06-30T15:26:27","date_gmt":"2025-06-30T18:26:27","guid":{"rendered":"https:\/\/hospitalariars.com.br\/?post_type=product&#038;p=8172"},"modified":"2026-03-27T16:03:36","modified_gmt":"2026-03-27T19:03:36","slug":"touca-cirurgica-descartavel-com-tiras-pacote-com-100-un-medix","status":"publish","type":"product","link":"https:\/\/hospitalariars.com.br\/index.php\/produto\/touca-cirurgica-descartavel-com-tiras-pacote-com-100-un-medix\/","title":{"rendered":"Touca Cir\u00fargica Descart\u00e1vel com Tiras &#8211; Pacote com 100 un &#8211; Medix"},"content":{"rendered":"<div class=\"card__header\">\n<h2 class=\"card__title heading h3\">Descri\u00e7\u00e3o<\/h2>\n<\/div>\n<div class=\"card__section\">\n<div class=\"rte text--pull\">\n<p><strong>Apresenta\u00e7\u00e3o<\/strong><\/p>\n<p><span style=\"font-weight: 400;\">A Touca Cir\u00fargica Descart\u00e1vel Medix Brasil \u00e9 feita em polipropileno n\u00e3o tecido, possui fechamento com tiras e \u00e9 de uso \u00fanico.<\/span><\/p>\n<p><span style=\"font-weight: 400;\">Indicada para evitar a queda de sujeira e part\u00edculas de cabelo em ambientes onde h\u00e1 a necessidade de alta limpeza, protege o usu\u00e1rio contra respingos, fluidos e outras subst\u00e2ncias.\u00a0<\/span><\/p>\n<p><span style=\"font-weight: 400;\">Produto n\u00e3o est\u00e9ril e de uso \u00fanico. Proibido reprocessar. Destruir ap\u00f3s o uso.<\/span><\/p>\n<p><strong>Benef\u00edcios<\/strong><\/p>\n<ul>\n<li style=\"font-weight: 400;\"><span style=\"font-weight: 400;\">Barreira f\u00edsica contra contamina\u00e7\u00e3o por fluidos, part\u00edculas, sujeira e outras subst\u00e2ncias.<\/span><\/li>\n<\/ul>\n<p><strong>Modo de uso<\/strong><\/p>\n<ol>\n<li style=\"font-weight: 400;\"><span style=\"font-weight: 400;\">Verifique a integridade da embalagem;<\/span><\/li>\n<li style=\"font-weight: 400;\"><span style=\"font-weight: 400;\">Realize a higiene das m\u00e3os, assegure que as m\u00e3os estejam limpas e secas para o passo seguinte;<\/span><\/li>\n<li style=\"font-weight: 400;\"><span style=\"font-weight: 400;\">Retire a touca da embalagem o mais pr\u00f3ximo poss\u00edvel do momento do uso;<\/span><\/li>\n<li style=\"font-weight: 400;\"><span style=\"font-weight: 400;\">Coloque a touca na regi\u00e3o da cabe\u00e7a, cobrindo toda a cabe\u00e7a e o cabelo;<\/span><\/li>\n<li style=\"font-weight: 400;\"><span style=\"font-weight: 400;\">Adapte as tiras \u00e0 circunfer\u00eancia da cabe\u00e7a;<\/span><\/li>\n<li style=\"font-weight: 400;\"><span style=\"font-weight: 400;\">Ap\u00f3s o uso, retire a touca descarte em local apropriado.<\/span><\/li>\n<\/ol>\n<p><strong>Indica\u00e7\u00f5es de uso<\/strong><\/p>\n<p><span style=\"font-weight: 400;\">Indicada para a prote\u00e7\u00e3o e para reduzir a contamina\u00e7\u00e3o durante a realiza\u00e7\u00e3o de procedimentos.<\/span><\/p>\n<p><strong>Especifica\u00e7\u00e3o t\u00e9cnica<\/strong><\/p>\n<ul>\n<li style=\"font-weight: 400;\"><span style=\"font-weight: 400;\">De uso \u00fanico;<\/span><\/li>\n<li style=\"font-weight: 400;\"><span style=\"font-weight: 400;\">Descart\u00e1vel;<\/span><\/li>\n<li style=\"font-weight: 400;\"><span style=\"font-weight: 400;\">N\u00e3o est\u00e9ril;<\/span><\/li>\n<li style=\"font-weight: 400;\"><span style=\"font-weight: 400;\">Material: polipropileno n\u00e3o tecido;<\/span><\/li>\n<li style=\"font-weight: 400;\"><span style=\"font-weight: 400;\">Cor: branca;<\/span><\/li>\n<li style=\"font-weight: 400;\"><span style=\"font-weight: 400;\">Tamanho: \u00fanico (com tiras: 64x16cm);<\/span><\/li>\n<li style=\"font-weight: 400;\"><span style=\"font-weight: 400;\">Validade: 5 anos ap\u00f3s a data de fabrica\u00e7\u00e3o;<\/span><\/li>\n<li style=\"font-weight: 400;\"><span style=\"font-weight: 400;\">Embalagem: pacote com 100 unidades;<\/span><\/li>\n<li style=\"font-weight: 400;\"><span style=\"font-weight: 400;\">Dimens\u00f5es embalagem: 29cm(c) x 5cm(l) x 40,5cm(a);<\/span><\/li>\n<li style=\"font-weight: 400;\"><span style=\"font-weight: 400;\">Peso embalagem: 300g;<\/span><\/li>\n<li style=\"font-weight: 400;\"><span style=\"font-weight: 400;\">Registro Anvisa 80495510123.\u00a0<\/span><\/li>\n<\/ul>\n<\/div>\n<\/div>\n","protected":false},"excerpt":{"rendered":"Descri\u00e7\u00e3o Apresenta\u00e7\u00e3o A Touca Cir\u00fargica Descart\u00e1vel Medix Brasil \u00e9 feita em polipropileno n\u00e3o tecido, possui fechamento com tiras&hellip;","protected":false},"featured_media":8173,"comment_status":"open","ping_status":"closed","template":"","meta":{"slim_seo":{"title":"Touca Cir\u00fargica Descart\u00e1vel com Tiras - Pacote com 100 un - Medix - Hospitalaria RS","description":"Descri\u00e7\u00e3o Apresenta\u00e7\u00e3o A Touca Cir\u00fargica Descart\u00e1vel Medix Brasil \u00e9 feita em polipropileno n\u00e3o tecido, possui fechamento com tiras e \u00e9 de uso \u00fanico. Indicada pa"}},"product_brand":[77],"product_cat":[36],"product_tag":[866,867,869,868,870],"class_list":{"0":"post-8172","1":"product","2":"type-product","3":"status-publish","4":"has-post-thumbnail","6":"product_brand-medix","7":"product_cat-materiais-de-consumo","8":"product_tag-touca-cirurgica-descartavel","9":"product_tag-touca-com-tiras-medix","10":"product_tag-touca-de-tnt-nao-esteril","11":"product_tag-touca-hospitalar-branca","12":"product_tag-touca-para-procedimentos-medicos","13":"mbf-entry","15":"first","16":"outofstock","17":"shipping-taxable","18":"product-type-simple"},"_links":{"self":[{"href":"https:\/\/hospitalariars.com.br\/index.php\/wp-json\/wp\/v2\/product\/8172","targetHints":{"allow":["GET"]}}],"collection":[{"href":"https:\/\/hospitalariars.com.br\/index.php\/wp-json\/wp\/v2\/product"}],"about":[{"href":"https:\/\/hospitalariars.com.br\/index.php\/wp-json\/wp\/v2\/types\/product"}],"replies":[{"embeddable":true,"href":"https:\/\/hospitalariars.com.br\/index.php\/wp-json\/wp\/v2\/comments?post=8172"}],"wp:featuredmedia":[{"embeddable":true,"href":"https:\/\/hospitalariars.com.br\/index.php\/wp-json\/wp\/v2\/media\/8173"}],"wp:attachment":[{"href":"https:\/\/hospitalariars.com.br\/index.php\/wp-json\/wp\/v2\/media?parent=8172"}],"wp:term":[{"taxonomy":"product_brand","embeddable":true,"href":"https:\/\/hospitalariars.com.br\/index.php\/wp-json\/wp\/v2\/product_brand?post=8172"},{"taxonomy":"product_cat","embeddable":true,"href":"https:\/\/hospitalariars.com.br\/index.php\/wp-json\/wp\/v2\/product_cat?post=8172"},{"taxonomy":"product_tag","embeddable":true,"href":"https:\/\/hospitalariars.com.br\/index.php\/wp-json\/wp\/v2\/product_tag?post=8172"}],"curies":[{"name":"wp","href":"https:\/\/api.w.org\/{rel}","templated":true}]}}