{"id":8184,"date":"2025-07-01T10:38:02","date_gmt":"2025-07-01T13:38:02","guid":{"rendered":"https:\/\/hospitalariars.com.br\/?post_type=product&#038;p=8184"},"modified":"2026-03-27T16:03:36","modified_gmt":"2026-03-27T19:03:36","slug":"gel-condutor-para-exames-250gr-plurigel-carbogel","status":"publish","type":"product","link":"https:\/\/hospitalariars.com.br\/index.php\/produto\/gel-condutor-para-exames-250gr-plurigel-carbogel\/","title":{"rendered":"Gel Condutor Para Exames 250g Plurigel &#8211; Carbogel"},"content":{"rendered":"<h2 class=\"sc-dcJsrY iVJGKX\" data-testid=\"product-detail-label\">Informa\u00e7\u00f5es do Produto<\/h2>\n<p><span class=\"sc-dcJsrY jZKEso\" data-testid=\"product-detail-title\">Gel Condutor Para Exames 250G<\/span><\/p>\n<div class=\"sc-iGgWBj jEOEJZ sc-cibtfC iMtDxl\" data-testid=\"product-detail-description\">\n<div class=\"sc-iGgWBj eWtIHQ sc-jfLtok jZiINr\" data-testid=\"rich-content-container\">Desenvolvido para garantir m\u00e1xima efici\u00eancia na condu\u00e7\u00e3o de sinais el\u00e9tricos e ultrass\u00f4nicos, o Gel Condutor para Exames \u00e9 essencial em procedimentos de diagn\u00f3stico por imagem e terapias eletroterap\u00eauticas. Com textura ideal, n\u00e3o escorre e proporciona excelente deslizamento dos transdutores ou eletrodos sobre a pele.<br \/>\nSua f\u00f3rmula \u00e9 hipoalerg\u00eanica, inodora e livre de \u00e1lcool, corantes e parabenos, o que assegura total seguran\u00e7a para a pele e compatibilidade com todos os tipos de equipamentos m\u00e9dicos. Sol\u00favel em \u00e1gua, \u00e9 de f\u00e1cil remo\u00e7\u00e3o e n\u00e3o deixa res\u00edduos.Perfeito para ultrassonografias, eletrocardiogramas, fisioterapia e tratamentos est\u00e9ticos, o Gel Condutor 250g oferece praticidade e desempenho em cada aplica\u00e7\u00e3o.<\/div>\n<\/div>\n","protected":false},"excerpt":{"rendered":"Informa\u00e7\u00f5es do Produto Gel Condutor Para Exames 250G Desenvolvido para garantir m\u00e1xima efici\u00eancia na condu\u00e7\u00e3o de sinais el\u00e9tricos&hellip;","protected":false},"featured_media":8185,"comment_status":"open","ping_status":"closed","template":"","meta":{"slim_seo":{"title":"Gel Condutor Para Exames 250g Plurigel - Carbogel - Hospitalaria RS","description":"Informa\u00e7\u00f5es do Produto Gel Condutor Para Exames 250G Desenvolvido para garantir m\u00e1xima efici\u00eancia na condu\u00e7\u00e3o de sinais el\u00e9tricos e ultrass\u00f4nicos, o Gel Conduto"}},"product_brand":[247],"product_cat":[36],"product_tag":[875,874,873,871,872],"class_list":{"0":"post-8184","1":"product","2":"type-product","3":"status-publish","4":"has-post-thumbnail","6":"product_brand-carbogel","7":"product_cat-materiais-de-consumo","8":"product_tag-condutor-uso-profissional","9":"product_tag-gel-condutor-fisioterapia","10":"product_tag-gel-condutor-hipoalergenico","11":"product_tag-gel-condutor-para-exames","12":"product_tag-gel-para-ultrassom-250g","13":"mbf-entry","15":"first","16":"outofstock","17":"sale","18":"shipping-taxable","19":"purchasable","20":"product-type-simple"},"_links":{"self":[{"href":"https:\/\/hospitalariars.com.br\/index.php\/wp-json\/wp\/v2\/product\/8184","targetHints":{"allow":["GET"]}}],"collection":[{"href":"https:\/\/hospitalariars.com.br\/index.php\/wp-json\/wp\/v2\/product"}],"about":[{"href":"https:\/\/hospitalariars.com.br\/index.php\/wp-json\/wp\/v2\/types\/product"}],"replies":[{"embeddable":true,"href":"https:\/\/hospitalariars.com.br\/index.php\/wp-json\/wp\/v2\/comments?post=8184"}],"wp:featuredmedia":[{"embeddable":true,"href":"https:\/\/hospitalariars.com.br\/index.php\/wp-json\/wp\/v2\/media\/8185"}],"wp:attachment":[{"href":"https:\/\/hospitalariars.com.br\/index.php\/wp-json\/wp\/v2\/media?parent=8184"}],"wp:term":[{"taxonomy":"product_brand","embeddable":true,"href":"https:\/\/hospitalariars.com.br\/index.php\/wp-json\/wp\/v2\/product_brand?post=8184"},{"taxonomy":"product_cat","embeddable":true,"href":"https:\/\/hospitalariars.com.br\/index.php\/wp-json\/wp\/v2\/product_cat?post=8184"},{"taxonomy":"product_tag","embeddable":true,"href":"https:\/\/hospitalariars.com.br\/index.php\/wp-json\/wp\/v2\/product_tag?post=8184"}],"curies":[{"name":"wp","href":"https:\/\/api.w.org\/{rel}","templated":true}]}}