{"id":8188,"date":"2025-07-01T10:57:20","date_gmt":"2025-07-01T13:57:20","guid":{"rendered":"https:\/\/hospitalariars.com.br\/?post_type=product&#038;p=8188"},"modified":"2026-03-27T16:03:36","modified_gmt":"2026-03-27T19:03:36","slug":"cadeira-de-coleta-de-sangue-com-base-encosto-e-acento-estofado-sthill-moveis","status":"publish","type":"product","link":"https:\/\/hospitalariars.com.br\/index.php\/produto\/cadeira-de-coleta-de-sangue-com-base-encosto-e-acento-estofado-sthill-moveis\/","title":{"rendered":"Cadeira de coleta de sangue, com base encosto e acento estofado &#8211; Sthill M\u00f3veis"},"content":{"rendered":"<p class=\"cvGsUA direction-ltr align-start para-style-body\"><span class=\"OYPEnA font-feature-liga-off font-feature-clig-off font-feature-calt-off text-decoration-none text-strikethrough-none\">Estrutura com base fixa, encosto e assento estofado<\/span><\/p>\n<p class=\"cvGsUA direction-ltr align-start para-style-body\"><span class=\"OYPEnA font-feature-liga-off font-feature-clig-off font-feature-calt-off text-decoration-none text-strikethrough-none\">Proporciona conforto ao paciente durante a coleta<\/span><\/p>\n<p class=\"cvGsUA direction-ltr align-start para-style-body\"><span class=\"OYPEnA font-feature-liga-off font-feature-clig-off font-feature-calt-off text-decoration-none text-strikethrough-none\">Indicada para ambientes cl\u00ednicos, laboratoriais e hospitalares<\/span><\/p>\n<p class=\"cvGsUA direction-ltr align-start para-style-body\"><span class=\"OYPEnA font-feature-liga-off font-feature-clig-off font-feature-calt-off text-decoration-none text-strikethrough-none\">Design resistente e ergon\u00f4mico, facilitando o posicionamento do paciente<\/span><\/p>\n<p class=\"cvGsUA direction-ltr align-start para-style-body\"><span class=\"OYPEnA font-feature-liga-off font-feature-clig-off font-feature-calt-off text-decoration-none text-strikethrough-none\">Fabricada pela Sthill M\u00f3veis, refer\u00eancia em mobili\u00e1rio hospitalar<\/span><\/p>\n","protected":false},"excerpt":{"rendered":"Estrutura com base fixa, encosto e assento estofado Proporciona conforto ao paciente durante a coleta Indicada para ambientes&hellip;","protected":false},"featured_media":8189,"comment_status":"open","ping_status":"closed","template":"","meta":{"slim_seo":{"title":"Cadeira de coleta de sangue, com base encosto e acento estofado - Sthill M\u00f3veis - Hospitalaria RS","description":"Estrutura com base fixa, encosto e assento estofado Proporciona conforto ao paciente durante a coleta Indicada para ambientes cl\u00ednicos, laboratoriais e hospital"}},"product_brand":[881],"product_cat":[37],"product_tag":[882,883,885,884,886],"class_list":{"0":"post-8188","1":"product","2":"type-product","3":"status-publish","4":"has-post-thumbnail","6":"product_brand-sthill-moveis","7":"product_cat-moveis-hospitalares","8":"product_tag-cadeira-de-coleta-de-sangue","9":"product_tag-cadeira-hospitalar-estofada","10":"product_tag-cadeira-para-exames-laboratoriais","11":"product_tag-cadeira-sthill-moveis","12":"product_tag-mobiliario-clinico-ergonomico","13":"mbf-entry","15":"first","16":"outofstock","17":"shipping-taxable","18":"product-type-simple"},"_links":{"self":[{"href":"https:\/\/hospitalariars.com.br\/index.php\/wp-json\/wp\/v2\/product\/8188","targetHints":{"allow":["GET"]}}],"collection":[{"href":"https:\/\/hospitalariars.com.br\/index.php\/wp-json\/wp\/v2\/product"}],"about":[{"href":"https:\/\/hospitalariars.com.br\/index.php\/wp-json\/wp\/v2\/types\/product"}],"replies":[{"embeddable":true,"href":"https:\/\/hospitalariars.com.br\/index.php\/wp-json\/wp\/v2\/comments?post=8188"}],"wp:featuredmedia":[{"embeddable":true,"href":"https:\/\/hospitalariars.com.br\/index.php\/wp-json\/wp\/v2\/media\/8189"}],"wp:attachment":[{"href":"https:\/\/hospitalariars.com.br\/index.php\/wp-json\/wp\/v2\/media?parent=8188"}],"wp:term":[{"taxonomy":"product_brand","embeddable":true,"href":"https:\/\/hospitalariars.com.br\/index.php\/wp-json\/wp\/v2\/product_brand?post=8188"},{"taxonomy":"product_cat","embeddable":true,"href":"https:\/\/hospitalariars.com.br\/index.php\/wp-json\/wp\/v2\/product_cat?post=8188"},{"taxonomy":"product_tag","embeddable":true,"href":"https:\/\/hospitalariars.com.br\/index.php\/wp-json\/wp\/v2\/product_tag?post=8188"}],"curies":[{"name":"wp","href":"https:\/\/api.w.org\/{rel}","templated":true}]}}