{"id":8191,"date":"2025-07-01T11:00:18","date_gmt":"2025-07-01T14:00:18","guid":{"rendered":"https:\/\/hospitalariars.com.br\/?post_type=product&#038;p=8191"},"modified":"2026-03-27T16:03:36","modified_gmt":"2026-03-27T19:03:36","slug":"cadeira-para-coleta-de-de-sangue-encosto-e-assento-estofado-construida-em-tubo-de-uma-polegada-redonda-sthill-moveis","status":"publish","type":"product","link":"https:\/\/hospitalariars.com.br\/index.php\/produto\/cadeira-para-coleta-de-de-sangue-encosto-e-assento-estofado-construida-em-tubo-de-uma-polegada-redonda-sthill-moveis\/","title":{"rendered":"Cadeira para coleta de de sangue, encosto e assento estofado, constru\u00edda em tubo de uma polegada redonda &#8211; Sthill M\u00f3veis"},"content":{"rendered":"<p class=\"cvGsUA direction-ltr align-start para-style-body\"><span class=\"OYPEnA font-feature-liga-off font-feature-clig-off font-feature-calt-off text-decoration-none text-strikethrough-none\">Estrutura constru\u00edda em tubo redondo de 1\u201d (uma polegada)<\/span><\/p>\n<p class=\"cvGsUA direction-ltr align-start para-style-body\"><span class=\"OYPEnA font-feature-liga-off font-feature-clig-off font-feature-calt-off text-decoration-none text-strikethrough-none\">Encosto e assento estofados para maior conforto do paciente<\/span><\/p>\n<p class=\"cvGsUA direction-ltr align-start para-style-body\"><span class=\"OYPEnA font-feature-liga-off font-feature-clig-off font-feature-calt-off text-decoration-none text-strikethrough-none\">Design funcional e resistente, ideal para ambientes cl\u00ednicos e laboratoriais<\/span><\/p>\n<p class=\"cvGsUA direction-ltr align-start para-style-body\"><span class=\"OYPEnA font-feature-liga-off font-feature-clig-off font-feature-calt-off text-decoration-none text-strikethrough-none\">Fabricada com materiais de alta durabilidade e f\u00e1cil higieniza\u00e7\u00e3o<\/span><\/p>\n","protected":false},"excerpt":{"rendered":"Estrutura constru\u00edda em tubo redondo de 1\u201d (uma polegada) Encosto e assento estofados para maior conforto do paciente&hellip;","protected":false},"featured_media":8192,"comment_status":"open","ping_status":"closed","template":"","meta":{"slim_seo":{"title":"Cadeira para coleta de de sangue, encosto e assento estofado, constru\u00edda em tubo de uma polegada redonda - Sthill M\u00f3veis - Hospitalaria RS","description":"Estrutura constru\u00edda em tubo redondo de 1\u201d (uma polegada) Encosto e assento estofados para maior conforto do paciente Design funcional e resistente, ideal para"}},"product_brand":[881],"product_cat":[37],"product_tag":[890,888,887,889,891],"class_list":{"0":"post-8191","1":"product","2":"type-product","3":"status-publish","4":"has-post-thumbnail","6":"product_brand-sthill-moveis","7":"product_cat-moveis-hospitalares","8":"product_tag-cadeira-clinica-confortavel","9":"product_tag-cadeira-com-tubo-redondo-1-polegada","10":"product_tag-cadeira-de-coleta-estofada","11":"product_tag-cadeira-resistente-para-laboratorio","12":"product_tag-mobiliario-hospitalar-duravel","13":"mbf-entry","15":"first","16":"outofstock","17":"shipping-taxable","18":"product-type-simple"},"_links":{"self":[{"href":"https:\/\/hospitalariars.com.br\/index.php\/wp-json\/wp\/v2\/product\/8191","targetHints":{"allow":["GET"]}}],"collection":[{"href":"https:\/\/hospitalariars.com.br\/index.php\/wp-json\/wp\/v2\/product"}],"about":[{"href":"https:\/\/hospitalariars.com.br\/index.php\/wp-json\/wp\/v2\/types\/product"}],"replies":[{"embeddable":true,"href":"https:\/\/hospitalariars.com.br\/index.php\/wp-json\/wp\/v2\/comments?post=8191"}],"wp:featuredmedia":[{"embeddable":true,"href":"https:\/\/hospitalariars.com.br\/index.php\/wp-json\/wp\/v2\/media\/8192"}],"wp:attachment":[{"href":"https:\/\/hospitalariars.com.br\/index.php\/wp-json\/wp\/v2\/media?parent=8191"}],"wp:term":[{"taxonomy":"product_brand","embeddable":true,"href":"https:\/\/hospitalariars.com.br\/index.php\/wp-json\/wp\/v2\/product_brand?post=8191"},{"taxonomy":"product_cat","embeddable":true,"href":"https:\/\/hospitalariars.com.br\/index.php\/wp-json\/wp\/v2\/product_cat?post=8191"},{"taxonomy":"product_tag","embeddable":true,"href":"https:\/\/hospitalariars.com.br\/index.php\/wp-json\/wp\/v2\/product_tag?post=8191"}],"curies":[{"name":"wp","href":"https:\/\/api.w.org\/{rel}","templated":true}]}}