{"id":8194,"date":"2025-07-01T11:03:03","date_gmt":"2025-07-01T14:03:03","guid":{"rendered":"https:\/\/hospitalariars.com.br\/?post_type=product&#038;p=8194"},"modified":"2026-03-27T16:03:36","modified_gmt":"2026-03-27T19:03:36","slug":"carro-curativo-inox-com-balde-e-com-bacia-sthill-moveis","status":"publish","type":"product","link":"https:\/\/hospitalariars.com.br\/index.php\/produto\/carro-curativo-inox-com-balde-e-com-bacia-sthill-moveis\/","title":{"rendered":"Carro curativo inox, com balde e com bacia &#8211; Sthill M\u00f3veis"},"content":{"rendered":"<p class=\"cvGsUA direction-ltr align-start para-style-body\"><span class=\"OYPEnA font-feature-liga-off font-feature-clig-off font-feature-calt-off text-decoration-none text-strikethrough-none\">Fabricado em a\u00e7o inoxid\u00e1vel, resistente e de f\u00e1cil higieniza\u00e7\u00e3o<\/span><\/p>\n<p class=\"cvGsUA direction-ltr align-start para-style-body\"><span class=\"OYPEnA font-feature-liga-off font-feature-clig-off font-feature-calt-off text-decoration-none text-strikethrough-none\">Acompanha balde inox e bacia inox<\/span><\/p>\n<p class=\"cvGsUA direction-ltr align-start para-style-body\"><span class=\"OYPEnA font-feature-liga-off font-feature-clig-off font-feature-calt-off text-decoration-none text-strikethrough-none\">Ideal para procedimentos de curativos em ambientes hospitalares<\/span><\/p>\n<p class=\"cvGsUA direction-ltr align-start para-style-body\"><span class=\"OYPEnA font-feature-liga-off font-feature-clig-off font-feature-calt-off text-decoration-none text-strikethrough-none\">Estrutura funcional, pr\u00e1tica e dur\u00e1vel<\/span><\/p>\n<p class=\"cvGsUA direction-ltr align-start para-style-body\"><span class=\"OYPEnA font-feature-liga-off font-feature-clig-off font-feature-calt-off text-decoration-none text-strikethrough-none\">Com rod\u00edzios para f\u00e1cil mobilidade<\/span><\/p>\n","protected":false},"excerpt":{"rendered":"Fabricado em a\u00e7o inoxid\u00e1vel, resistente e de f\u00e1cil higieniza\u00e7\u00e3o Acompanha balde inox e bacia inox Ideal para procedimentos&hellip;","protected":false},"featured_media":8195,"comment_status":"open","ping_status":"closed","template":"","meta":{"slim_seo":{"title":"Carro curativo inox, com balde e com bacia - Sthill M\u00f3veis - Hospitalaria RS","description":"Fabricado em a\u00e7o inoxid\u00e1vel, resistente e de f\u00e1cil higieniza\u00e7\u00e3o Acompanha balde inox e bacia inox Ideal para procedimentos de curativos em ambientes hospitalare"}},"product_brand":[881],"product_cat":[37],"product_tag":[893,892,895,896,894],"class_list":{"0":"post-8194","1":"product","2":"type-product","3":"status-publish","4":"has-post-thumbnail","6":"product_brand-sthill-moveis","7":"product_cat-moveis-hospitalares","8":"product_tag-mesa-com-balde-e-bacia-inox","9":"product_tag-mesa-de-curativo-inox","10":"product_tag-mesa-de-curativo-resistente","11":"product_tag-mesa-facil-de-higienizar","12":"product_tag-mesa-hospitalar-com-rodizios","13":"mbf-entry","15":"first","16":"outofstock","17":"shipping-taxable","18":"product-type-simple"},"_links":{"self":[{"href":"https:\/\/hospitalariars.com.br\/index.php\/wp-json\/wp\/v2\/product\/8194","targetHints":{"allow":["GET"]}}],"collection":[{"href":"https:\/\/hospitalariars.com.br\/index.php\/wp-json\/wp\/v2\/product"}],"about":[{"href":"https:\/\/hospitalariars.com.br\/index.php\/wp-json\/wp\/v2\/types\/product"}],"replies":[{"embeddable":true,"href":"https:\/\/hospitalariars.com.br\/index.php\/wp-json\/wp\/v2\/comments?post=8194"}],"wp:featuredmedia":[{"embeddable":true,"href":"https:\/\/hospitalariars.com.br\/index.php\/wp-json\/wp\/v2\/media\/8195"}],"wp:attachment":[{"href":"https:\/\/hospitalariars.com.br\/index.php\/wp-json\/wp\/v2\/media?parent=8194"}],"wp:term":[{"taxonomy":"product_brand","embeddable":true,"href":"https:\/\/hospitalariars.com.br\/index.php\/wp-json\/wp\/v2\/product_brand?post=8194"},{"taxonomy":"product_cat","embeddable":true,"href":"https:\/\/hospitalariars.com.br\/index.php\/wp-json\/wp\/v2\/product_cat?post=8194"},{"taxonomy":"product_tag","embeddable":true,"href":"https:\/\/hospitalariars.com.br\/index.php\/wp-json\/wp\/v2\/product_tag?post=8194"}],"curies":[{"name":"wp","href":"https:\/\/api.w.org\/{rel}","templated":true}]}}