{"id":8196,"date":"2025-07-01T11:05:16","date_gmt":"2025-07-01T14:05:16","guid":{"rendered":"https:\/\/hospitalariars.com.br\/?post_type=product&#038;p=8196"},"modified":"2026-03-27T16:03:36","modified_gmt":"2026-03-27T19:03:36","slug":"carro-para-transporte-de-bandejas-cirurgicas-com-tampo-2-prateleiras-gradil-e-puxador-sthill-moveis","status":"publish","type":"product","link":"https:\/\/hospitalariars.com.br\/index.php\/produto\/carro-para-transporte-de-bandejas-cirurgicas-com-tampo-2-prateleiras-gradil-e-puxador-sthill-moveis\/","title":{"rendered":"Carro para Transporte de Bandejas Cir\u00fargicas com Tampo, 2 Prateleiras, Gradil e Puxador &#8211; Sthill M\u00f3veis"},"content":{"rendered":"<p class=\"cvGsUA direction-ltr align-start para-style-body\"><span class=\"OYPEnA font-feature-liga-off font-feature-clig-off font-feature-calt-off text-decoration-none text-strikethrough-none\">Equipado com tampo superior e 02 prateleiras<\/span><\/p>\n<p class=\"cvGsUA direction-ltr align-start para-style-body\"><span class=\"OYPEnA font-feature-liga-off font-feature-clig-off font-feature-calt-off text-decoration-none text-strikethrough-none\">Com gradil de prote\u00e7\u00e3o e puxador lateral<\/span><\/p>\n<p class=\"cvGsUA direction-ltr align-start para-style-body\"><span class=\"OYPEnA font-feature-liga-off font-feature-clig-off font-feature-calt-off text-decoration-none text-strikethrough-none\">Dimens\u00f5es: 0,40 m x 0,80 m x 0,90 m<\/span><\/p>\n<p class=\"cvGsUA direction-ltr align-start para-style-body\"><span class=\"OYPEnA font-feature-liga-off font-feature-clig-off font-feature-calt-off text-decoration-none text-strikethrough-none\">Rod\u00edzios de 5\u201d, que proporcionam excelente mobilidade<\/span><\/p>\n<p class=\"cvGsUA direction-ltr align-start para-style-body\"><span class=\"OYPEnA font-feature-liga-off font-feature-clig-off font-feature-calt-off text-decoration-none text-strikethrough-none\">Ideal para uso em centros cir\u00fargicos e \u00e1reas est\u00e9reis<\/span><\/p>\n","protected":false},"excerpt":{"rendered":"Equipado com tampo superior e 02 prateleiras Com gradil de prote\u00e7\u00e3o e puxador lateral Dimens\u00f5es: 0,40 m x&hellip;","protected":false},"featured_media":8197,"comment_status":"open","ping_status":"closed","template":"","meta":{"slim_seo":{"title":"Carro para Transporte de Bandejas Cir\u00fargicas com Tampo, 2 Prateleiras, Gradil e Puxador - Sthill M\u00f3veis - Hospitalaria RS","description":"Equipado com tampo superior e 02 prateleiras Com gradil de prote\u00e7\u00e3o e puxador lateral Dimens\u00f5es: 0,40 m x 0,80 m x 0,90 m Rod\u00edzios de 5\u201d, que proporcionam excel"}},"product_brand":[881],"product_cat":[37],"product_tag":[899,900,897,898,901],"class_list":{"0":"post-8196","1":"product","2":"type-product","3":"status-publish","4":"has-post-thumbnail","6":"product_brand-sthill-moveis","7":"product_cat-moveis-hospitalares","8":"product_tag-carro-cirurgico-com-gradil","9":"product_tag-carro-com-puxador-e-rodizios","10":"product_tag-carro-de-transporte-hospitalar","11":"product_tag-carro-inox-com-prateleiras","12":"product_tag-carro-para-centro-cirurgico","13":"mbf-entry","15":"first","16":"outofstock","17":"shipping-taxable","18":"product-type-simple"},"_links":{"self":[{"href":"https:\/\/hospitalariars.com.br\/index.php\/wp-json\/wp\/v2\/product\/8196","targetHints":{"allow":["GET"]}}],"collection":[{"href":"https:\/\/hospitalariars.com.br\/index.php\/wp-json\/wp\/v2\/product"}],"about":[{"href":"https:\/\/hospitalariars.com.br\/index.php\/wp-json\/wp\/v2\/types\/product"}],"replies":[{"embeddable":true,"href":"https:\/\/hospitalariars.com.br\/index.php\/wp-json\/wp\/v2\/comments?post=8196"}],"wp:featuredmedia":[{"embeddable":true,"href":"https:\/\/hospitalariars.com.br\/index.php\/wp-json\/wp\/v2\/media\/8197"}],"wp:attachment":[{"href":"https:\/\/hospitalariars.com.br\/index.php\/wp-json\/wp\/v2\/media?parent=8196"}],"wp:term":[{"taxonomy":"product_brand","embeddable":true,"href":"https:\/\/hospitalariars.com.br\/index.php\/wp-json\/wp\/v2\/product_brand?post=8196"},{"taxonomy":"product_cat","embeddable":true,"href":"https:\/\/hospitalariars.com.br\/index.php\/wp-json\/wp\/v2\/product_cat?post=8196"},{"taxonomy":"product_tag","embeddable":true,"href":"https:\/\/hospitalariars.com.br\/index.php\/wp-json\/wp\/v2\/product_tag?post=8196"}],"curies":[{"name":"wp","href":"https:\/\/api.w.org\/{rel}","templated":true}]}}