{"id":8198,"date":"2025-07-01T11:08:15","date_gmt":"2025-07-01T14:08:15","guid":{"rendered":"https:\/\/hospitalariars.com.br\/?post_type=product&#038;p=8198"},"modified":"2026-03-27T16:03:36","modified_gmt":"2026-03-27T19:03:36","slug":"mesa-auxiliar-total-inox-com-grade-e-rodizios-sthill-moveis","status":"publish","type":"product","link":"https:\/\/hospitalariars.com.br\/index.php\/produto\/mesa-auxiliar-total-inox-com-grade-e-rodizios-sthill-moveis\/","title":{"rendered":"Mesa Auxiliar Total Inox com Grade e Rod\u00edzios &#8211; Sthill M\u00f3veis"},"content":{"rendered":"<p class=\"cvGsUA direction-ltr align-start para-style-body\"><span class=\"OYPEnA font-feature-liga-off font-feature-clig-off font-feature-calt-off text-decoration-none text-strikethrough-none\">Fabricada inteiramente em a\u00e7o inoxid\u00e1vel, ideal para ambientes hospitalares<\/span><\/p>\n<p class=\"cvGsUA direction-ltr align-start para-style-body\"><span class=\"OYPEnA font-feature-liga-off font-feature-clig-off font-feature-calt-off text-decoration-none text-strikethrough-none\">Possui grade de prote\u00e7\u00e3o nas laterais<\/span><\/p>\n<p class=\"cvGsUA direction-ltr align-start para-style-body\"><span class=\"OYPEnA font-feature-liga-off font-feature-clig-off font-feature-calt-off text-decoration-none text-strikethrough-none\">Equipada com rod\u00edzios que facilitam a mobilidade<\/span><\/p>\n<p class=\"cvGsUA direction-ltr align-start para-style-body\"><span class=\"OYPEnA font-feature-liga-off font-feature-clig-off font-feature-calt-off text-decoration-none text-strikethrough-none\">Superf\u00edcie lisa, resistente e de f\u00e1cil higieniza\u00e7\u00e3o<\/span><\/p>\n<p class=\"cvGsUA direction-ltr align-start para-style-body\"><span class=\"OYPEnA font-feature-liga-off font-feature-clig-off font-feature-calt-off text-decoration-none text-strikethrough-none\">Indicada para apoio de instrumentais e materiais durante procedimentos<\/span><\/p>\n","protected":false},"excerpt":{"rendered":"Fabricada inteiramente em a\u00e7o inoxid\u00e1vel, ideal para ambientes hospitalares Possui grade de prote\u00e7\u00e3o nas laterais Equipada com rod\u00edzios&hellip;","protected":false},"featured_media":8199,"comment_status":"open","ping_status":"closed","template":"","meta":{"slim_seo":{"title":"Mesa Auxiliar Total Inox com Grade e Rod\u00edzios - Sthill M\u00f3veis - Hospitalaria RS","description":"Fabricada inteiramente em a\u00e7o inoxid\u00e1vel, ideal para ambientes hospitalares Possui grade de prote\u00e7\u00e3o nas laterais Equipada com rod\u00edzios que facilitam a mobilida"}},"product_brand":[881],"product_cat":[37],"product_tag":[902,906,903,905,904],"class_list":{"0":"post-8198","1":"product","2":"type-product","3":"status-publish","4":"has-post-thumbnail","6":"product_brand-sthill-moveis","7":"product_cat-moveis-hospitalares","8":"product_tag-mesa-auxiliar-inox-hospitalar","9":"product_tag-mesa-cirurgica-de-apoio","10":"product_tag-mesa-com-grade-de-protecao","11":"product_tag-mesa-hospitalar-para-instrumentais","12":"product_tag-mesa-inox-com-rodizios","13":"mbf-entry","15":"first","16":"outofstock","17":"shipping-taxable","18":"product-type-simple"},"_links":{"self":[{"href":"https:\/\/hospitalariars.com.br\/index.php\/wp-json\/wp\/v2\/product\/8198","targetHints":{"allow":["GET"]}}],"collection":[{"href":"https:\/\/hospitalariars.com.br\/index.php\/wp-json\/wp\/v2\/product"}],"about":[{"href":"https:\/\/hospitalariars.com.br\/index.php\/wp-json\/wp\/v2\/types\/product"}],"replies":[{"embeddable":true,"href":"https:\/\/hospitalariars.com.br\/index.php\/wp-json\/wp\/v2\/comments?post=8198"}],"wp:featuredmedia":[{"embeddable":true,"href":"https:\/\/hospitalariars.com.br\/index.php\/wp-json\/wp\/v2\/media\/8199"}],"wp:attachment":[{"href":"https:\/\/hospitalariars.com.br\/index.php\/wp-json\/wp\/v2\/media?parent=8198"}],"wp:term":[{"taxonomy":"product_brand","embeddable":true,"href":"https:\/\/hospitalariars.com.br\/index.php\/wp-json\/wp\/v2\/product_brand?post=8198"},{"taxonomy":"product_cat","embeddable":true,"href":"https:\/\/hospitalariars.com.br\/index.php\/wp-json\/wp\/v2\/product_cat?post=8198"},{"taxonomy":"product_tag","embeddable":true,"href":"https:\/\/hospitalariars.com.br\/index.php\/wp-json\/wp\/v2\/product_tag?post=8198"}],"curies":[{"name":"wp","href":"https:\/\/api.w.org\/{rel}","templated":true}]}}