{"id":8200,"date":"2025-07-01T11:17:43","date_gmt":"2025-07-01T14:17:43","guid":{"rendered":"https:\/\/hospitalariars.com.br\/?post_type=product&#038;p=8200"},"modified":"2026-03-27T16:03:36","modified_gmt":"2026-03-27T19:03:36","slug":"mesa-instrumental-com-suporte-para-instrumentos-e-ganchos-continuos-sthill-moveis","status":"publish","type":"product","link":"https:\/\/hospitalariars.com.br\/index.php\/produto\/mesa-instrumental-com-suporte-para-instrumentos-e-ganchos-continuos-sthill-moveis\/","title":{"rendered":"Mesa Instrumental com Suporte para Instrumentos e Ganchos Cont\u00ednuos &#8211; Sthill M\u00f3veis"},"content":{"rendered":"<p class=\"cvGsUA direction-ltr align-start para-style-body\"><span class=\"OYPEnA font-feature-liga-off font-feature-clig-off font-feature-calt-off text-decoration-none text-strikethrough-none\">Medidas: 0,45 m x 0,85 m x 0,80 a 1,10 m (regul\u00e1vel)<\/span><\/p>\n<p class=\"cvGsUA direction-ltr align-start para-style-body\"><span class=\"OYPEnA font-feature-liga-off font-feature-clig-off font-feature-calt-off text-decoration-none text-strikethrough-none\">Com suporte para instrumentos e ganchos cont\u00ednuos<\/span><\/p>\n<p class=\"cvGsUA direction-ltr align-start para-style-body\"><span class=\"OYPEnA font-feature-liga-off font-feature-clig-off font-feature-calt-off text-decoration-none text-strikethrough-none\">Base refor\u00e7ada para maior estabilidade<\/span><\/p>\n<p class=\"cvGsUA direction-ltr align-start para-style-body\"><span class=\"OYPEnA font-feature-liga-off font-feature-clig-off font-feature-calt-off text-decoration-none text-strikethrough-none\">Equipada com rod\u00edzios de 2\u201d, que garantem mobilidade e praticidade<\/span><\/p>\n<p class=\"cvGsUA direction-ltr align-start para-style-body\"><span class=\"OYPEnA font-feature-liga-off font-feature-clig-off font-feature-calt-off text-decoration-none text-strikethrough-none\">Ideal para uso em centros cir\u00fargicos, cl\u00ednicas e ambulat\u00f3rios<\/span><\/p>\n","protected":false},"excerpt":{"rendered":"Medidas: 0,45 m x 0,85 m x 0,80 a 1,10 m (regul\u00e1vel) Com suporte para instrumentos e ganchos&hellip;","protected":false},"featured_media":8201,"comment_status":"open","ping_status":"closed","template":"","meta":{"slim_seo":{"title":"Mesa Instrumental com Suporte para Instrumentos e Ganchos Cont\u00ednuos - Sthill M\u00f3veis - Hospitalaria RS","description":"Medidas: 0,45 m x 0,85 m x 0,80 a 1,10 m (regul\u00e1vel) Com suporte para instrumentos e ganchos cont\u00ednuos Base refor\u00e7ada para maior estabilidade Equipada com rod\u00edz"}},"product_brand":[881],"product_cat":[37],"product_tag":[908,909,907,911,910],"class_list":{"0":"post-8200","1":"product","2":"type-product","3":"status-publish","4":"has-post-thumbnail","6":"product_brand-sthill-moveis","7":"product_cat-moveis-hospitalares","8":"product_tag-mesa-cirurgica-com-suporte","9":"product_tag-mesa-com-rodizios-hospitalar","10":"product_tag-mesa-de-mayo-inox-regulavel","11":"product_tag-mesa-mayo-com-ganchos","12":"product_tag-mesa-para-centro-cirurgico","13":"mbf-entry","15":"first","16":"outofstock","17":"shipping-taxable","18":"product-type-simple"},"_links":{"self":[{"href":"https:\/\/hospitalariars.com.br\/index.php\/wp-json\/wp\/v2\/product\/8200","targetHints":{"allow":["GET"]}}],"collection":[{"href":"https:\/\/hospitalariars.com.br\/index.php\/wp-json\/wp\/v2\/product"}],"about":[{"href":"https:\/\/hospitalariars.com.br\/index.php\/wp-json\/wp\/v2\/types\/product"}],"replies":[{"embeddable":true,"href":"https:\/\/hospitalariars.com.br\/index.php\/wp-json\/wp\/v2\/comments?post=8200"}],"wp:featuredmedia":[{"embeddable":true,"href":"https:\/\/hospitalariars.com.br\/index.php\/wp-json\/wp\/v2\/media\/8201"}],"wp:attachment":[{"href":"https:\/\/hospitalariars.com.br\/index.php\/wp-json\/wp\/v2\/media?parent=8200"}],"wp:term":[{"taxonomy":"product_brand","embeddable":true,"href":"https:\/\/hospitalariars.com.br\/index.php\/wp-json\/wp\/v2\/product_brand?post=8200"},{"taxonomy":"product_cat","embeddable":true,"href":"https:\/\/hospitalariars.com.br\/index.php\/wp-json\/wp\/v2\/product_cat?post=8200"},{"taxonomy":"product_tag","embeddable":true,"href":"https:\/\/hospitalariars.com.br\/index.php\/wp-json\/wp\/v2\/product_tag?post=8200"}],"curies":[{"name":"wp","href":"https:\/\/api.w.org\/{rel}","templated":true}]}}