{"id":8202,"date":"2025-07-01T11:22:50","date_gmt":"2025-07-01T14:22:50","guid":{"rendered":"https:\/\/hospitalariars.com.br\/?post_type=product&#038;p=8202"},"modified":"2026-03-27T16:03:36","modified_gmt":"2026-03-27T19:03:36","slug":"mesa-ginecologica-com-leito-em-chapa-encosto-reclinavel-e-armario-integrado-sthill-moveis","status":"publish","type":"product","link":"https:\/\/hospitalariars.com.br\/index.php\/produto\/mesa-ginecologica-com-leito-em-chapa-encosto-reclinavel-e-armario-integrado-sthill-moveis\/","title":{"rendered":"Mesa Ginecol\u00f3gica com Leito em Chapa, Encosto Reclin\u00e1vel e Arm\u00e1rio Integrado &#8211; Sthill M\u00f3veis"},"content":{"rendered":"<p class=\"cvGsUA direction-ltr align-start para-style-body\"><span class=\"OYPEnA font-feature-liga-off font-feature-clig-off font-feature-calt-off text-decoration-none text-strikethrough-none\">Leito em chapa met\u00e1lica resistente<\/span><\/p>\n<p class=\"cvGsUA direction-ltr align-start para-style-body\"><span class=\"OYPEnA font-feature-liga-off font-feature-clig-off font-feature-calt-off text-decoration-none text-strikethrough-none\">Encosto reclin\u00e1vel e apoio para pernas estofado e ajust\u00e1vel<\/span><\/p>\n<p class=\"cvGsUA direction-ltr align-start para-style-body\"><span class=\"OYPEnA font-feature-liga-off font-feature-clig-off font-feature-calt-off text-decoration-none text-strikethrough-none\">Haste cromada para suporte<\/span><\/p>\n<p class=\"cvGsUA direction-ltr align-start para-style-body\"><span class=\"OYPEnA font-feature-liga-off font-feature-clig-off font-feature-calt-off text-decoration-none text-strikethrough-none\">P\u00e9s com ponteiras para maior estabilidade e prote\u00e7\u00e3o do piso<\/span><\/p>\n<p class=\"cvGsUA direction-ltr align-start para-style-body\"><span class=\"OYPEnA font-feature-liga-off font-feature-clig-off font-feature-calt-off text-decoration-none text-strikethrough-none\">Acompanha arm\u00e1rio inferior com 01 porta e 01 gaveta, ideal para armazenamento de materiais<\/span><\/p>\n<p class=\"cvGsUA direction-ltr align-start para-style-body\"><span class=\"OYPEnA font-feature-liga-off font-feature-clig-off font-feature-calt-off text-decoration-none text-strikethrough-none\">Estrutura funcional e dur\u00e1vel, pr\u00f3pria para consult\u00f3rios ginecol\u00f3gicos<\/span><\/p>\n","protected":false},"excerpt":{"rendered":"Leito em chapa met\u00e1lica resistente Encosto reclin\u00e1vel e apoio para pernas estofado e ajust\u00e1vel Haste cromada para suporte&hellip;","protected":false},"featured_media":8203,"comment_status":"open","ping_status":"closed","template":"","meta":{"slim_seo":{"title":"Mesa Ginecol\u00f3gica com Leito em Chapa, Encosto Reclin\u00e1vel e Arm\u00e1rio Integrado - Sthill M\u00f3veis - Hospitalaria RS","description":"Leito em chapa met\u00e1lica resistente Encosto reclin\u00e1vel e apoio para pernas estofado e ajust\u00e1vel Haste cromada para suporte P\u00e9s com ponteiras para maior estabilid"}},"product_brand":[881],"product_cat":[37],"product_tag":[914,915,916,913,912],"class_list":{"0":"post-8202","1":"product","2":"type-product","3":"status-publish","4":"has-post-thumbnail","6":"product_brand-sthill-moveis","7":"product_cat-moveis-hospitalares","8":"product_tag-apoio-de-pernas-estofado","9":"product_tag-armario-com-porta-e-gaveta","10":"product_tag-estrutura-metalica-consultorio","11":"product_tag-leito-com-encosto-reclinavel","12":"product_tag-mesa-ginecologica","13":"mbf-entry","15":"first","16":"outofstock","17":"shipping-taxable","18":"product-type-simple"},"_links":{"self":[{"href":"https:\/\/hospitalariars.com.br\/index.php\/wp-json\/wp\/v2\/product\/8202","targetHints":{"allow":["GET"]}}],"collection":[{"href":"https:\/\/hospitalariars.com.br\/index.php\/wp-json\/wp\/v2\/product"}],"about":[{"href":"https:\/\/hospitalariars.com.br\/index.php\/wp-json\/wp\/v2\/types\/product"}],"replies":[{"embeddable":true,"href":"https:\/\/hospitalariars.com.br\/index.php\/wp-json\/wp\/v2\/comments?post=8202"}],"wp:featuredmedia":[{"embeddable":true,"href":"https:\/\/hospitalariars.com.br\/index.php\/wp-json\/wp\/v2\/media\/8203"}],"wp:attachment":[{"href":"https:\/\/hospitalariars.com.br\/index.php\/wp-json\/wp\/v2\/media?parent=8202"}],"wp:term":[{"taxonomy":"product_brand","embeddable":true,"href":"https:\/\/hospitalariars.com.br\/index.php\/wp-json\/wp\/v2\/product_brand?post=8202"},{"taxonomy":"product_cat","embeddable":true,"href":"https:\/\/hospitalariars.com.br\/index.php\/wp-json\/wp\/v2\/product_cat?post=8202"},{"taxonomy":"product_tag","embeddable":true,"href":"https:\/\/hospitalariars.com.br\/index.php\/wp-json\/wp\/v2\/product_tag?post=8202"}],"curies":[{"name":"wp","href":"https:\/\/api.w.org\/{rel}","templated":true}]}}