{"id":8204,"date":"2025-07-01T11:24:59","date_gmt":"2025-07-01T14:24:59","guid":{"rendered":"https:\/\/hospitalariars.com.br\/?post_type=product&#038;p=8204"},"modified":"2026-03-27T16:03:36","modified_gmt":"2026-03-27T19:03:36","slug":"mesa-balcao-ginecologica-com-2-portas-e-3-gavetas-revestida-em-formica-sthill-moveis","status":"publish","type":"product","link":"https:\/\/hospitalariars.com.br\/index.php\/produto\/mesa-balcao-ginecologica-com-2-portas-e-3-gavetas-revestida-em-formica-sthill-moveis\/","title":{"rendered":"Mesa (Balc\u00e3o) Ginecol\u00f3gica com 2 Portas e 3 Gavetas \u2013 Revestida em F\u00f3rmica &#8211; Sthill M\u00f3veis"},"content":{"rendered":"<p class=\"cvGsUA direction-ltr align-start para-style-body\"><span class=\"OYPEnA font-feature-liga-off font-feature-clig-off font-feature-calt-off text-decoration-none text-strikethrough-none\">Medidas: 1,20 m x 0,55 m x 0,80 m<\/span><\/p>\n<p class=\"cvGsUA direction-ltr align-start para-style-body\"><span class=\"OYPEnA font-feature-liga-off font-feature-clig-off font-feature-calt-off text-decoration-none text-strikethrough-none\">Estrutura com 02 portas e 03 gavetas, oferecendo amplo espa\u00e7o para armazenamento<\/span><\/p>\n<p class=\"cvGsUA direction-ltr align-start para-style-body\"><span class=\"OYPEnA font-feature-liga-off font-feature-clig-off font-feature-calt-off text-decoration-none text-strikethrough-none\">Revestida em f\u00f3rmica, garantindo durabilidade, resist\u00eancia e f\u00e1cil higieniza\u00e7\u00e3o<\/span><\/p>\n<p class=\"cvGsUA direction-ltr align-start para-style-body\"><span class=\"OYPEnA font-feature-liga-off font-feature-clig-off font-feature-calt-off text-decoration-none text-strikethrough-none\">Ideal para consult\u00f3rios ginecol\u00f3gicos e ambientes cl\u00ednicos<\/span><\/p>\n<p class=\"cvGsUA direction-ltr align-start para-style-body\"><span class=\"OYPEnA font-feature-liga-off font-feature-clig-off font-feature-calt-off text-decoration-none text-strikethrough-none\">Design funcional e acabamento profissional<\/span><\/p>\n","protected":false},"excerpt":{"rendered":"Medidas: 1,20 m x 0,55 m x 0,80 m Estrutura com 02 portas e 03 gavetas, oferecendo amplo&hellip;","protected":false},"featured_media":8205,"comment_status":"open","ping_status":"closed","template":"","meta":{"slim_seo":{"title":"Mesa (Balc\u00e3o) Ginecol\u00f3gica com 2 Portas e 3 Gavetas \u2013 Revestida em F\u00f3rmica - Sthill M\u00f3veis - Hospitalaria RS","description":"Medidas: 1,20 m x 0,55 m x 0,80 m Estrutura com 02 portas e 03 gavetas, oferecendo amplo espa\u00e7o para armazenamento Revestida em f\u00f3rmica, garantindo durabilidade"}},"product_brand":[881],"product_cat":[37],"product_tag":[917,918,920,921,919],"class_list":{"0":"post-8204","1":"product","2":"type-product","3":"status-publish","4":"has-post-thumbnail","6":"product_brand-sthill-moveis","7":"product_cat-moveis-hospitalares","8":"product_tag-armario-consultorio-ginecologico","9":"product_tag-armario-formica-clinica","10":"product_tag-armario-para-armazenamento-clinico","11":"product_tag-mobiliario-hospitalar-resistente","12":"product_tag-movel-com-portas-e-gavetas","13":"mbf-entry","15":"first","16":"outofstock","17":"shipping-taxable","18":"product-type-simple"},"_links":{"self":[{"href":"https:\/\/hospitalariars.com.br\/index.php\/wp-json\/wp\/v2\/product\/8204","targetHints":{"allow":["GET"]}}],"collection":[{"href":"https:\/\/hospitalariars.com.br\/index.php\/wp-json\/wp\/v2\/product"}],"about":[{"href":"https:\/\/hospitalariars.com.br\/index.php\/wp-json\/wp\/v2\/types\/product"}],"replies":[{"embeddable":true,"href":"https:\/\/hospitalariars.com.br\/index.php\/wp-json\/wp\/v2\/comments?post=8204"}],"wp:featuredmedia":[{"embeddable":true,"href":"https:\/\/hospitalariars.com.br\/index.php\/wp-json\/wp\/v2\/media\/8205"}],"wp:attachment":[{"href":"https:\/\/hospitalariars.com.br\/index.php\/wp-json\/wp\/v2\/media?parent=8204"}],"wp:term":[{"taxonomy":"product_brand","embeddable":true,"href":"https:\/\/hospitalariars.com.br\/index.php\/wp-json\/wp\/v2\/product_brand?post=8204"},{"taxonomy":"product_cat","embeddable":true,"href":"https:\/\/hospitalariars.com.br\/index.php\/wp-json\/wp\/v2\/product_cat?post=8204"},{"taxonomy":"product_tag","embeddable":true,"href":"https:\/\/hospitalariars.com.br\/index.php\/wp-json\/wp\/v2\/product_tag?post=8204"}],"curies":[{"name":"wp","href":"https:\/\/api.w.org\/{rel}","templated":true}]}}