{"id":8206,"date":"2025-07-01T11:27:28","date_gmt":"2025-07-01T14:27:28","guid":{"rendered":"https:\/\/hospitalariars.com.br\/?post_type=product&#038;p=8206"},"modified":"2026-03-27T16:03:36","modified_gmt":"2026-03-27T19:03:36","slug":"carro-maca-luxo-com-encosto-reclinavel-grades-cromadas-e-suportes-sthill-moveis","status":"publish","type":"product","link":"https:\/\/hospitalariars.com.br\/index.php\/produto\/carro-maca-luxo-com-encosto-reclinavel-grades-cromadas-e-suportes-sthill-moveis\/","title":{"rendered":"Carro Maca Luxo com Encosto Reclin\u00e1vel, Grades Cromadas e Suportes &#8211; Sthill M\u00f3veis"},"content":{"rendered":"<p class=\"cvGsUA direction-ltr align-start para-style-body\"><span class=\"OYPEnA font-feature-liga-off font-feature-clig-off font-feature-calt-off text-decoration-none text-strikethrough-none\">Dimens\u00f5es: 1,90 m x 0,60 m x 0,80 m<\/span><\/p>\n<p class=\"cvGsUA direction-ltr align-start para-style-body\"><span class=\"OYPEnA font-feature-liga-off font-feature-clig-off font-feature-calt-off text-decoration-none text-strikethrough-none\">Com grades laterais cromadas, oferecendo seguran\u00e7a ao paciente<\/span><\/p>\n<p class=\"cvGsUA direction-ltr align-start para-style-body\"><span class=\"OYPEnA font-feature-liga-off font-feature-clig-off font-feature-calt-off text-decoration-none text-strikethrough-none\">Encosto reclin\u00e1vel, proporcionando conforto e melhor posicionamento<\/span><\/p>\n<p class=\"cvGsUA direction-ltr align-start para-style-body\"><span class=\"OYPEnA font-feature-liga-off font-feature-clig-off font-feature-calt-off text-decoration-none text-strikethrough-none\">Acompanha suporte para soro e suporte para cilindro de oxig\u00eanio<\/span><\/p>\n<p class=\"cvGsUA direction-ltr align-start para-style-body\"><span class=\"OYPEnA font-feature-liga-off font-feature-clig-off font-feature-calt-off text-decoration-none text-strikethrough-none\">Equipado com rod\u00edzios de 3\u201d, sendo 02 com travas para maior estabilidade<\/span><\/p>\n<p class=\"cvGsUA direction-ltr align-start para-style-body\"><span class=\"OYPEnA font-feature-liga-off font-feature-clig-off font-feature-calt-off text-decoration-none text-strikethrough-none\">Ideal para transporte intra-hospitalar com conforto e seguran\u00e7a<\/span><\/p>\n","protected":false},"excerpt":{"rendered":"Dimens\u00f5es: 1,90 m x 0,60 m x 0,80 m Com grades laterais cromadas, oferecendo seguran\u00e7a ao paciente Encosto&hellip;","protected":false},"featured_media":8207,"comment_status":"open","ping_status":"closed","template":"","meta":{"slim_seo":{"title":"Carro Maca Luxo com Encosto Reclin\u00e1vel, Grades Cromadas e Suportes - Sthill M\u00f3veis - Hospitalaria RS","description":"Dimens\u00f5es: 1,90 m x 0,60 m x 0,80 m Com grades laterais cromadas, oferecendo seguran\u00e7a ao paciente Encosto reclin\u00e1vel, proporcionando conforto e melhor posicion"}},"product_brand":[881],"product_cat":[37],"product_tag":[924,923,922,926,925],"class_list":{"0":"post-8206","1":"product","2":"type-product","3":"status-publish","4":"has-post-thumbnail","6":"product_brand-sthill-moveis","7":"product_cat-moveis-hospitalares","8":"product_tag-maca-com-rodizios-e-travas","9":"product_tag-maca-com-suporte-para-oxigenio","10":"product_tag-maca-hospitalar-com-grades","11":"product_tag-maca-hospitalar-com-suporte-de-soro","12":"product_tag-maca-reclinavel-para-transporte","13":"mbf-entry","15":"first","16":"outofstock","17":"shipping-taxable","18":"product-type-simple"},"_links":{"self":[{"href":"https:\/\/hospitalariars.com.br\/index.php\/wp-json\/wp\/v2\/product\/8206","targetHints":{"allow":["GET"]}}],"collection":[{"href":"https:\/\/hospitalariars.com.br\/index.php\/wp-json\/wp\/v2\/product"}],"about":[{"href":"https:\/\/hospitalariars.com.br\/index.php\/wp-json\/wp\/v2\/types\/product"}],"replies":[{"embeddable":true,"href":"https:\/\/hospitalariars.com.br\/index.php\/wp-json\/wp\/v2\/comments?post=8206"}],"wp:featuredmedia":[{"embeddable":true,"href":"https:\/\/hospitalariars.com.br\/index.php\/wp-json\/wp\/v2\/media\/8207"}],"wp:attachment":[{"href":"https:\/\/hospitalariars.com.br\/index.php\/wp-json\/wp\/v2\/media?parent=8206"}],"wp:term":[{"taxonomy":"product_brand","embeddable":true,"href":"https:\/\/hospitalariars.com.br\/index.php\/wp-json\/wp\/v2\/product_brand?post=8206"},{"taxonomy":"product_cat","embeddable":true,"href":"https:\/\/hospitalariars.com.br\/index.php\/wp-json\/wp\/v2\/product_cat?post=8206"},{"taxonomy":"product_tag","embeddable":true,"href":"https:\/\/hospitalariars.com.br\/index.php\/wp-json\/wp\/v2\/product_tag?post=8206"}],"curies":[{"name":"wp","href":"https:\/\/api.w.org\/{rel}","templated":true}]}}