{"id":8208,"date":"2025-07-01T11:30:13","date_gmt":"2025-07-01T14:30:13","guid":{"rendered":"https:\/\/hospitalariars.com.br\/?post_type=product&#038;p=8208"},"modified":"2026-03-27T16:03:36","modified_gmt":"2026-03-27T19:03:36","slug":"cama-fawler-luxo-com-grade-suporte-de-soro-e-cabeceira-em-pvc-sthill-moveis","status":"publish","type":"product","link":"https:\/\/hospitalariars.com.br\/index.php\/produto\/cama-fawler-luxo-com-grade-suporte-de-soro-e-cabeceira-em-pvc-sthill-moveis\/","title":{"rendered":"Cama Fawler Luxo com Grade, Suporte de Soro e Cabeceira em PVC- Sthill M\u00f3veis"},"content":{"rendered":"<p class=\"cvGsUA direction-ltr align-start para-style-body\"><span class=\"OYPEnA font-feature-liga-off font-feature-clig-off font-feature-calt-off text-decoration-none text-strikethrough-none\">Modelo Fawler, com ajuste por 02 manivelas manuais<\/span><\/p>\n<p class=\"cvGsUA direction-ltr align-start para-style-body\"><span class=\"OYPEnA font-feature-liga-off font-feature-clig-off font-feature-calt-off text-decoration-none text-strikethrough-none\">Acompanha grades laterais de prote\u00e7\u00e3o<\/span><\/p>\n<p class=\"cvGsUA direction-ltr align-start para-style-body\"><span class=\"OYPEnA font-feature-liga-off font-feature-clig-off font-feature-calt-off text-decoration-none text-strikethrough-none\">Cabeceira em PVC, resistente e de f\u00e1cil higieniza\u00e7\u00e3o<\/span><\/p>\n<p class=\"cvGsUA direction-ltr align-start para-style-body\"><span class=\"OYPEnA font-feature-liga-off font-feature-clig-off font-feature-calt-off text-decoration-none text-strikethrough-none\">Com suporte para soro<\/span><\/p>\n<p class=\"cvGsUA direction-ltr align-start para-style-body\"><span class=\"OYPEnA font-feature-liga-off font-feature-clig-off font-feature-calt-off text-decoration-none text-strikethrough-none\">Equipada com rod\u00edzios de 3\u201d, sendo com travas para maior seguran\u00e7a<\/span><\/p>\n<p class=\"cvGsUA direction-ltr align-start para-style-body\"><span class=\"OYPEnA font-feature-liga-off font-feature-clig-off font-feature-calt-off text-decoration-none text-strikethrough-none\">Ideal para uso hospitalar, oferecendo conforto e funcionalidade<\/span><\/p>\n","protected":false},"excerpt":{"rendered":"Modelo Fawler, com ajuste por 02 manivelas manuais Acompanha grades laterais de prote\u00e7\u00e3o Cabeceira em PVC, resistente e&hellip;","protected":false},"featured_media":8209,"comment_status":"open","ping_status":"closed","template":"","meta":{"slim_seo":{"title":"Cama Fawler Luxo com Grade, Suporte de Soro e Cabeceira em PVC- Sthill M\u00f3veis - Hospitalaria RS","description":"Modelo Fawler, com ajuste por 02 manivelas manuais Acompanha grades laterais de prote\u00e7\u00e3o Cabeceira em PVC, resistente e de f\u00e1cil higieniza\u00e7\u00e3o Com suporte para s"}},"product_brand":[881],"product_cat":[37],"product_tag":[927,929,928,931,930],"class_list":{"0":"post-8208","1":"product","2":"type-product","3":"status-publish","4":"has-post-thumbnail","6":"product_brand-sthill-moveis","7":"product_cat-moveis-hospitalares","8":"product_tag-ajuste-manual","9":"product_tag-cabeceira-pvc","10":"product_tag-grades-laterais","11":"product_tag-modelo-fawler","12":"product_tag-rodizios-com-trava","13":"mbf-entry","15":"first","16":"outofstock","17":"shipping-taxable","18":"product-type-simple"},"_links":{"self":[{"href":"https:\/\/hospitalariars.com.br\/index.php\/wp-json\/wp\/v2\/product\/8208","targetHints":{"allow":["GET"]}}],"collection":[{"href":"https:\/\/hospitalariars.com.br\/index.php\/wp-json\/wp\/v2\/product"}],"about":[{"href":"https:\/\/hospitalariars.com.br\/index.php\/wp-json\/wp\/v2\/types\/product"}],"replies":[{"embeddable":true,"href":"https:\/\/hospitalariars.com.br\/index.php\/wp-json\/wp\/v2\/comments?post=8208"}],"wp:featuredmedia":[{"embeddable":true,"href":"https:\/\/hospitalariars.com.br\/index.php\/wp-json\/wp\/v2\/media\/8209"}],"wp:attachment":[{"href":"https:\/\/hospitalariars.com.br\/index.php\/wp-json\/wp\/v2\/media?parent=8208"}],"wp:term":[{"taxonomy":"product_brand","embeddable":true,"href":"https:\/\/hospitalariars.com.br\/index.php\/wp-json\/wp\/v2\/product_brand?post=8208"},{"taxonomy":"product_cat","embeddable":true,"href":"https:\/\/hospitalariars.com.br\/index.php\/wp-json\/wp\/v2\/product_cat?post=8208"},{"taxonomy":"product_tag","embeddable":true,"href":"https:\/\/hospitalariars.com.br\/index.php\/wp-json\/wp\/v2\/product_tag?post=8208"}],"curies":[{"name":"wp","href":"https:\/\/api.w.org\/{rel}","templated":true}]}}