{"id":8214,"date":"2025-07-01T11:38:48","date_gmt":"2025-07-01T14:38:48","guid":{"rendered":"https:\/\/hospitalariars.com.br\/?post_type=product&#038;p=8214"},"modified":"2026-03-27T16:03:36","modified_gmt":"2026-03-27T19:03:36","slug":"suporte-para-soro-de-parede-com-2-ganchos-total-inox-sthill-moveis","status":"publish","type":"product","link":"https:\/\/hospitalariars.com.br\/index.php\/produto\/suporte-para-soro-de-parede-com-2-ganchos-total-inox-sthill-moveis\/","title":{"rendered":"Suporte para Soro de Parede com 2 Ganchos \u2013 Total Inox &#8211; Sthill M\u00f3veis"},"content":{"rendered":"<p class=\"cvGsUA direction-ltr align-start para-style-body\"><span class=\"OYPEnA font-feature-liga-off font-feature-clig-off font-feature-calt-off text-decoration-none text-strikethrough-none\">Fabricado em a\u00e7o inoxid\u00e1vel, garantindo durabilidade e f\u00e1cil higieniza\u00e7\u00e3o<\/span><\/p>\n<p class=\"cvGsUA direction-ltr align-start para-style-body\"><span class=\"OYPEnA font-feature-liga-off font-feature-clig-off font-feature-calt-off text-decoration-none text-strikethrough-none\">Fixa\u00e7\u00e3o em parede, ideal para otimizar espa\u00e7o em ambientes cl\u00ednicos e hospitalares<\/span><\/p>\n<p class=\"cvGsUA direction-ltr align-start para-style-body\"><span class=\"OYPEnA font-feature-liga-off font-feature-clig-off font-feature-calt-off text-decoration-none text-strikethrough-none\">Possui 02 ganchos para sustenta\u00e7\u00e3o de frascos de soro<\/span><\/p>\n<p class=\"cvGsUA direction-ltr align-start para-style-body\"><span class=\"OYPEnA font-feature-liga-off font-feature-clig-off font-feature-calt-off text-decoration-none text-strikethrough-none\">Estrutura resistente, segura e de uso pr\u00e1tico<\/span><\/p>\n","protected":false},"excerpt":{"rendered":"Fabricado em a\u00e7o inoxid\u00e1vel, garantindo durabilidade e f\u00e1cil higieniza\u00e7\u00e3o Fixa\u00e7\u00e3o em parede, ideal para otimizar espa\u00e7o em ambientes&hellip;","protected":false},"featured_media":8215,"comment_status":"open","ping_status":"closed","template":"","meta":{"slim_seo":{"title":"Suporte para Soro de Parede com 2 Ganchos \u2013 Total Inox - Sthill M\u00f3veis - Hospitalaria RS","description":"Fabricado em a\u00e7o inoxid\u00e1vel, garantindo durabilidade e f\u00e1cil higieniza\u00e7\u00e3o Fixa\u00e7\u00e3o em parede, ideal para otimizar espa\u00e7o em ambientes cl\u00ednicos e hospitalares Pos"}},"product_brand":[881],"product_cat":[37],"product_tag":[940,937,941,938,939],"class_list":{"0":"post-8214","1":"product","2":"type-product","3":"status-publish","4":"has-post-thumbnail","6":"product_brand-sthill-moveis","7":"product_cat-moveis-hospitalares","8":"product_tag-2-ganchos-para-soro","9":"product_tag-aco-inoxidavel","10":"product_tag-estrutura-resistente","11":"product_tag-fixacao-em-parede","12":"product_tag-otimiza-espaco","13":"mbf-entry","15":"first","16":"outofstock","17":"shipping-taxable","18":"product-type-simple"},"_links":{"self":[{"href":"https:\/\/hospitalariars.com.br\/index.php\/wp-json\/wp\/v2\/product\/8214","targetHints":{"allow":["GET"]}}],"collection":[{"href":"https:\/\/hospitalariars.com.br\/index.php\/wp-json\/wp\/v2\/product"}],"about":[{"href":"https:\/\/hospitalariars.com.br\/index.php\/wp-json\/wp\/v2\/types\/product"}],"replies":[{"embeddable":true,"href":"https:\/\/hospitalariars.com.br\/index.php\/wp-json\/wp\/v2\/comments?post=8214"}],"wp:featuredmedia":[{"embeddable":true,"href":"https:\/\/hospitalariars.com.br\/index.php\/wp-json\/wp\/v2\/media\/8215"}],"wp:attachment":[{"href":"https:\/\/hospitalariars.com.br\/index.php\/wp-json\/wp\/v2\/media?parent=8214"}],"wp:term":[{"taxonomy":"product_brand","embeddable":true,"href":"https:\/\/hospitalariars.com.br\/index.php\/wp-json\/wp\/v2\/product_brand?post=8214"},{"taxonomy":"product_cat","embeddable":true,"href":"https:\/\/hospitalariars.com.br\/index.php\/wp-json\/wp\/v2\/product_cat?post=8214"},{"taxonomy":"product_tag","embeddable":true,"href":"https:\/\/hospitalariars.com.br\/index.php\/wp-json\/wp\/v2\/product_tag?post=8214"}],"curies":[{"name":"wp","href":"https:\/\/api.w.org\/{rel}","templated":true}]}}