{"id":8222,"date":"2025-07-01T11:46:21","date_gmt":"2025-07-01T14:46:21","guid":{"rendered":"https:\/\/hospitalariars.com.br\/?post_type=product&#038;p=8222"},"modified":"2026-03-27T16:03:35","modified_gmt":"2026-03-27T19:03:35","slug":"biombo-2-corpos-com-pano-total-inox-sthill-moveis","status":"publish","type":"product","link":"https:\/\/hospitalariars.com.br\/index.php\/produto\/biombo-2-corpos-com-pano-total-inox-sthill-moveis\/","title":{"rendered":"Biombo 2 Corpos com Pano \u2013 Total Inox &#8211; Sthill M\u00f3veis"},"content":{"rendered":"<p class=\"cvGsUA direction-ltr align-start para-style-body\"><span class=\"OYPEnA font-feature-liga-off font-feature-clig-off font-feature-calt-off text-decoration-none text-strikethrough-none\">Estrutura em a\u00e7o inoxid\u00e1vel, resistente e de f\u00e1cil higieniza\u00e7\u00e3o<\/span><\/p>\n<p class=\"cvGsUA direction-ltr align-start para-style-body\"><span class=\"OYPEnA font-feature-liga-off font-feature-clig-off font-feature-calt-off text-decoration-none text-strikethrough-none\">Composto por 02 corpos articulados, permitindo flexibilidade no uso<\/span><\/p>\n<p class=\"cvGsUA direction-ltr align-start para-style-body\"><span class=\"OYPEnA font-feature-liga-off font-feature-clig-off font-feature-calt-off text-decoration-none text-strikethrough-none\">Acompanha pano (tecido) para privacidade durante atendimentos<\/span><\/p>\n<p class=\"cvGsUA direction-ltr align-start para-style-body\"><span class=\"OYPEnA font-feature-liga-off font-feature-clig-off font-feature-calt-off text-decoration-none text-strikethrough-none\">Ideal para uso em hospitais, cl\u00ednicas e consult\u00f3rios<\/span><\/p>\n<p class=\"cvGsUA direction-ltr align-start para-style-body\"><span class=\"OYPEnA font-feature-liga-off font-feature-clig-off font-feature-calt-off text-decoration-none text-strikethrough-none\">Leve, pr\u00e1tico e com excelente durabilidade<\/span><\/p>\n","protected":false},"excerpt":{"rendered":"Estrutura em a\u00e7o inoxid\u00e1vel, resistente e de f\u00e1cil higieniza\u00e7\u00e3o Composto por 02 corpos articulados, permitindo flexibilidade no uso&hellip;","protected":false},"featured_media":8219,"comment_status":"open","ping_status":"closed","template":"","meta":{"slim_seo":{"title":"Biombo 2 Corpos com Pano \u2013 Total Inox - Sthill M\u00f3veis - Hospitalaria RS","description":"Estrutura em a\u00e7o inoxid\u00e1vel, resistente e de f\u00e1cil higieniza\u00e7\u00e3o Composto por 02 corpos articulados, permitindo flexibilidade no uso Acompanha pano (tecido) para"}},"product_brand":[881],"product_cat":[37],"product_tag":[954,937,957,955,956],"class_list":{"0":"post-8222","1":"product","2":"type-product","3":"status-publish","4":"has-post-thumbnail","6":"product_brand-sthill-moveis","7":"product_cat-moveis-hospitalares","8":"product_tag-2-corpos-articulados","9":"product_tag-aco-inoxidavel","10":"product_tag-leve-e-duravel","11":"product_tag-pano-de-privacidade","12":"product_tag-uso-clinico","13":"mbf-entry","15":"first","16":"outofstock","17":"shipping-taxable","18":"product-type-simple"},"_links":{"self":[{"href":"https:\/\/hospitalariars.com.br\/index.php\/wp-json\/wp\/v2\/product\/8222","targetHints":{"allow":["GET"]}}],"collection":[{"href":"https:\/\/hospitalariars.com.br\/index.php\/wp-json\/wp\/v2\/product"}],"about":[{"href":"https:\/\/hospitalariars.com.br\/index.php\/wp-json\/wp\/v2\/types\/product"}],"replies":[{"embeddable":true,"href":"https:\/\/hospitalariars.com.br\/index.php\/wp-json\/wp\/v2\/comments?post=8222"}],"wp:featuredmedia":[{"embeddable":true,"href":"https:\/\/hospitalariars.com.br\/index.php\/wp-json\/wp\/v2\/media\/8219"}],"wp:attachment":[{"href":"https:\/\/hospitalariars.com.br\/index.php\/wp-json\/wp\/v2\/media?parent=8222"}],"wp:term":[{"taxonomy":"product_brand","embeddable":true,"href":"https:\/\/hospitalariars.com.br\/index.php\/wp-json\/wp\/v2\/product_brand?post=8222"},{"taxonomy":"product_cat","embeddable":true,"href":"https:\/\/hospitalariars.com.br\/index.php\/wp-json\/wp\/v2\/product_cat?post=8222"},{"taxonomy":"product_tag","embeddable":true,"href":"https:\/\/hospitalariars.com.br\/index.php\/wp-json\/wp\/v2\/product_tag?post=8222"}],"curies":[{"name":"wp","href":"https:\/\/api.w.org\/{rel}","templated":true}]}}