{"id":8223,"date":"2025-07-01T11:48:12","date_gmt":"2025-07-01T14:48:12","guid":{"rendered":"https:\/\/hospitalariars.com.br\/?post_type=product&#038;p=8223"},"modified":"2026-03-27T16:03:35","modified_gmt":"2026-03-27T19:03:35","slug":"hamper-inox-com-pano-050-x-080-m-sthill-moveis","status":"publish","type":"product","link":"https:\/\/hospitalariars.com.br\/index.php\/produto\/hamper-inox-com-pano-050-x-080-m-sthill-moveis\/","title":{"rendered":"Hamper Inox com Pano \u2013 0,50 x 0,80 m &#8211; Sthill M\u00f3veis"},"content":{"rendered":"<p class=\"cvGsUA direction-ltr align-start para-style-body\"><span class=\"OYPEnA font-feature-liga-off font-feature-clig-off font-feature-calt-off text-decoration-none text-strikethrough-none\">Estrutura em a\u00e7o inoxid\u00e1vel, garantindo resist\u00eancia e f\u00e1cil higieniza\u00e7\u00e3o<\/span><\/p>\n<p class=\"cvGsUA direction-ltr align-start para-style-body\"><span class=\"OYPEnA font-feature-liga-off font-feature-clig-off font-feature-calt-off text-decoration-none text-strikethrough-none\">Acompanha pano remov\u00edvel, ideal para transporte de roupas hospitalares<\/span><\/p>\n<p class=\"cvGsUA direction-ltr align-start para-style-body\"><span class=\"OYPEnA font-feature-liga-off font-feature-clig-off font-feature-calt-off text-decoration-none text-strikethrough-none\">Dimens\u00f5es: 0,50 m x 0,80 m<\/span><\/p>\n<p class=\"cvGsUA direction-ltr align-start para-style-body\"><span class=\"OYPEnA font-feature-liga-off font-feature-clig-off font-feature-calt-off text-decoration-none text-strikethrough-none\">Leve, funcional e adequado para ambientes hospitalares, lavanderias e cl\u00ednicas<\/span><\/p>\n<p class=\"cvGsUA direction-ltr align-start para-style-body\"><span class=\"OYPEnA font-feature-liga-off font-feature-clig-off font-feature-calt-off text-decoration-none text-strikethrough-none\">Suporte est\u00e1vel e dur\u00e1vel para uso di\u00e1rio<\/span><\/p>\n","protected":false},"excerpt":{"rendered":"Estrutura em a\u00e7o inoxid\u00e1vel, garantindo resist\u00eancia e f\u00e1cil higieniza\u00e7\u00e3o Acompanha pano remov\u00edvel, ideal para transporte de roupas hospitalares&hellip;","protected":false},"featured_media":8224,"comment_status":"open","ping_status":"closed","template":"","meta":{"slim_seo":{"title":"Hamper Inox com Pano \u2013 0,50 x 0,80 m - Sthill M\u00f3veis - Hospitalaria RS","description":"Estrutura em a\u00e7o inoxid\u00e1vel, garantindo resist\u00eancia e f\u00e1cil higieniza\u00e7\u00e3o Acompanha pano remov\u00edvel, ideal para transporte de roupas hospitalares Dimens\u00f5es: 0,50"}},"product_brand":[881],"product_cat":[37],"product_tag":[950,951,937,949,953,952],"class_list":{"0":"post-8223","1":"product","2":"type-product","3":"status-publish","4":"has-post-thumbnail","6":"product_brand-sthill-moveis","7":"product_cat-moveis-hospitalares","8":"product_tag-50x0","9":"product_tag-80-m","10":"product_tag-aco-inoxidavel","11":"product_tag-pano-removivel","12":"product_tag-suporte-para-lavanderia","13":"product_tag-uso-hospitalar-diario","14":"mbf-entry","16":"first","17":"outofstock","18":"shipping-taxable","19":"product-type-simple"},"_links":{"self":[{"href":"https:\/\/hospitalariars.com.br\/index.php\/wp-json\/wp\/v2\/product\/8223","targetHints":{"allow":["GET"]}}],"collection":[{"href":"https:\/\/hospitalariars.com.br\/index.php\/wp-json\/wp\/v2\/product"}],"about":[{"href":"https:\/\/hospitalariars.com.br\/index.php\/wp-json\/wp\/v2\/types\/product"}],"replies":[{"embeddable":true,"href":"https:\/\/hospitalariars.com.br\/index.php\/wp-json\/wp\/v2\/comments?post=8223"}],"wp:featuredmedia":[{"embeddable":true,"href":"https:\/\/hospitalariars.com.br\/index.php\/wp-json\/wp\/v2\/media\/8224"}],"wp:attachment":[{"href":"https:\/\/hospitalariars.com.br\/index.php\/wp-json\/wp\/v2\/media?parent=8223"}],"wp:term":[{"taxonomy":"product_brand","embeddable":true,"href":"https:\/\/hospitalariars.com.br\/index.php\/wp-json\/wp\/v2\/product_brand?post=8223"},{"taxonomy":"product_cat","embeddable":true,"href":"https:\/\/hospitalariars.com.br\/index.php\/wp-json\/wp\/v2\/product_cat?post=8223"},{"taxonomy":"product_tag","embeddable":true,"href":"https:\/\/hospitalariars.com.br\/index.php\/wp-json\/wp\/v2\/product_tag?post=8223"}],"curies":[{"name":"wp","href":"https:\/\/api.w.org\/{rel}","templated":true}]}}