{"id":8225,"date":"2025-07-01T11:50:15","date_gmt":"2025-07-01T14:50:15","guid":{"rendered":"https:\/\/hospitalariars.com.br\/?post_type=product&#038;p=8225"},"modified":"2026-03-27T16:03:35","modified_gmt":"2026-03-27T19:03:35","slug":"maca-dobravel-de-lona-com-4-punhos-175-x-050-m-sthill-moveis","status":"publish","type":"product","link":"https:\/\/hospitalariars.com.br\/index.php\/produto\/maca-dobravel-de-lona-com-4-punhos-175-x-050-m-sthill-moveis\/","title":{"rendered":"Maca Dobr\u00e1vel de Lona com 4 Punhos \u2013 1,75 x 0,50 m &#8211; Sthill M\u00f3veis"},"content":{"rendered":"<p class=\"cvGsUA direction-ltr align-start para-style-body\"><span class=\"OYPEnA font-feature-liga-off font-feature-clig-off font-feature-calt-off text-decoration-none text-strikethrough-none\">Estrutura leve e resistente, ideal para transporte r\u00e1pido de pacientes<\/span><\/p>\n<p class=\"cvGsUA direction-ltr align-start para-style-body\"><span class=\"OYPEnA font-feature-liga-off font-feature-clig-off font-feature-calt-off text-decoration-none text-strikethrough-none\">Confeccionada em lona refor\u00e7ada, de f\u00e1cil limpeza e alta durabilidade<\/span><\/p>\n<p class=\"cvGsUA direction-ltr align-start para-style-body\"><span class=\"OYPEnA font-feature-liga-off font-feature-clig-off font-feature-calt-off text-decoration-none text-strikethrough-none\">Dobr\u00e1vel, facilitando o armazenamento e transporte<\/span><\/p>\n<p class=\"cvGsUA direction-ltr align-start para-style-body\"><span class=\"OYPEnA font-feature-liga-off font-feature-clig-off font-feature-calt-off text-decoration-none text-strikethrough-none\">Medidas: 1,75 m x 0,50 m<\/span><\/p>\n<p class=\"cvGsUA direction-ltr align-start para-style-body\"><span class=\"OYPEnA font-feature-liga-off font-feature-clig-off font-feature-calt-off text-decoration-none text-strikethrough-none\">Possui 04 punhos (2 de cada lado) para melhor seguran\u00e7a e apoio no manuseio<\/span><\/p>\n","protected":false},"excerpt":{"rendered":"Estrutura leve e resistente, ideal para transporte r\u00e1pido de pacientes Confeccionada em lona refor\u00e7ada, de f\u00e1cil limpeza e&hellip;","protected":false},"featured_media":8226,"comment_status":"open","ping_status":"closed","template":"","meta":{"slim_seo":{"title":"Maca Dobr\u00e1vel de Lona com 4 Punhos \u2013 1,75 x 0,50 m - Sthill M\u00f3veis - Hospitalaria RS","description":"Estrutura leve e resistente, ideal para transporte r\u00e1pido de pacientes Confeccionada em lona refor\u00e7ada, de f\u00e1cil limpeza e alta durabilidade Dobr\u00e1vel, facilitan"}},"product_brand":[881],"product_cat":[37],"product_tag":[961,964,963,962,960,958,959],"class_list":{"0":"post-8225","1":"product","2":"type-product","3":"status-publish","4":"has-post-thumbnail","6":"product_brand-sthill-moveis","7":"product_cat-moveis-hospitalares","8":"product_tag-961","9":"product_tag-4-punhos-para-transporte","10":"product_tag-50-m","11":"product_tag-75x0","12":"product_tag-dobravel","13":"product_tag-estrutura-leve","14":"product_tag-lona-reforcada","15":"mbf-entry","17":"first","18":"outofstock","19":"shipping-taxable","20":"product-type-simple"},"_links":{"self":[{"href":"https:\/\/hospitalariars.com.br\/index.php\/wp-json\/wp\/v2\/product\/8225","targetHints":{"allow":["GET"]}}],"collection":[{"href":"https:\/\/hospitalariars.com.br\/index.php\/wp-json\/wp\/v2\/product"}],"about":[{"href":"https:\/\/hospitalariars.com.br\/index.php\/wp-json\/wp\/v2\/types\/product"}],"replies":[{"embeddable":true,"href":"https:\/\/hospitalariars.com.br\/index.php\/wp-json\/wp\/v2\/comments?post=8225"}],"wp:featuredmedia":[{"embeddable":true,"href":"https:\/\/hospitalariars.com.br\/index.php\/wp-json\/wp\/v2\/media\/8226"}],"wp:attachment":[{"href":"https:\/\/hospitalariars.com.br\/index.php\/wp-json\/wp\/v2\/media?parent=8225"}],"wp:term":[{"taxonomy":"product_brand","embeddable":true,"href":"https:\/\/hospitalariars.com.br\/index.php\/wp-json\/wp\/v2\/product_brand?post=8225"},{"taxonomy":"product_cat","embeddable":true,"href":"https:\/\/hospitalariars.com.br\/index.php\/wp-json\/wp\/v2\/product_cat?post=8225"},{"taxonomy":"product_tag","embeddable":true,"href":"https:\/\/hospitalariars.com.br\/index.php\/wp-json\/wp\/v2\/product_tag?post=8225"}],"curies":[{"name":"wp","href":"https:\/\/api.w.org\/{rel}","templated":true}]}}