{"id":8247,"date":"2025-07-03T14:03:11","date_gmt":"2025-07-03T17:03:11","guid":{"rendered":"https:\/\/hospitalariars.com.br\/?post_type=product&#038;p=8247"},"modified":"2026-03-27T16:03:35","modified_gmt":"2026-03-27T19:03:35","slug":"cabo-para-placa-eletrocirurgica-dbi-med","status":"publish","type":"product","link":"https:\/\/hospitalariars.com.br\/index.php\/produto\/cabo-para-placa-eletrocirurgica-dbi-med\/","title":{"rendered":"Cabo para placa Eletrocir\u00fargica &#8211; Dbi Med"},"content":{"rendered":"<p>Cabo reutiliz\u00e1vel que conecta a placa Eletrocir\u00fargica<br \/>\naos equipamentos eletrocir\u00fargicos compat\u00edveis<br \/>\nexistentes no mercado.<\/p>\n","protected":false},"excerpt":{"rendered":"Cabo reutiliz\u00e1vel que conecta a placa Eletrocir\u00fargica aos equipamentos eletrocir\u00fargicos compat\u00edveis existentes no mercado.","protected":false},"featured_media":8248,"comment_status":"open","ping_status":"closed","template":"","meta":{"slim_seo":{"title":"Cabo para placa Eletrocir\u00fargica - Dbi Med - Hospitalaria RS","description":"Cabo reutiliz\u00e1vel que conecta a placa Eletrocir\u00fargica aos equipamentos eletrocir\u00fargicos compat\u00edveis existentes no mercado."}},"product_brand":[973],"product_cat":[975],"product_tag":[978,979,976,977,980],"class_list":{"0":"post-8247","1":"product","2":"type-product","3":"status-publish","4":"has-post-thumbnail","6":"product_brand-dbi-med","7":"product_cat-acessorios","8":"product_tag-acessorio-para-bisturi-eletrico","9":"product_tag-cabo-de-retorno-eletrocirurgico","10":"product_tag-cabo-para-placa-eletrocirurgica","11":"product_tag-cabo-reutilizavel","12":"product_tag-conector-para-placa-de-retorno","13":"mbf-entry","15":"first","16":"outofstock","17":"shipping-taxable","18":"product-type-variable"},"_links":{"self":[{"href":"https:\/\/hospitalariars.com.br\/index.php\/wp-json\/wp\/v2\/product\/8247","targetHints":{"allow":["GET"]}}],"collection":[{"href":"https:\/\/hospitalariars.com.br\/index.php\/wp-json\/wp\/v2\/product"}],"about":[{"href":"https:\/\/hospitalariars.com.br\/index.php\/wp-json\/wp\/v2\/types\/product"}],"replies":[{"embeddable":true,"href":"https:\/\/hospitalariars.com.br\/index.php\/wp-json\/wp\/v2\/comments?post=8247"}],"wp:featuredmedia":[{"embeddable":true,"href":"https:\/\/hospitalariars.com.br\/index.php\/wp-json\/wp\/v2\/media\/8248"}],"wp:attachment":[{"href":"https:\/\/hospitalariars.com.br\/index.php\/wp-json\/wp\/v2\/media?parent=8247"}],"wp:term":[{"taxonomy":"product_brand","embeddable":true,"href":"https:\/\/hospitalariars.com.br\/index.php\/wp-json\/wp\/v2\/product_brand?post=8247"},{"taxonomy":"product_cat","embeddable":true,"href":"https:\/\/hospitalariars.com.br\/index.php\/wp-json\/wp\/v2\/product_cat?post=8247"},{"taxonomy":"product_tag","embeddable":true,"href":"https:\/\/hospitalariars.com.br\/index.php\/wp-json\/wp\/v2\/product_tag?post=8247"}],"curies":[{"name":"wp","href":"https:\/\/api.w.org\/{rel}","templated":true}]}}