{"id":8255,"date":"2025-07-03T14:17:53","date_gmt":"2025-07-03T17:17:53","guid":{"rendered":"https:\/\/hospitalariars.com.br\/?post_type=product&#038;p=8255"},"modified":"2026-03-27T16:03:35","modified_gmt":"2026-03-27T19:03:35","slug":"caneta-eletrocirurgica-dbi-med","status":"publish","type":"product","link":"https:\/\/hospitalariars.com.br\/index.php\/produto\/caneta-eletrocirurgica-dbi-med\/","title":{"rendered":"Caneta Eletrocir\u00fargica &#8211; Dbi Med"},"content":{"rendered":"<p>\u00c9 o eletrodo ativo do circuito, por onde a corrente el\u00e9trica \u00e9 convertida para<br \/>\num efeito t\u00e9rmico (corte e coagula\u00e7\u00e3o) durante o procedimento cir\u00fargico;<br \/>\nDesign ergon\u00f4mico, com corpo de resina ABS (Acrilonitrila Butadieno<br \/>\nEstireno), termopl\u00e1stico resistente, leve e flex\u00edvel;<br \/>\nAcompanha eletrodo tipo faca em a\u00e7o inoxid\u00e1vel 304 com ou sem<br \/>\ncobertura de T\u00e9flon;<br \/>\nEletrodo sextavado para maior prote\u00e7\u00e3o contra tor\u00e7\u00e3o inadvertida;<br \/>\nCabo de 3 metros;<br \/>\nConector universal (3 pinos).<\/p>\n","protected":false},"excerpt":{"rendered":"\u00c9 o eletrodo ativo do circuito, por onde a corrente el\u00e9trica \u00e9 convertida para um efeito t\u00e9rmico (corte&hellip;","protected":false},"featured_media":8259,"comment_status":"open","ping_status":"closed","template":"","meta":{"slim_seo":{"title":"Caneta Eletrocir\u00fargica - Dbi Med - Hospitalaria RS","description":"\u00c9 o eletrodo ativo do circuito, por onde a corrente el\u00e9trica \u00e9 convertida para um efeito t\u00e9rmico (corte e coagula\u00e7\u00e3o) durante o procedimento cir\u00fargico; Design e"}},"product_brand":[973],"product_cat":[975],"product_tag":[978,984,983,981,982],"class_list":{"0":"post-8255","1":"product","2":"type-product","3":"status-publish","4":"has-post-thumbnail","6":"product_brand-dbi-med","7":"product_cat-acessorios","8":"product_tag-acessorio-para-bisturi-eletrico","9":"product_tag-caneta-com-conector-universal","10":"product_tag-caneta-de-corte-e-coagulacao","11":"product_tag-caneta-eletrocirurgica","12":"product_tag-eletrodo-ativo","13":"mbf-entry","15":"first","16":"outofstock","17":"shipping-taxable","18":"product-type-variable"},"_links":{"self":[{"href":"https:\/\/hospitalariars.com.br\/index.php\/wp-json\/wp\/v2\/product\/8255","targetHints":{"allow":["GET"]}}],"collection":[{"href":"https:\/\/hospitalariars.com.br\/index.php\/wp-json\/wp\/v2\/product"}],"about":[{"href":"https:\/\/hospitalariars.com.br\/index.php\/wp-json\/wp\/v2\/types\/product"}],"replies":[{"embeddable":true,"href":"https:\/\/hospitalariars.com.br\/index.php\/wp-json\/wp\/v2\/comments?post=8255"}],"wp:featuredmedia":[{"embeddable":true,"href":"https:\/\/hospitalariars.com.br\/index.php\/wp-json\/wp\/v2\/media\/8259"}],"wp:attachment":[{"href":"https:\/\/hospitalariars.com.br\/index.php\/wp-json\/wp\/v2\/media?parent=8255"}],"wp:term":[{"taxonomy":"product_brand","embeddable":true,"href":"https:\/\/hospitalariars.com.br\/index.php\/wp-json\/wp\/v2\/product_brand?post=8255"},{"taxonomy":"product_cat","embeddable":true,"href":"https:\/\/hospitalariars.com.br\/index.php\/wp-json\/wp\/v2\/product_cat?post=8255"},{"taxonomy":"product_tag","embeddable":true,"href":"https:\/\/hospitalariars.com.br\/index.php\/wp-json\/wp\/v2\/product_tag?post=8255"}],"curies":[{"name":"wp","href":"https:\/\/api.w.org\/{rel}","templated":true}]}}