{"id":8265,"date":"2025-07-03T14:39:26","date_gmt":"2025-07-03T17:39:26","guid":{"rendered":"https:\/\/hospitalariars.com.br\/?post_type=product&#038;p=8265"},"modified":"2026-03-27T16:03:35","modified_gmt":"2026-03-27T19:03:35","slug":"eletrodo-pas-para-desfibrilador","status":"publish","type":"product","link":"https:\/\/hospitalariars.com.br\/index.php\/produto\/eletrodo-pas-para-desfibrilador\/","title":{"rendered":"Eletrodo (p\u00e1s) para Desfibrilador"},"content":{"rendered":"<p>S\u00e3o usadas para monitorar o ritmo card\u00edaco e restabelecer o<br \/>\nbatimento normal em caso de arritmia ou em caso de parada<br \/>\ncardiorrespirat\u00f3ria.<br \/>\nS\u00e3o indicadas para desfibrila\u00e7\u00e3o externa, cardiovers\u00e3o e<br \/>\nmonitoriza\u00e7\u00e3o eletrocardiogr\u00e1fica<\/p>\n<p>&nbsp;<\/p>\n<p>Fabricados com Hidrogel condutor de alta qualidade, permitindo um melhor<br \/>\nacoplamento e efic\u00e1cia na desfibrila\u00e7\u00e3o;<br \/>\n\u00d3tima ader\u00eancia, permitindo liberdade aos operadores;<br \/>\nCompat\u00edvel com diferentes marcas de desfibriladores;<br \/>\nCabos com 2 metros de comprimento<\/p>\n","protected":false},"excerpt":{"rendered":"S\u00e3o usadas para monitorar o ritmo card\u00edaco e restabelecer o batimento normal em caso de arritmia ou em&hellip;","protected":false},"featured_media":8267,"comment_status":"open","ping_status":"closed","template":"","meta":{"slim_seo":{"title":"Eletrodo (p\u00e1s) para Desfibrilador - Hospitalaria RS","description":"S\u00e3o usadas para monitorar o ritmo card\u00edaco e restabelecer o batimento normal em caso de arritmia ou em caso de parada cardiorrespirat\u00f3ria. S\u00e3o indicadas para de"}},"product_brand":[973],"product_cat":[34],"product_tag":[993,994,991,992,990],"class_list":{"0":"post-8265","1":"product","2":"type-product","3":"status-publish","4":"has-post-thumbnail","6":"product_brand-dbi-med","7":"product_cat-equipamentos","8":"product_tag-cardioversao-e-monitorizacao","9":"product_tag-compativel-com-desfibriladores-externos","10":"product_tag-eletrodo-com-cabo-para-desfibrilador","11":"product_tag-eletrodo-com-hidrogel-condutor","12":"product_tag-eletrodo-de-desfibrilacao","13":"mbf-entry","15":"first","16":"outofstock","17":"shipping-taxable","18":"product-type-variable"},"_links":{"self":[{"href":"https:\/\/hospitalariars.com.br\/index.php\/wp-json\/wp\/v2\/product\/8265","targetHints":{"allow":["GET"]}}],"collection":[{"href":"https:\/\/hospitalariars.com.br\/index.php\/wp-json\/wp\/v2\/product"}],"about":[{"href":"https:\/\/hospitalariars.com.br\/index.php\/wp-json\/wp\/v2\/types\/product"}],"replies":[{"embeddable":true,"href":"https:\/\/hospitalariars.com.br\/index.php\/wp-json\/wp\/v2\/comments?post=8265"}],"wp:featuredmedia":[{"embeddable":true,"href":"https:\/\/hospitalariars.com.br\/index.php\/wp-json\/wp\/v2\/media\/8267"}],"wp:attachment":[{"href":"https:\/\/hospitalariars.com.br\/index.php\/wp-json\/wp\/v2\/media?parent=8265"}],"wp:term":[{"taxonomy":"product_brand","embeddable":true,"href":"https:\/\/hospitalariars.com.br\/index.php\/wp-json\/wp\/v2\/product_brand?post=8265"},{"taxonomy":"product_cat","embeddable":true,"href":"https:\/\/hospitalariars.com.br\/index.php\/wp-json\/wp\/v2\/product_cat?post=8265"},{"taxonomy":"product_tag","embeddable":true,"href":"https:\/\/hospitalariars.com.br\/index.php\/wp-json\/wp\/v2\/product_tag?post=8265"}],"curies":[{"name":"wp","href":"https:\/\/api.w.org\/{rel}","templated":true}]}}