{"id":8277,"date":"2025-07-03T14:43:06","date_gmt":"2025-07-03T17:43:06","guid":{"rendered":"https:\/\/hospitalariars.com.br\/?post_type=product&#038;p=8277"},"modified":"2026-03-27T16:03:35","modified_gmt":"2026-03-27T19:03:35","slug":"tricotomizador-cirurgico-dbi-med","status":"publish","type":"product","link":"https:\/\/hospitalariars.com.br\/index.php\/produto\/tricotomizador-cirurgico-dbi-med\/","title":{"rendered":"Tricotomizador Cir\u00fargico &#8211; Dbi Med"},"content":{"rendered":"<p>Evita a ocorr\u00eancia de microfissuras, reduzindo o risco de infec\u00e7\u00f5es;<br \/>\nCabe\u00e7a girat\u00f3ria em \u00e2ngulo de 45 graus;<br \/>\nBateria de l\u00edtio que garante at\u00e9 60 minutos de funcionamento;<br \/>\nResistente a \u00e1gua (IPX7), pass\u00edvel de imers\u00e3o.<br \/>\nFacilita a ades\u00e3o de curativos, campos cir\u00fargicos<br \/>\ne\/ou placas eletrocir\u00fargicas<\/p>\n","protected":false},"excerpt":{"rendered":"Evita a ocorr\u00eancia de microfissuras, reduzindo o risco de infec\u00e7\u00f5es; Cabe\u00e7a girat\u00f3ria em \u00e2ngulo de 45 graus; Bateria&hellip;","protected":false},"featured_media":8278,"comment_status":"open","ping_status":"closed","template":"","meta":{"slim_seo":{"title":"Tricotomizador Cir\u00fargico - Dbi Med - Hospitalaria RS","description":"Evita a ocorr\u00eancia de microfissuras, reduzindo o risco de infec\u00e7\u00f5es; Cabe\u00e7a girat\u00f3ria em \u00e2ngulo de 45 graus; Bateria de l\u00edtio que garante at\u00e9 60 minutos de func"}},"product_brand":[973],"product_cat":[975],"product_tag":[996,998,997,995,999],"class_list":{"0":"post-8277","1":"product","2":"type-product","3":"status-publish","4":"has-post-thumbnail","6":"product_brand-dbi-med","7":"product_cat-acessorios","8":"product_tag-aparador-cirurgico-de-pelos","9":"product_tag-equipamento-ipx7-resistente-a-agua","10":"product_tag-preparo-de-pele-pre-cirurgico","11":"product_tag-tricotomizador-cirurgico","12":"product_tag-tricotomizador-com-bateria-de-litio","13":"mbf-entry","15":"first","16":"outofstock","17":"shipping-taxable","18":"product-type-simple"},"_links":{"self":[{"href":"https:\/\/hospitalariars.com.br\/index.php\/wp-json\/wp\/v2\/product\/8277","targetHints":{"allow":["GET"]}}],"collection":[{"href":"https:\/\/hospitalariars.com.br\/index.php\/wp-json\/wp\/v2\/product"}],"about":[{"href":"https:\/\/hospitalariars.com.br\/index.php\/wp-json\/wp\/v2\/types\/product"}],"replies":[{"embeddable":true,"href":"https:\/\/hospitalariars.com.br\/index.php\/wp-json\/wp\/v2\/comments?post=8277"}],"wp:featuredmedia":[{"embeddable":true,"href":"https:\/\/hospitalariars.com.br\/index.php\/wp-json\/wp\/v2\/media\/8278"}],"wp:attachment":[{"href":"https:\/\/hospitalariars.com.br\/index.php\/wp-json\/wp\/v2\/media?parent=8277"}],"wp:term":[{"taxonomy":"product_brand","embeddable":true,"href":"https:\/\/hospitalariars.com.br\/index.php\/wp-json\/wp\/v2\/product_brand?post=8277"},{"taxonomy":"product_cat","embeddable":true,"href":"https:\/\/hospitalariars.com.br\/index.php\/wp-json\/wp\/v2\/product_cat?post=8277"},{"taxonomy":"product_tag","embeddable":true,"href":"https:\/\/hospitalariars.com.br\/index.php\/wp-json\/wp\/v2\/product_tag?post=8277"}],"curies":[{"name":"wp","href":"https:\/\/api.w.org\/{rel}","templated":true}]}}